{"id":8384,"date":"2020-02-19T14:45:22","date_gmt":"2020-02-19T14:45:22","guid":{"rendered":"https:\/\/www.pintro.be\/fr\/?page_id=8384"},"modified":"2022-01-10T17:19:11","modified_gmt":"2022-01-10T15:19:11","slug":"machine-a-boulettes-mbf-50-c","status":"publish","type":"page","link":"https:\/\/www.pintro.be\/fr\/machines-a-boulettes\/machine-a-boulettes-mbf-50-c\/","title":{"rendered":"Machine \u00e0 boulettes MBF 50-C"},"content":{"rendered":"<div class=\"wpb-content-wrapper\"><p>[vc_row][vc_column][vc_tta_tabs][vc_tta_section i_icon_fontawesome=&#8221;fa fa-star-o&#8221; add_icon=&#8221;true&#8221; title=&#8221;MBF 50-C&#8221; tab_id=&#8221;1582123288888-f79378a9-d85d&#8221;][vc_row_inner][vc_column_inner width=&#8221;1\/2&#8243;][vc_single_image image=&#8221;10073&#8243; img_size=&#8221;full&#8221; css=&#8221;.vc_custom_1603966475057{margin-top: -20px !important;}&#8221;][\/vc_column_inner][vc_column_inner width=&#8221;1\/2&#8243; css=&#8221;.vc_custom_1582182895770{padding-top: 50px !important;}&#8221;]<header class=\"kd-section-title col-lg-12 text-left    \" ><h2 class=\"separator_off\" >Machine \u00e0 boulettes MBF 50-C<\/h2><h6 class=\"subtitle \" >La machine \u00e0 boulettes PINTRO est l\u2019appareil id\u00e9al pour une production d\u2019un grand nombre de boulettes de tailles et poids diff\u00e9rents. Vous avez le choix entre des calibres pour boulettes \u00e0 potage, mais aussi pour des moyennes et grandes boulettes pour amuses ou fondues. L\u2019appareil est construit suivant les normes CE et la directive DIN EN 349. Il est en majorit\u00e9 compos\u00e9 de Poly\u00e9thers et d\u2019acier inoxydable.<\/h6><\/header>[vc_column_text]<\/p>\n<ul>\n<li>Grande capacit\u00e9<\/li>\n<li>Poids r\u00e9guliers<\/li>\n<li>Aspect artisanal<\/li>\n<li>Poids multiples<\/li>\n<li>Hygi\u00e9nique<\/li>\n<li>Compatible avec la majorit\u00e9 de bourreuses \/ poussoirs \u00e0 saucisses \u00e0 piston ou sous vide.<\/li>\n<\/ul>\n<p>[\/vc_column_text][vc_empty_space height=&#8221;15px&#8221;]<a  href=\"#\"  target=\"_self\"  title=\"\" class=\"tt_button tt_primary_button btn_primary_color  pull-left button-action-link   popmake-10182\" ><span class=\"prim_text\">Demandez une d\u00e9monstration<\/span><\/a>[vc_empty_space height=&#8221;15px&#8221;]<a  href=\"#\"  target=\"_self\"  title=\"\" class=\"tt_button tt_primary_button btn_primary_color  pull-left button-action-link   panel-trigger-btn\" ><span class=\"prim_text\">Demandez un prix indicatif<\/span><\/a>[\/vc_column_inner][\/vc_row_inner][\/vc_tta_section][vc_tta_section i_icon_fontawesome=&#8221;fa fa-list&#8221; add_icon=&#8221;true&#8221; title=&#8221;Caracter\u00e9stiques&#8221; tab_id=&#8221;1582123288902-38b54fbf-6ff5&#8243;][vc_row_inner][vc_column_inner width=&#8221;1\/2&#8243; css=&#8221;.vc_custom_1582183577676{padding-top: 20px !important;}&#8221;]<header class=\"kd-section-title col-lg-12 text-left    \" ><h2 class=\"separator_off\" >Caract\u00e9ristiques<\/h2><\/header>[vc_column_text]<\/p>\n<ul>\n<li><strong>Recommand\u00e9 pour:<\/strong> entreprises moyennes et l&#8217;industrie alimentaire<\/li>\n<li><strong>Poids des boulettes:<\/strong>\u00a02gr \u00e0 45gr<\/li>\n<li><strong>Capacit\u00e9 (en fonction de la taille de la boulette):<\/strong>\n<ul>\n<li>200 \u2013 650kg\/h (en fonction de la taille de la boulette)<\/li>\n<li>270 \u2013 800 portions \/ minute<\/li>\n<\/ul>\n<\/li>\n<li><strong>Adapt\u00e9 au contact alimentaire:<\/strong>\u00a0principalement INOX 304 et HDPE1000<\/li>\n<li><strong>S\u00e9curit\u00e9:<\/strong> Cette installation robuste est construite suivant les normes CE et selon la rigoureuse directive DIN EN 349 (S\u00e9curit\u00e9 des machines &#8211; \u00c9cartements minimaux pour pr\u00e9venir les risques d&#8217;\u00e9crasement de parties du corps humain).<\/li>\n<li><strong>Nettoyage:<\/strong> L\u2019\u00e9tanch\u00e9it\u00e9 de la machine est de IP67. La plupart des composantes amovibles r\u00e9sistent au lavage automatique. En dehors du nettoyage cette machine ne n\u00e9cessite aucun entretien sp\u00e9cifique. Le convoyeur s\u2019enl\u00e8ve ais\u00e9ment.<\/li>\n<li><strong>Caract\u00e9ristiques Techniques:<\/strong>\n<ul>\n<li>Voltage: ~110 &#8211; 230 &#8211; 400V<\/li>\n<li>Fr\u00e9quence: 50Hz<\/li>\n<\/ul>\n<\/li>\n<li><strong>Protection surchauffe:<\/strong>\u00a0Fusible thermique 1A<\/li>\n<\/ul>\n<p>[\/vc_column_text][vc_empty_space height=&#8221;55px&#8221;]<a  href=\"#\"  target=\"_self\"  title=\"\" class=\"tt_button tt_primary_button btn_primary_color  button-center button-action-link   panel-trigger-btn\" ><span class=\"prim_text\">Demandez un prix indicatif<\/span><\/a>[\/vc_column_inner][vc_column_inner width=&#8221;1\/2&#8243;][vc_single_image image=&#8221;10073&#8243; img_size=&#8221;full&#8221; css=&#8221;.vc_custom_1610099214346{margin-top: -50px !important;}&#8221;][vc_empty_space height=&#8221;10px&#8221;]<a  href=\"#\"  target=\"_self\"  title=\"\" class=\"tt_button tt_primary_button btn_primary_color  button-center button-action-link   popmake-10182\" ><span class=\"prim_text\">Demandez une d\u00e9monstration<\/span><\/a>[\/vc_column_inner][\/vc_row_inner][\/vc_tta_section][vc_tta_section i_icon_fontawesome=&#8221;fa fa-user&#8221; add_icon=&#8221;true&#8221; title=&#8221;Fonctionnement &amp; vid\u00e9os&#8221; tab_id=&#8221;1582123312455-7d4b48fe-76f3&#8243;][vc_row_inner css=&#8221;.vc_custom_1582184777574{padding-top: 20px !important;}&#8221;][vc_column_inner width=&#8221;1\/6&#8243;][\/vc_column_inner][vc_column_inner width=&#8221;2\/3&#8243;]<header class=\"kd-section-title col-lg-12 text-center    \" ><h2 class=\"separator_off\" >Rapidit\u00e9, facilit\u00e9 et s\u00e9curit\u00e9 du travail<\/h2><\/header>[vc_column_text]<\/p>\n<h5 style=\"text-align: center;\"><span style=\"color: #999999;\">La bride qui accompagne la machine permet de la brancher sur quasi chaque type de bourreuse \/ poussoir \u00e0 saucisses \u00e0 piston ou sous vide. <\/span><span style=\"color: #999999;\">Vous ne disposez pas encore de bourreuse \/ poussoir ? <span style=\"text-decoration: underline;\"><a style=\"color: #999999; text-decoration: underline;\" href=\"https:\/\/www.pintro.be\/fr\/contact\/\">Contactez-nous<\/a><\/span> sans obligation.<\/span><\/h5>\n<p>[\/vc_column_text][\/vc_column_inner][vc_column_inner width=&#8221;1\/6&#8243;][\/vc_column_inner][\/vc_row_inner][vc_empty_space][vc_row_inner css=&#8221;.vc_custom_1582187071624{padding-top: 20px !important;}&#8221;][vc_column_inner width=&#8221;1\/2&#8243;]<header class=\"kd-section-title col-lg-12 text-center    \" ><h2 class=\"separator_off\" >Fonctionnement<\/h2><\/header>[vc_video link=&#8221;https:\/\/www.youtube.com\/watch?v=zFmEqb0Ls8k&#8221;][\/vc_column_inner][vc_column_inner width=&#8221;1\/2&#8243;]<header class=\"kd-section-title col-lg-12 text-center    \" ><h2 class=\"separator_off\" >Montage<\/h2><\/header>[vc_video link=&#8221;https:\/\/youtu.be\/m-7LQgU02yQ&#8221;][\/vc_column_inner][\/vc_row_inner][\/vc_tta_section][vc_tta_section i_icon_fontawesome=&#8221;fa fa-circle-thin&#8221; add_icon=&#8221;true&#8221; title=&#8221;Le produit fini&#8221; tab_id=&#8221;1582123408094-160bd039-a962&#8243;][vc_row_inner css=&#8221;.vc_custom_1582185153232{padding-top: 20px !important;}&#8221;][vc_column_inner width=&#8221;1\/2&#8243;][vc_images_carousel images=&#8221;8419,8414,8417,8418,8416,8415,8413,8420&#8243; img_size=&#8221;full&#8221;][\/vc_column_inner][vc_column_inner width=&#8221;1\/2&#8243;]<header class=\"kd-section-title col-lg-12 text-left    \" ><h2 class=\"separator_off\" >Le produit fini<\/h2><h6 class=\"subtitle \" >La machine \u00e0 boulettes assure une production de belles boulettes bien rondes et \u00e9gales avec un poids et aspect artisanal.<\/h6><\/header>[vc_column_text]<\/p>\n<ul>\n<li><b><strong>Applications: <\/strong><\/b>Viande, volaille, poisson, &#8230;<\/li>\n<\/ul>\n<p>[\/vc_column_text][vc_empty_space height=&#8221;60px&#8221;]<a  href=\"#\"  target=\"_self\"  title=\"\" class=\"tt_button tt_primary_button btn_primary_color  pull-left button-action-link   popmake-10182\" ><span class=\"prim_text\">Demandez une d\u00e9monstration<\/span><\/a>[vc_empty_space height=&#8221;30px&#8221;]<a  href=\"#\"  target=\"_self\"  title=\"\" class=\"tt_button tt_primary_button btn_primary_color  pull-left button-action-link   panel-trigger-btn\" ><span class=\"prim_text\">Demandez un prix indicatif<\/span><\/a>[\/vc_column_inner][\/vc_row_inner][\/vc_tta_section][vc_tta_section i_icon_fontawesome=&#8221;fa fa-plus&#8221; add_icon=&#8221;true&#8221; title=&#8221;Accessoires&#8221; tab_id=&#8221;1598945855157-8b20ef84-4b99&#8243;][vc_row_inner css=&#8221;.vc_custom_1598946002026{margin-top: 50px !important;}&#8221;][vc_column_inner]<div class=\"features-tabs kd-tabswrapper-2599569e897031b665 tabs-image-left tab-img-contained\" >\r\n\t\t\t\t<div id=\"kd-extab-1385269e897031bca7\">\r\n\t\t\t\t<div class=\"tab-image-container\"><img loading=\"lazy\" decoding=\"async\" width=\"1030\" height=\"687\" src=\"https:\/\/www.pintro.be\/fr\/wp-content\/uploads\/sites\/3\/2020\/03\/MBF-50-C-sproeisysteem.jpg\" class=\"attachment-full\" alt=\"MBF 50-C sproeisysteem\" title=\"MBF 50-C sproeisysteem\" srcset=\"https:\/\/www.pintro.be\/fr\/wp-content\/uploads\/sites\/3\/2020\/03\/MBF-50-C-sproeisysteem.jpg 1030w, https:\/\/www.pintro.be\/fr\/wp-content\/uploads\/sites\/3\/2020\/03\/MBF-50-C-sproeisysteem-300x200.jpg 300w, https:\/\/www.pintro.be\/fr\/wp-content\/uploads\/sites\/3\/2020\/03\/MBF-50-C-sproeisysteem-1024x683.jpg 1024w, https:\/\/www.pintro.be\/fr\/wp-content\/uploads\/sites\/3\/2020\/03\/MBF-50-C-sproeisysteem-768x512.jpg 768w\" sizes=\"auto, (max-width: 1030px) 100vw, 1030px\" \/><\/div>\r\n\t\t\t\t<div class=\"tab-text-container\">\r\n\t\t\t\t\t<h2 class=\"tab-title\">Syst\u00e8me de pulv\u00e9risation<\/h2><p class=\"tab-content\">Cette option pulv\u00e9rise de l\u2019eau sur le convoyeur. Solution id\u00e9ale pour des masses visqueuses.<\/p><\/div>\r\n\t\t\t\t<\/div>\r\n\t\t\t\t<li class=\"tab-control-item\">\r\n\t\t\t\t\t<a href=\"#kd-extab-1385269e897031bca7\"> Syst\u00e8me de pulv\u00e9risation<\/a>\r\n\t\t\t\t<\/li>\r\n\t\t\t\t<ul class=\"tab-controls\"><\/ul>\r\n\t\t\t<\/div><script type=\"text\/javascript\">\r\n\t\t\t\tjQuery(document).ready(function($){\r\n\t\t\t\t\t$(\".features-tabs.kd-tabswrapper-2599569e897031b665\").each( function () {\r\n\t\t\t\t\t\t$( \"li.tab-control-item\" , this ).appendTo( $( \".tab-controls\" , this ) );\r\n\t\t\t\t\t});\r\n\t\t\t\t});<\/script>[\/vc_column_inner][\/vc_row_inner][\/vc_tta_section][\/vc_tta_tabs][\/vc_column][\/vc_row][vc_row][vc_column][vc_column_text]<\/p>\n<p>[\/vc_column_text][\/vc_column][\/vc_row][vc_row full_width=&#8221;stretch_row&#8221; kd_image_overlay_color=&#8221;#ffffff&#8221; kd_image_overlay=&#8221;true&#8221; css=&#8221;.vc_custom_1582712551512{padding-top: 100px !important;padding-bottom: 100px !important;background-color: #ffffff !important;background-position: center !important;background-repeat: no-repeat !important;background-size: cover !important;}&#8221;][vc_column css=&#8221;.vc_custom_1582712518718{background-color: #ffffff !important;}&#8221;][vc_custom_heading text=&#8221;Utilisez une panoplie de calibres&#8221; use_theme_fonts=&#8221;yes&#8221;]<div class=\"features-tabs kd-tabswrapper-7306869e897031bcc0 tabs-image-left tab-img-contained\" >\r\n\t\t\t\t<div id=\"kd-extab-5785569e897031c21d\">\r\n\t\t\t\t<div class=\"tab-image-container\"><img loading=\"lazy\" decoding=\"async\" width=\"1030\" height=\"687\" src=\"https:\/\/www.pintro.be\/fr\/wp-content\/uploads\/sites\/3\/2020\/01\/Caliber-diameter-18mm-1.jpg\" class=\"attachment-full\" alt=\"Pintro gehaktbalvormer caliber diameter-18mm (1)\" title=\"Pintro gehaktbalvormer caliber diameter-18mm (1)\" srcset=\"https:\/\/www.pintro.be\/fr\/wp-content\/uploads\/sites\/3\/2020\/01\/Caliber-diameter-18mm-1.jpg 1030w, https:\/\/www.pintro.be\/fr\/wp-content\/uploads\/sites\/3\/2020\/01\/Caliber-diameter-18mm-1-300x200.jpg 300w, https:\/\/www.pintro.be\/fr\/wp-content\/uploads\/sites\/3\/2020\/01\/Caliber-diameter-18mm-1-1024x683.jpg 1024w, https:\/\/www.pintro.be\/fr\/wp-content\/uploads\/sites\/3\/2020\/01\/Caliber-diameter-18mm-1-768x512.jpg 768w, https:\/\/www.pintro.be\/fr\/wp-content\/uploads\/sites\/3\/2020\/01\/Caliber-diameter-18mm-1-800x534.jpg 800w\" sizes=\"auto, (max-width: 1030px) 100vw, 1030px\" \/><\/div>\r\n\t\t\t\t<div class=\"tab-text-container\">\r\n\t\t\t\t\t<h2 class=\"tab-title\">\u00d818mm<\/h2><p class=\"tab-content\">Avec le calibre \u00d818mm vous produisez des boulettes de <strong>\u00b14gr<\/strong> \u00e0 une cadence totale de <strong>\u00b1195kg\/h<\/strong>.<\/p><\/div>\r\n\t\t\t\t<\/div>\r\n\t\t\t\t<li class=\"tab-control-item\">\r\n\t\t\t\t\t<a href=\"#kd-extab-5785569e897031c21d\"> \u00d818mm<\/a>\r\n\t\t\t\t<\/li><div id=\"kd-extab-9648869e897031c439\">\r\n\t\t\t\t<div class=\"tab-image-container\"><img loading=\"lazy\" decoding=\"async\" width=\"1030\" height=\"687\" src=\"https:\/\/www.pintro.be\/fr\/wp-content\/uploads\/sites\/3\/2020\/01\/Caliber-diameter-25mm.jpg\" class=\"attachment-full\" alt=\"\" title=\"Caliber-diameter-25mm\" srcset=\"https:\/\/www.pintro.be\/fr\/wp-content\/uploads\/sites\/3\/2020\/01\/Caliber-diameter-25mm.jpg 1030w, https:\/\/www.pintro.be\/fr\/wp-content\/uploads\/sites\/3\/2020\/01\/Caliber-diameter-25mm-300x200.jpg 300w, https:\/\/www.pintro.be\/fr\/wp-content\/uploads\/sites\/3\/2020\/01\/Caliber-diameter-25mm-1024x683.jpg 1024w, https:\/\/www.pintro.be\/fr\/wp-content\/uploads\/sites\/3\/2020\/01\/Caliber-diameter-25mm-768x512.jpg 768w, https:\/\/www.pintro.be\/fr\/wp-content\/uploads\/sites\/3\/2020\/01\/Caliber-diameter-25mm-800x534.jpg 800w\" sizes=\"auto, (max-width: 1030px) 100vw, 1030px\" \/><\/div>\r\n\t\t\t\t<div class=\"tab-text-container\">\r\n\t\t\t\t\t<h2 class=\"tab-title\">\u00d825mm<\/h2><p class=\"tab-content\">Avec le calibre \u00d825mm vous produisez des boulettes de <strong>\u00b112gr<\/strong> \u00e0 une cadence totale de<strong> \u00b1250kg\/h<\/strong>.<\/p><\/div>\r\n\t\t\t\t<\/div>\r\n\t\t\t\t<li class=\"tab-control-item\">\r\n\t\t\t\t\t<a href=\"#kd-extab-9648869e897031c439\"> \u00d825mm<\/a>\r\n\t\t\t\t<\/li><div id=\"kd-extab-3529669e897031c65d\">\r\n\t\t\t\t<div class=\"tab-image-container\"><img loading=\"lazy\" decoding=\"async\" width=\"1030\" height=\"687\" src=\"https:\/\/www.pintro.be\/fr\/wp-content\/uploads\/sites\/3\/2020\/01\/Caliber-diameter-25mm-1.jpg\" class=\"attachment-full\" alt=\"\" title=\"Caliber-diameter-25mm (1)\" srcset=\"https:\/\/www.pintro.be\/fr\/wp-content\/uploads\/sites\/3\/2020\/01\/Caliber-diameter-25mm-1.jpg 1030w, https:\/\/www.pintro.be\/fr\/wp-content\/uploads\/sites\/3\/2020\/01\/Caliber-diameter-25mm-1-300x200.jpg 300w, https:\/\/www.pintro.be\/fr\/wp-content\/uploads\/sites\/3\/2020\/01\/Caliber-diameter-25mm-1-1024x683.jpg 1024w, https:\/\/www.pintro.be\/fr\/wp-content\/uploads\/sites\/3\/2020\/01\/Caliber-diameter-25mm-1-768x512.jpg 768w, https:\/\/www.pintro.be\/fr\/wp-content\/uploads\/sites\/3\/2020\/01\/Caliber-diameter-25mm-1-800x534.jpg 800w\" sizes=\"auto, (max-width: 1030px) 100vw, 1030px\" \/><\/div>\r\n\t\t\t\t<div class=\"tab-text-container\">\r\n\t\t\t\t\t<h2 class=\"tab-title\">\u00d830mm<\/h2><p class=\"tab-content\">Avec le calibre \u00d830mm vous produisez des boulettes de <strong>\u00b120gr<\/strong> \u00e0 une cadence totale de <strong>\u00b1320kg\/h<\/strong>.<\/p><\/div>\r\n\t\t\t\t<\/div>\r\n\t\t\t\t<li class=\"tab-control-item\">\r\n\t\t\t\t\t<a href=\"#kd-extab-3529669e897031c65d\"> \u00d830mm<\/a>\r\n\t\t\t\t<\/li><div id=\"kd-extab-8824169e897031c878\">\r\n\t\t\t\t<div class=\"tab-image-container\"><img loading=\"lazy\" decoding=\"async\" width=\"1030\" height=\"687\" src=\"https:\/\/www.pintro.be\/fr\/wp-content\/uploads\/sites\/3\/2020\/01\/Caliber-diameter-37mm.jpg\" class=\"attachment-full\" alt=\"\" title=\"Caliber-diameter-37mm\" srcset=\"https:\/\/www.pintro.be\/fr\/wp-content\/uploads\/sites\/3\/2020\/01\/Caliber-diameter-37mm.jpg 1030w, https:\/\/www.pintro.be\/fr\/wp-content\/uploads\/sites\/3\/2020\/01\/Caliber-diameter-37mm-300x200.jpg 300w, https:\/\/www.pintro.be\/fr\/wp-content\/uploads\/sites\/3\/2020\/01\/Caliber-diameter-37mm-1024x683.jpg 1024w, https:\/\/www.pintro.be\/fr\/wp-content\/uploads\/sites\/3\/2020\/01\/Caliber-diameter-37mm-768x512.jpg 768w, https:\/\/www.pintro.be\/fr\/wp-content\/uploads\/sites\/3\/2020\/01\/Caliber-diameter-37mm-800x534.jpg 800w\" sizes=\"auto, (max-width: 1030px) 100vw, 1030px\" \/><\/div>\r\n\t\t\t\t<div class=\"tab-text-container\">\r\n\t\t\t\t\t<h2 class=\"tab-title\">\u00d837mm<\/h2><p class=\"tab-content\">Avec le calibre \u00d837mm vous produisez des boulettes de <strong>\u00b130gr<\/strong> \u00e0 une cadence totale de <strong>\u00b1480kg\/h<\/strong>.<\/p><\/div>\r\n\t\t\t\t<\/div>\r\n\t\t\t\t<li class=\"tab-control-item\">\r\n\t\t\t\t\t<a href=\"#kd-extab-8824169e897031c878\"> \u00d837mm<\/a>\r\n\t\t\t\t<\/li><div id=\"kd-extab-3906169e897031cba4\">\r\n\t\t\t\t<div class=\"tab-image-container\"><img loading=\"lazy\" decoding=\"async\" width=\"1030\" height=\"687\" src=\"https:\/\/www.pintro.be\/fr\/wp-content\/uploads\/sites\/3\/2020\/01\/Caliber-diameter-42mm.jpg\" class=\"attachment-full\" alt=\"\" title=\"Caliber-diameter-42mm\" srcset=\"https:\/\/www.pintro.be\/fr\/wp-content\/uploads\/sites\/3\/2020\/01\/Caliber-diameter-42mm.jpg 1030w, https:\/\/www.pintro.be\/fr\/wp-content\/uploads\/sites\/3\/2020\/01\/Caliber-diameter-42mm-300x200.jpg 300w, https:\/\/www.pintro.be\/fr\/wp-content\/uploads\/sites\/3\/2020\/01\/Caliber-diameter-42mm-1024x683.jpg 1024w, https:\/\/www.pintro.be\/fr\/wp-content\/uploads\/sites\/3\/2020\/01\/Caliber-diameter-42mm-768x512.jpg 768w, https:\/\/www.pintro.be\/fr\/wp-content\/uploads\/sites\/3\/2020\/01\/Caliber-diameter-42mm-800x534.jpg 800w\" sizes=\"auto, (max-width: 1030px) 100vw, 1030px\" \/><\/div>\r\n\t\t\t\t<div class=\"tab-text-container\">\r\n\t\t\t\t\t<h2 class=\"tab-title\">\u00d842mm<\/h2><p class=\"tab-content\">Avec le calibre \u00d842mm vous produisez des boulettes de \u00b1<strong>40gr<\/strong> \u00e0 une cadence totale de \u00b1<strong>650kg\/h<\/strong>.<\/p><\/div>\r\n\t\t\t\t<\/div>\r\n\t\t\t\t<li class=\"tab-control-item\">\r\n\t\t\t\t\t<a href=\"#kd-extab-3906169e897031cba4\"> \u00d842mm<\/a>\r\n\t\t\t\t<\/li>\r\n\t\t\t\t<ul class=\"tab-controls\"><\/ul>\r\n\t\t\t<\/div><script type=\"text\/javascript\">\r\n\t\t\t\tjQuery(document).ready(function($){\r\n\t\t\t\t\t$(\".features-tabs.kd-tabswrapper-7306869e897031bcc0\").each( function () {\r\n\t\t\t\t\t\t$( \"li.tab-control-item\" , this ).appendTo( $( \".tab-controls\" , this ) );\r\n\t\t\t\t\t});\r\n\t\t\t\t});<\/script>[\/vc_column][\/vc_row][vc_row][vc_column][vc_row_inner][vc_column_inner][vc_column_text css=&#8221;.vc_custom_1583933325526{padding-bottom: 30px !important;}&#8221;]<\/p>\n<h4 style=\"text-align: center;\">Decouvrez aussi notre autre machine \u00e0 boulettes, la <a href=\"https:\/\/www.pintro.be\/fr\/machines-a-boulettes\/machine-a-boulettes-mbf-50\/\">MBF 50<\/a><\/h4>\n<p>[\/vc_column_text][\/vc_column_inner][\/vc_row_inner][\/vc_column][\/vc_row][vc_row full_width=&#8221;stretch_row&#8221; css=&#8221;.vc_custom_1582710057120{background-color: #f5f5f5 !important;}&#8221;][vc_column css=&#8221;.vc_custom_1516094926734{padding-right: 0px !important;padding-left: 0px !important;}&#8221;][vc_row_inner css=&#8221;.vc_custom_1511348683940{padding-top: 100px !important;padding-bottom: 100px !important;}&#8221;][vc_column_inner width=&#8221;1\/2&#8243; offset=&#8221;vc_col-lg-6 vc_col-md-12&#8243;][vc_custom_heading text=&#8221;Recevoir une brochure gratuite.&#8221; font_container=&#8221;tag:h3|text_align:left|line_height:50px&#8221; use_theme_fonts=&#8221;yes&#8221; css_animation=&#8221;fadeIn&#8221; css=&#8221;.vc_custom_1582902406062{margin-bottom: 0px !important;}&#8221;][\/vc_column_inner][vc_column_inner width=&#8221;1\/2&#8243; offset=&#8221;vc_col-lg-6 vc_col-md-12&#8243;]<div class=\"kd-contact-form inline-cf white-input-bg\" >\n<div class=\"wpcf7 no-js\" id=\"wpcf7-f4151-o1\" lang=\"en-US\" dir=\"ltr\" data-wpcf7-id=\"4151\">\n<div class=\"screen-reader-response\"><p role=\"status\" aria-live=\"polite\" aria-atomic=\"true\"><\/p> <ul><\/ul><\/div>\n<form action=\"\/fr\/wp-json\/wp\/v2\/pages\/8384#wpcf7-f4151-o1\" method=\"post\" class=\"wpcf7-form init\" aria-label=\"Contact form\" novalidate=\"novalidate\" data-status=\"init\">\n<fieldset class=\"hidden-fields-container\"><input type=\"hidden\" name=\"_wpcf7\" value=\"4151\" \/><input type=\"hidden\" name=\"_wpcf7_version\" value=\"6.1.5\" \/><input type=\"hidden\" name=\"_wpcf7_locale\" value=\"en_US\" \/><input type=\"hidden\" name=\"_wpcf7_unit_tag\" value=\"wpcf7-f4151-o1\" \/><input type=\"hidden\" name=\"_wpcf7_container_post\" value=\"0\" \/><input type=\"hidden\" name=\"_wpcf7_posted_data_hash\" value=\"\" \/><input type=\"hidden\" name=\"_wpcf7_recaptcha_response\" value=\"\" \/>\n<\/fieldset>\n<input class=\"wpcf7-form-control wpcf7-hidden\" value=\"Entreprise\" type=\"hidden\" name=\"bedrijf\" \/>\n<input class=\"wpcf7-form-control wpcf7-hidden\" value=\"Madame, Monsieur\" type=\"hidden\" name=\"voornaam\" \/>\n<input class=\"wpcf7-form-control wpcf7-hidden\" value=\"Madame, Monsieur\" type=\"hidden\" name=\"achternaam\" \/>\n<input class=\"wpcf7-form-control wpcf7-hidden\" value=\"FRANCAIS\" type=\"hidden\" name=\"taal\" \/>\n<p><span class=\"wpcf7-form-control-wrap\" data-name=\"email-subscribe\"><input size=\"40\" maxlength=\"400\" class=\"wpcf7-form-control wpcf7-email wpcf7-validates-as-required wpcf7-text wpcf7-validates-as-email\" aria-required=\"true\" aria-invalid=\"false\" placeholder=\"Entrez votre adresse e-mail\" value=\"\" type=\"email\" name=\"email-subscribe\" \/><\/span><br \/>\n<input class=\"wpcf7-form-control wpcf7-submit has-spinner\" type=\"submit\" value=\"Recevoir la brochure\" \/>\n<\/p><input type='hidden' class='wpcf7-pum' value='{\"closepopup\":false,\"closedelay\":0,\"openpopup\":false,\"openpopup_id\":0}' \/><div class=\"wpcf7-response-output\" aria-hidden=\"true\"><\/div>\n<\/form>\n<\/div>\n<\/div>[\/vc_column_inner][\/vc_row_inner][\/vc_column][\/vc_row]<\/p>\n<\/div>","protected":false},"excerpt":{"rendered":"<p>[vc_row][vc_column][vc_tta_tabs][vc_tta_section i_icon_fontawesome=&#8221;fa fa-star-o&#8221; add_icon=&#8221;true&#8221; title=&#8221;MBF 50-C&#8221; tab_id=&#8221;1582123288888-f79378a9-d85d&#8221;][vc_row_inner][vc_column_inner width=&#8221;1\/2&#8243;][vc_single_image image=&#8221;10073&#8243; img_size=&#8221;full&#8221; css=&#8221;.vc_custom_1603966475057{margin-top: -20px !important;}&#8221;][\/vc_column_inner][vc_column_inner width=&#8221;1\/2&#8243; css=&#8221;.vc_custom_1582182895770{padding-top: 50px !important;}&#8221;][vc_column_text] Grande capacit\u00e9 Poids [&hellip;]<\/p>\n","protected":false},"author":2,"featured_media":8388,"parent":63,"menu_order":0,"comment_status":"closed","ping_status":"closed","template":"","meta":{"inline_featured_image":false,"footnotes":""},"class_list":["post-8384","page","type-page","status-publish","has-post-thumbnail","hentry"],"_links":{"self":[{"href":"https:\/\/www.pintro.be\/fr\/wp-json\/wp\/v2\/pages\/8384","targetHints":{"allow":["GET"]}}],"collection":[{"href":"https:\/\/www.pintro.be\/fr\/wp-json\/wp\/v2\/pages"}],"about":[{"href":"https:\/\/www.pintro.be\/fr\/wp-json\/wp\/v2\/types\/page"}],"author":[{"embeddable":true,"href":"https:\/\/www.pintro.be\/fr\/wp-json\/wp\/v2\/users\/2"}],"replies":[{"embeddable":true,"href":"https:\/\/www.pintro.be\/fr\/wp-json\/wp\/v2\/comments?post=8384"}],"version-history":[{"count":79,"href":"https:\/\/www.pintro.be\/fr\/wp-json\/wp\/v2\/pages\/8384\/revisions"}],"predecessor-version":[{"id":10768,"href":"https:\/\/www.pintro.be\/fr\/wp-json\/wp\/v2\/pages\/8384\/revisions\/10768"}],"up":[{"embeddable":true,"href":"https:\/\/www.pintro.be\/fr\/wp-json\/wp\/v2\/pages\/63"}],"wp:featuredmedia":[{"embeddable":true,"href":"https:\/\/www.pintro.be\/fr\/wp-json\/wp\/v2\/media\/8388"}],"wp:attachment":[{"href":"https:\/\/www.pintro.be\/fr\/wp-json\/wp\/v2\/media?parent=8384"}],"curies":[{"name":"wp","href":"https:\/\/api.w.org\/{rel}","templated":true}]}}