{"id":63,"date":"2020-01-13T11:31:48","date_gmt":"2020-01-13T11:31:48","guid":{"rendered":"https:\/\/www.pintro.be\/fr\/?page_id=63"},"modified":"2020-11-23T17:25:33","modified_gmt":"2020-11-23T15:25:33","slug":"machines-a-boulettes","status":"publish","type":"page","link":"https:\/\/www.pintro.be\/fr\/machines-a-boulettes\/","title":{"rendered":"Machines \u00e0 boulettes"},"content":{"rendered":"<div class=\"wpb-content-wrapper\"><p>[vc_row full_width=&#8221;stretch_row&#8221; kd_image_overlay_color=&#8221;rgba(0,0,0,0.49)&#8221; kd_image_overlay=&#8221;true&#8221; css=&#8221;.vc_custom_1582804539419{background-image: url(https:\/\/www.pintro.be\/fr\/wp-content\/uploads\/sites\/3\/2020\/02\/MBF50.jpg?id=7671) !important;background-position: center !important;background-repeat: no-repeat !important;background-size: cover !important;}&#8221;][vc_column css=&#8221;.vc_custom_1513003956648{padding-top: 0px !important;}&#8221;]\n\t\t\t\t<p class=\"rs-p-wp-fix\"><\/p>\n\t\t\t\t<sr7-module data-alias=\"pintro-gehaktballenmachine-1\" data-id=\"12\" id=\"SR7_12_1\" class=\"rs-ov-hidden\" data-version=\"6.7.51\">\n\t\t\t\t\t<sr7-adjuster><\/sr7-adjuster>\n\t\t\t\t\t<sr7-content>\n\t\t\t\t\t\t<sr7-slide id=\"SR7_12_1-6\" data-key=\"6\">\n\t\t\t\t\t\t\t<h3 id=\"SR7_12_1-6-2\" class=\"sr7-layer\">PINTRO<br\/>\nMachines \u00e0 boulettes<\/h3>\n\t\t\t\t\t\t<\/sr7-slide>\n\t\t\t\t\t\t<sr7-slide id=\"SR7_12_1-24\" data-key=\"24\">\n\t\t\t\t\t\t<\/sr7-slide>\n\t\t\t\t\t<\/sr7-content>\n\t\t\t\t<\/sr7-module>\n\t\t\t\t<script>\n\t\t\t\t\twindow.SR7 ??={};SR7.PMH ??={}; SR7.PMH[\"SR7_12_1\"] = {cn:100,state:false,fn: function() { if (window._tpt!==undefined && window._tpt.prepareModuleHeight !== undefined) {  _tpt.prepareModuleHeight({id:\"SR7_12_1\",el:[600,600,600,600,400],type:'standard',shdw:'0',gh:[600,600,600,600,400],gw:[1240,1240,1240,1240,480],vpt:['-200px&#039;,&#039;-200px&#039;,&#039;-200px&#039;,&#039;-200px&#039;,&#039;-200px'],size:{fullWidth:true, fullHeight:false},mh:'0',onh:0,onw:0,bg:{color:'{\"type\":\"solid\",\"orig\":\"#1f1d24\",\"string\":\"rgba(31, 29, 36, 1)\"}'},plType:'-1',plColor:'#FFFFFF'});   SR7.PMH[\"SR7_12_1\"].state=true;} else if(SR7.PMH[\"SR7_12_1\"].cn-->0)\tsetTimeout( SR7.PMH[\"SR7_12_1\"].fn,19);}};SR7.PMH[\"SR7_12_1\" ].fn();\n\t\t\t\t<\/script>\n[\/vc_column][\/vc_row][vc_row full_width=&#8221;stretch_row&#8221; css=&#8221;.vc_custom_1582718553826{background-image: url(https:\/\/www.pintro.be\/fr\/wp-content\/uploads\/sites\/3\/2020\/01\/Belevingsachtergrond-VLQ.png?id=7571) !important;background-position: center !important;background-repeat: no-repeat !important;background-size: cover !important;}&#8221;][vc_column][vc_column_text css=&#8221;.vc_custom_1582708504334{padding-bottom: 10px !important;}&#8221;][\/vc_column_text][\/vc_column][\/vc_row][vc_row full_width=&#8221;stretch_row&#8221; parallax=&#8221;content-moving&#8221; parallax_image=&#8221;6535&#8243; css=&#8221;.vc_custom_1581088678539{padding-top: 50px !important;padding-bottom: 50px !important;background-position: 0 0;background-repeat: no-repeat !important;}&#8221;][vc_column width=&#8221;1\/4&#8243;][\/vc_column][vc_column width=&#8221;1\/2&#8243;]<header class=\"kd-section-title col-lg-12 text-center    \" ><h1 class=\"separator_off\" >D\u00e9couvrez nos machines \u00e0 boulettes<\/h1><h6 class=\"subtitle \" >La machine \u00e0 boulettes PINTRO est l\u2019appareil id\u00e9al pour la production d\u2019un grand nombre de boulettes de diff\u00e9rents calibres et poids. Ceci, tout en maintenant un aspect artisanal.<\/h6><\/header>[\/vc_column][vc_column width=&#8221;1\/4&#8243;][\/vc_column][\/vc_row][vc_row css=&#8221;.vc_custom_1582128593195{padding-bottom: 30px !important;background-color: #ffffff !important;}&#8221;][vc_column][vc_row_inner][vc_column_inner width=&#8221;1\/2&#8243;]\r\n                <div class=\"photobox-carousel pbc-parent white-navigation kd-pbc-69e3cdd10a002 nav-dots\">\r\n                    <div class=\"pbc-content\"><div class=\"kd-photobox  \" ><div class=\"photobox-img\"><a href=\"https:\/\/www.pintro.be\/fr\/machines-a-boulettes\/machine-a-boulettes-mbf-50\/\"  title=\"MBF 50\"><img loading=\"lazy\" decoding=\"async\" width=\"600\" height=\"440\" src=\"https:\/\/www.pintro.be\/fr\/wp-content\/uploads\/sites\/3\/2020\/02\/PINTRO-gehaktbal-vormer-MBF50-met-achtergrond-2.jpg\" class=\"attachment-full\" alt=\"PINTRO gehaktbal vormer MBF50 met achtergrond\" title=\"PINTRO gehaktbal vormer MBF50 met achtergrond\" srcset=\"https:\/\/www.pintro.be\/fr\/wp-content\/uploads\/sites\/3\/2020\/02\/PINTRO-gehaktbal-vormer-MBF50-met-achtergrond-2.jpg 600w, https:\/\/www.pintro.be\/fr\/wp-content\/uploads\/sites\/3\/2020\/02\/PINTRO-gehaktbal-vormer-MBF50-met-achtergrond-2-300x220.jpg 300w\" sizes=\"auto, (max-width: 600px) 100vw, 600px\" \/><\/a><\/div><div class=\"phb-content text-left \" >\r\n                <h5 >MBF 50<\/h5>\r\n                <p ><strong>Recommand\u00e9 pour:<\/strong> petites et moyennes entreprises<br \/>\n<strong>Poids des boulettes:<\/strong> 2gr \u00e0 45gr<br \/>\n<strong>Capacit\u00e9:<\/strong> jusqu'\u00e0 11kg \/ minute<br \/>\n<strong>Produit:<\/strong> artisanal et \u00e9gal<br \/>\n<strong>Applications:<\/strong> viande, poisson, volaille, v\u00e9g\u00e9tale\u2026<br \/>\n<strong>Dimensions:<\/strong> 50 x 16 x 35 cm<br \/>\n<strong>Poids de la machine:<\/strong> 15 kg<\/p><div class=\"phb-btncontainer\">\r\n                      <a href=\"https:\/\/www.pintro.be\/fr\/machines-a-boulettes\/machine-a-boulettes-mbf-50\/\"  title=\"MBF 50\" class=\"tt_button tt_primary_button btn_primary_color\">Voir la machine<\/a>\r\n                  <\/div><\/div><\/div><\/div>\r\n                <\/div><script type=\"text\/javascript\">\r\n          \t\t\t\tjQuery(document).ready(function($){\r\n                    if ($(\".photobox-carousel.kd-pbc-69e3cdd10a002 .pbc-content\").length) {\r\n                      $(\".photobox-carousel.kd-pbc-69e3cdd10a002 .pbc-content\").owlCarousel({\r\n                          stageClass: \"owl-wrapper\",\r\n                          stageOuterClass: \"owl-wrapper-outer\",\r\n                          loadedClass: \"owl-carousel\",\r\n                          responsive:{\r\n                              0:{\r\n                                  items:1,\r\n                                  dots: false,\r\n                                  nav: true,\r\n                                  navSpeed: 500,\r\n                              },\r\n                              768:{\r\n                                  items:2,\r\n                              },\r\n                              1199:{\r\n                                  items:1,\r\n                              },\r\n                              1366:{\r\n                                  items:1,\ndots: true,\r\n                                    dotsEach: true,\r\n                                    nav: false,\r\n                                    dotsSpeed: 500,}\r\n                          },\r\n                          rewind: true,\nautoplay: false,\nautoplayHoverPause: false,addClassActive: true,\r\n                      });\r\n                    }\r\n          \t\t\t\t});\r\n          \t\t\t<\/script>[\/vc_column_inner][vc_column_inner width=&#8221;1\/2&#8243;]\r\n                <div class=\"photobox-carousel pbc-parent black-navigation kd-pbc-69e3cdd10a6f0 nav-arrows\">\r\n                    <div class=\"pbc-content\"><div class=\"kd-photobox  \" ><div class=\"photobox-img\"><a href=\"https:\/\/www.pintro.be\/fr\/machines-a-boulettes\/machine-a-boulettes-mbf-50-c\/\"  title=\"MBF 50-C\"><img loading=\"lazy\" decoding=\"async\" width=\"600\" height=\"440\" src=\"https:\/\/www.pintro.be\/fr\/wp-content\/uploads\/sites\/3\/2020\/11\/MBF-50-C-inox-achtergrond-nieuw.jpg\" class=\"attachment-full\" alt=\"PINTRO MBF 50-C appareill \u00e0 boulettes\" title=\"PINTRO MBF 50-C appareill \u00e0 boulettes\" srcset=\"https:\/\/www.pintro.be\/fr\/wp-content\/uploads\/sites\/3\/2020\/11\/MBF-50-C-inox-achtergrond-nieuw.jpg 600w, https:\/\/www.pintro.be\/fr\/wp-content\/uploads\/sites\/3\/2020\/11\/MBF-50-C-inox-achtergrond-nieuw-300x220.jpg 300w\" sizes=\"auto, (max-width: 600px) 100vw, 600px\" \/><\/a><\/div><div class=\"phb-content text-left \" >\r\n                <h5 >MBF 50-C<\/h5>\r\n                <p ><strong>Recommand\u00e9 pour:<\/strong> entreprises moyennes et l'industrie alimentaire<br \/>\n<strong>Poids des boulettes:<\/strong> 2gr \u00e0 45gr<br \/>\n<strong>Capacit\u00e9:<\/strong> jusqu'\u00e0 11kg \/ minute<br \/>\n<strong>Produit:<\/strong> artisanal et \u00e9gal<br \/>\n<strong>Applications:<\/strong> viande, poisson, volaille, v\u00e9g\u00e9tale\u2026<br \/>\n<strong>Dimensions:<\/strong> 135 x 60 x 140 cm<br \/>\n<strong>Poids de la machine:<\/strong> 70 kg<\/p><div class=\"phb-btncontainer\">\r\n                      <a href=\"https:\/\/www.pintro.be\/fr\/machines-a-boulettes\/machine-a-boulettes-mbf-50-c\/\"  title=\"MBF 50-C\" class=\"tt_button tt_primary_button btn_primary_color\">Voir la machine<\/a>\r\n                  <\/div><\/div><\/div><\/div>\r\n                <\/div><script type=\"text\/javascript\">\r\n          \t\t\t\tjQuery(document).ready(function($){\r\n                    if ($(\".photobox-carousel.kd-pbc-69e3cdd10a6f0 .pbc-content\").length) {\r\n                      $(\".photobox-carousel.kd-pbc-69e3cdd10a6f0 .pbc-content\").owlCarousel({\r\n                          stageClass: \"owl-wrapper\",\r\n                          stageOuterClass: \"owl-wrapper-outer\",\r\n                          loadedClass: \"owl-carousel\",\r\n                          responsive:{\r\n                              0:{\r\n                                  items:1,\r\n                                  dots: false,\r\n                                  nav: true,\r\n                                  navSpeed: 500,\r\n                              },\r\n                              768:{\r\n                                  items:2,\r\n                              },\r\n                              1199:{\r\n                                  items:1,\r\n                              },\r\n                              1366:{\r\n                                  items:1,\nnav: true,\r\n                                    navSpeed: 500,\r\n                                    dots: false,}\r\n                          },\r\n                          rewind: true,\nautoplay: false,\nautoplayHoverPause: false,addClassActive: true,\r\n                      });\r\n                    }\r\n          \t\t\t\t});\r\n          \t\t\t<\/script>[\/vc_column_inner][\/vc_row_inner][\/vc_column][\/vc_row][vc_row full_width=&#8221;stretch_row&#8221; kd_image_overlay_color=&#8221;rgba(10,10,10,0.25)&#8221; kd_image_overlay=&#8221;true&#8221; css=&#8221;.vc_custom_1582182029269{padding-top: 50px !important;padding-bottom: 50px !important;background-image: url(https:\/\/www.pintro.be\/fr\/wp-content\/uploads\/sites\/3\/2020\/01\/Belevingsachtergrond-VLQ.png?id=7571) !important;background-position: center !important;background-repeat: no-repeat !important;background-size: cover !important;}&#8221;][vc_column][vc_row_inner][vc_column_inner css=&#8221;.vc_custom_1582182049964{padding-bottom: 30px !important;}&#8221;]<header class=\"kd-section-title col-lg-12 text-center    \" ><h2 class=\"separator_off\" style=\"color: #ffffff;\">DE NOMBREUX AVANTAGES<\/h2><h6 class=\"subtitle \" style=\"color: #ffffff;\">D\u00e9couvrez ici les avantages multiples de nos machines \u00e0 boulettes<\/h6><\/header>[\/vc_column_inner][\/vc_row_inner][vc_row_inner][vc_column_inner width=&#8221;1\/3&#8243;]<div class=\"key-icon-box icon-default icon-left cont-left ib-no-effect  kd-animated fadeInUp\" style=\"background-color: transparent;\" data-animation-delay=200><i class=\"iconsmind-Compass\" style=\" color: #ffffff;\"><\/i> <h6 class=\"service-heading\" style=\"color: #ffffff;\">Formats divers<\/h6><p style=\"color: #ffffff;\">Vous avez le choix entre des calibres pour<strong> boulettes \u00e0 potage<\/strong>, mais aussi pour des moyennes et grandes boulettes pour <strong>amuses ou fondues<\/strong>.<\/p><\/div>[vc_empty_space height=&#8221;35px&#8221;]<div class=\"key-icon-box icon-default icon-left cont-left ib-no-effect  kd-animated fadeInUp\" style=\"background-color: transparent;\" data-animation-delay=200><i class=\"iconsmind-Arrow-Circle\" style=\" color: #ffffff;\"><\/i> <h6 class=\"service-heading\" style=\"color: #ffffff;\">Formes ronde et arrondies<\/h6><p style=\"color: #ffffff;\">Le fonctionnement unique de la machine \u00e0 boulettes assure une production de belles boulettes bien <strong>rondes et \u00e9gales avec un poids et aspect r\u00e9gulier<\/strong>.<\/p><\/div>[\/vc_column_inner][vc_column_inner width=&#8221;1\/3&#8243;]<div class=\"key-icon-box icon-default icon-left cont-left ib-no-effect  kd-animated fadeInUp\" style=\"background-color: transparent;\" data-animation-delay=200><i class=\"iconsmind-Arrow-Refresh\" style=\" color: #ffffff;\"><\/i> <h6 class=\"service-heading\" style=\"color: #ffffff;\">Changements rapides<\/h6><p style=\"color: #ffffff;\">Le changement d\u2019un calibre \u00e0 un autre se fait tr\u00e8s rapidement. La conversion de la machine ne prend que quelques minutes.<\/p><\/div>[vc_empty_space height=&#8221;35px&#8221;]<div class=\"key-icon-box icon-default icon-left cont-left ib-no-effect  kd-animated fadeInUp\" style=\"background-color: transparent;\" data-animation-delay=200><i class=\"iconsmind-Conference\" style=\" color: #ffffff;\"><\/i> <h6 class=\"service-heading\" style=\"color: #ffffff;\">Pour les PME et l\u2019industrie<\/h6><p style=\"color: #ffffff;\">La solution id\u00e9ale pour chaque artisan boucher, service traiteur ou fournisseur pour banquets, fournisseur de plats pr\u00e9par\u00e9s, mais aussi pour l\u2019industrie alimentaire moyenne et grande.<\/p><\/div>[\/vc_column_inner][vc_column_inner width=&#8221;1\/3&#8243;]<div class=\"key-icon-box icon-default icon-left cont-left ib-no-effect  kd-animated fadeInUp\" style=\"background-color: transparent;\" data-animation-delay=200><i class=\"iconsmind-Check-2\" style=\" color: #ffffff;\"><\/i> <h6 class=\"service-heading\" style=\"color: #ffffff;\">Se branche sur chaque type de bourreuse \/ poussoir \u00e0 saucisses<\/h6><p style=\"color: #ffffff;\">Gr\u00e2ce \u00e0 la bride qui est livr\u00e9e avec la machine elle peut \u00eatre branch\u00e9e sur quasi chaque type de bourreuse \/ poussoir \u00e0 saucisses.<\/p><\/div>[vc_empty_space height=&#8221;35px&#8221;]<div class=\"key-icon-box icon-default icon-left cont-left ib-no-effect  kd-animated fadeInUp\" style=\"background-color: transparent;\" data-animation-delay=200><i class=\"iconsmind-Bucket\" style=\" color: #ffffff;\"><\/i> <h6 class=\"service-heading\" style=\"color: #ffffff;\">Nettoyage facile<\/h6><p style=\"color: #ffffff;\">La machine peut-\u00eatre enti\u00e8rement d\u00e9mont\u00e9e et les composantes r\u00e9sistent au lavage automatique.<\/p><\/div>[\/vc_column_inner][\/vc_row_inner][\/vc_column][\/vc_row][vc_row full_width=&#8221;stretch_row&#8221; css=&#8221;.vc_custom_1582708419136{background-color: #f5f5f5 !important;}&#8221;][vc_column css=&#8221;.vc_custom_1516094926734{padding-right: 0px !important;padding-left: 0px !important;}&#8221;][vc_row_inner css=&#8221;.vc_custom_1511348683940{padding-top: 100px !important;padding-bottom: 100px !important;}&#8221;][vc_column_inner width=&#8221;1\/2&#8243; offset=&#8221;vc_col-lg-6 vc_col-md-12&#8243;][vc_custom_heading text=&#8221;Recevoir une brochure gratuite.&#8221; font_container=&#8221;tag:h3|text_align:left|line_height:50px&#8221; use_theme_fonts=&#8221;yes&#8221; css_animation=&#8221;fadeIn&#8221; css=&#8221;.vc_custom_1582900325897{margin-bottom: 0px !important;}&#8221;][\/vc_column_inner][vc_column_inner width=&#8221;1\/2&#8243; offset=&#8221;vc_col-lg-6 vc_col-md-12&#8243;]<div class=\"kd-contact-form inline-cf white-input-bg\" >\n<div class=\"wpcf7 no-js\" id=\"wpcf7-f4151-o1\" lang=\"en-US\" dir=\"ltr\" data-wpcf7-id=\"4151\">\n<div class=\"screen-reader-response\"><p role=\"status\" aria-live=\"polite\" aria-atomic=\"true\"><\/p> <ul><\/ul><\/div>\n<form action=\"\/fr\/wp-json\/wp\/v2\/pages\/63#wpcf7-f4151-o1\" method=\"post\" class=\"wpcf7-form init\" aria-label=\"Contact form\" novalidate=\"novalidate\" data-status=\"init\">\n<fieldset class=\"hidden-fields-container\"><input type=\"hidden\" name=\"_wpcf7\" value=\"4151\" \/><input type=\"hidden\" name=\"_wpcf7_version\" value=\"6.1.5\" \/><input type=\"hidden\" name=\"_wpcf7_locale\" value=\"en_US\" \/><input type=\"hidden\" name=\"_wpcf7_unit_tag\" value=\"wpcf7-f4151-o1\" \/><input type=\"hidden\" name=\"_wpcf7_container_post\" value=\"0\" \/><input type=\"hidden\" name=\"_wpcf7_posted_data_hash\" value=\"\" \/><input type=\"hidden\" name=\"_wpcf7_recaptcha_response\" value=\"\" \/>\n<\/fieldset>\n<input class=\"wpcf7-form-control wpcf7-hidden\" value=\"Entreprise\" type=\"hidden\" name=\"bedrijf\" \/>\n<input class=\"wpcf7-form-control wpcf7-hidden\" value=\"Madame, Monsieur\" type=\"hidden\" name=\"voornaam\" \/>\n<input class=\"wpcf7-form-control wpcf7-hidden\" value=\"Madame, Monsieur\" type=\"hidden\" name=\"achternaam\" \/>\n<input class=\"wpcf7-form-control wpcf7-hidden\" value=\"FRANCAIS\" type=\"hidden\" name=\"taal\" \/>\n<p><span class=\"wpcf7-form-control-wrap\" data-name=\"email-subscribe\"><input size=\"40\" maxlength=\"400\" class=\"wpcf7-form-control wpcf7-email wpcf7-validates-as-required wpcf7-text wpcf7-validates-as-email\" aria-required=\"true\" aria-invalid=\"false\" placeholder=\"Entrez votre adresse e-mail\" value=\"\" type=\"email\" name=\"email-subscribe\" \/><\/span><br \/>\n<input class=\"wpcf7-form-control wpcf7-submit has-spinner\" type=\"submit\" value=\"Recevoir la brochure\" \/>\n<\/p><input type='hidden' class='wpcf7-pum' value='{\"closepopup\":false,\"closedelay\":0,\"openpopup\":false,\"openpopup_id\":0}' \/><div class=\"wpcf7-response-output\" aria-hidden=\"true\"><\/div>\n<\/form>\n<\/div>\n<\/div>[\/vc_column_inner][\/vc_row_inner][\/vc_column][\/vc_row]<\/p>\n<\/div>","protected":false},"excerpt":{"rendered":"<p>[vc_row full_width=&#8221;stretch_row&#8221; kd_image_overlay_color=&#8221;rgba(0,0,0,0.49)&#8221; kd_image_overlay=&#8221;true&#8221; css=&#8221;.vc_custom_1582804539419{background-image: url(https:\/\/www.pintro.be\/fr\/wp-content\/uploads\/sites\/3\/2020\/02\/MBF50.jpg?id=7671) !important;background-position: center !important;background-repeat: no-repeat !important;background-size: cover !important;}&#8221;][vc_column css=&#8221;.vc_custom_1513003956648{padding-top: 0px !important;}&#8221;][\/vc_column][\/vc_row][vc_row full_width=&#8221;stretch_row&#8221; css=&#8221;.vc_custom_1582718553826{background-image: url(https:\/\/www.pintro.be\/fr\/wp-content\/uploads\/sites\/3\/2020\/01\/Belevingsachtergrond-VLQ.png?id=7571) !important;background-position: [&hellip;]<\/p>\n","protected":false},"author":1,"featured_media":296,"parent":0,"menu_order":0,"comment_status":"closed","ping_status":"closed","template":"","meta":{"inline_featured_image":false,"footnotes":""},"class_list":["post-63","page","type-page","status-publish","has-post-thumbnail","hentry"],"_links":{"self":[{"href":"https:\/\/www.pintro.be\/fr\/wp-json\/wp\/v2\/pages\/63","targetHints":{"allow":["GET"]}}],"collection":[{"href":"https:\/\/www.pintro.be\/fr\/wp-json\/wp\/v2\/pages"}],"about":[{"href":"https:\/\/www.pintro.be\/fr\/wp-json\/wp\/v2\/types\/page"}],"author":[{"embeddable":true,"href":"https:\/\/www.pintro.be\/fr\/wp-json\/wp\/v2\/users\/1"}],"replies":[{"embeddable":true,"href":"https:\/\/www.pintro.be\/fr\/wp-json\/wp\/v2\/comments?post=63"}],"version-history":[{"count":129,"href":"https:\/\/www.pintro.be\/fr\/wp-json\/wp\/v2\/pages\/63\/revisions"}],"predecessor-version":[{"id":10108,"href":"https:\/\/www.pintro.be\/fr\/wp-json\/wp\/v2\/pages\/63\/revisions\/10108"}],"wp:featuredmedia":[{"embeddable":true,"href":"https:\/\/www.pintro.be\/fr\/wp-json\/wp\/v2\/media\/296"}],"wp:attachment":[{"href":"https:\/\/www.pintro.be\/fr\/wp-json\/wp\/v2\/media?parent=63"}],"curies":[{"name":"wp","href":"https:\/\/api.w.org\/{rel}","templated":true}]}}