{"id":37,"date":"2020-01-13T09:55:10","date_gmt":"2020-01-13T09:55:10","guid":{"rendered":"https:\/\/www.pintro.be\/fr\/?page_id=37"},"modified":"2020-03-01T13:00:10","modified_gmt":"2020-03-01T13:00:10","slug":"service","status":"publish","type":"page","link":"https:\/\/www.pintro.be\/fr\/service\/","title":{"rendered":"Service"},"content":{"rendered":"<div class=\"wpb-content-wrapper\"><p>[vc_row][vc_column css=&#8221;.vc_custom_1582206996688{padding-top: 30px !important;}&#8221;][vc_row_inner][vc_column_inner][vc_empty_space]<header class=\"kd-section-title col-lg-12 text-center    \" ><h2 class=\"separator_off\" >Livraison et mise en marche<\/h2><\/header>[vc_empty_space][\/vc_column_inner][\/vc_row_inner][\/vc_column][vc_column][vc_row_inner][vc_column_inner width=&#8221;1\/3&#8243;]<div class=\"cb-container\"  ><div class=\"cb-img-area\"><i class=\"iconsmind-Truck\" style=\" \"><\/i> <\/div><div class=\"cb-text-area\">\n                    <h4 class=\"cb-heading \" >Livraison<\/h4><p >Nous collaborons avec des partenaire renomm\u00e9s pour garantir un transport s\u00e9curis\u00e9 et rapide des produits vers des destinations nationales et internationales. Le suivi des colis est garanti gr\u00e2ce au lien que nous mettons \u00e0 votre disposition et par lequel vous pouvez tracer l\u2019envoi \u00e0 n\u2019importe quel moment de la journ\u00e9e. Nous disposons \u00e9galement de notre propre parc de v\u00e9hicules, camionnettes et camions.<\/p><\/div><\/div>[\/vc_column_inner][vc_column_inner width=&#8221;1\/3&#8243;]<div class=\"cb-container\"  ><div class=\"cb-img-area\"><i class=\"iconsmind-Aim\" style=\" \"><\/i> <\/div><div class=\"cb-text-area\">\n                    <h4 class=\"cb-heading \" >Mise en marche<\/h4><p >Vous d\u00e9sirez imm\u00e9diatement d\u00e9marrer votre production sans aucun soucis ? Notre \u00e9quipe professionnelle se tient \u00e0 votre disposition pour la mise en marche de tout type de machine dans vos locaux. Notre \u00e9quipe technique exp\u00e9riment\u00e9e se charge au cas \u00e9ch\u00e9ant de brancher, calibrer et d\u2019optimaliser votre installation.<\/p><\/div><\/div>[\/vc_column_inner][vc_column_inner width=&#8221;1\/3&#8243;]<div class=\"cb-container\"  ><div class=\"cb-img-area\"><i class=\"iconsmind-Bulleted-List\" style=\" \"><\/i> <\/div><div class=\"cb-text-area\">\n                    <h4 class=\"cb-heading \" >Machines en stock<\/h4><p >Vous attendez avec impatience votre commande? La majorit\u00e9 des machines et accessoires de notre gamme standard est livrable sans d\u00e9lais \u00e0 partir de stock. Pour les machines sur mesure et personnalis\u00e9es nous vous communiquons clairement quel sera le d\u00e9lais de livraison.<\/p><\/div><\/div>[\/vc_column_inner][\/vc_row_inner][\/vc_column][\/vc_row][vc_row full_width=&#8221;stretch_row&#8221; css=&#8221;.vc_custom_1582205449546{padding-top: 30px !important;background-color: #f6f6f6 !important;}&#8221;][vc_column]<header class=\"kd-section-title col-lg-12 text-center    \" ><h2 class=\"separator_off\" >service client<\/h2><\/header>[vc_row_inner][vc_column_inner width=&#8221;1\/2&#8243;][vc_toggle title=&#8221;Service client\u00e8le polyglotte&#8221;]Notre \u00e9quipe commerciale polyglotte se tient \u00e0 votre disposition pour r\u00e9pondre \u00e0 toutes vos questions en n\u00e9erlandais, anglais, fran\u00e7ais et allemand.[\/vc_toggle][vc_toggle title=&#8221;D\u00e9monstrations&#8221;]Notre soucis principal est de vous fournir une machine ad\u00e9quate adapt\u00e9e \u00e0 vos besoins. A cette fin nous vous proposons des d\u00e9monstrations sans obligation. Vous trouverez les tous d\u00e9tails sur <a href=\"https:\/\/www.pintro.be\/fr\/demo\/\">cette page<\/a>.[\/vc_toggle][vc_toggle title=&#8221;Formation&#8221;]Vous d\u00e9sirez une mise en marche optimale de votre machine PINTRO? Nous vous proposons une formation pour que vous puissiez d\u00e8s le d\u00e9part utiliser votre machine de la meilleur fa\u00e7on. Notre \u00e9quipe se fera un grand plaisir de vous d\u00e9voiler conseils et recommandations au sujet de l\u2019organisation du travail, de l\u2019assemblage et l\u2019entretien de l\u2019installation. Les formations sont organis\u00e9es pour les diff\u00e9rents niveaux. Nous nous concentrerons tous les d\u00e9tails et proc\u00e9d\u00e9s requis pour faciliter le travail des op\u00e9rateurs, des \u00e9quipes techniques et de nettoyage .[\/vc_toggle][\/vc_column_inner][vc_column_inner width=&#8221;1\/2&#8243;][vc_toggle title=&#8221;Entretien p\u00e9riodique et r\u00e9parations&#8221;]Notre \u00e9quipe de techniciens exp\u00e9riment\u00e9s se tient \u00e0 votre disposition pour les entretiens et r\u00e9parations. Ceci peut se faire dans nos ateliers ou dans vos locaux. Gr\u00e2ce \u00e0 notre importante diversit\u00e9 de sp\u00e9cialistes dans tous les domaines nous pouvons garantir une mise \u00e0 jour rapide de vos machines.[\/vc_toggle][vc_toggle title=&#8221;Surveillance \u00e0 distance&#8221;]La plupart de nos machines semi-automatiques sont \u00e9quip\u00e9es de moyen de surveillance \u00e0 distance. Ceci nous permet d\u2019effectuer des analyses pr\u00e9cises et rapides de l\u2019installation pour pouvoir vous conseiller avant d\u2019envoyer un technicien sur place.[\/vc_toggle][vc_toggle title=&#8221;Pi\u00e8ces d\u00e9tach\u00e9es&#8221;]Vous \u00eates impatient de recevoir vos pi\u00e8ces\u00a0? Pas de soucis, nous pouvons vous servir dans les plus brefs d\u00e9lais \u00e0 partir de notre magasin de pi\u00e8ces. Notre vaste stock de pi\u00e8ces d\u00e9tach\u00e9es nous permet de vous aider au plus vite.[\/vc_toggle][\/vc_column_inner][\/vc_row_inner][vc_empty_space height=&#8221;50px&#8221;][\/vc_column][\/vc_row]<\/p>\n<\/div>","protected":false},"excerpt":{"rendered":"<p>[vc_row][vc_column css=&#8221;.vc_custom_1582206996688{padding-top: 30px !important;}&#8221;][vc_row_inner][vc_column_inner][vc_empty_space][vc_empty_space][\/vc_column_inner][\/vc_row_inner][\/vc_column][vc_column][vc_row_inner][vc_column_inner width=&#8221;1\/3&#8243;][\/vc_column_inner][vc_column_inner width=&#8221;1\/3&#8243;][\/vc_column_inner][vc_column_inner width=&#8221;1\/3&#8243;][\/vc_column_inner][\/vc_row_inner][\/vc_column][\/vc_row][vc_row full_width=&#8221;stretch_row&#8221; css=&#8221;.vc_custom_1582205449546{padding-top: 30px !important;background-color: #f6f6f6 !important;}&#8221;][vc_column][vc_row_inner][vc_column_inner width=&#8221;1\/2&#8243;][vc_toggle title=&#8221;Service client\u00e8le polyglotte&#8221;]Notre \u00e9quipe commerciale polyglotte [&hellip;]<\/p>\n","protected":false},"author":1,"featured_media":136,"parent":0,"menu_order":0,"comment_status":"closed","ping_status":"closed","template":"","meta":{"inline_featured_image":false,"footnotes":""},"class_list":["post-37","page","type-page","status-publish","has-post-thumbnail","hentry"],"_links":{"self":[{"href":"https:\/\/www.pintro.be\/fr\/wp-json\/wp\/v2\/pages\/37","targetHints":{"allow":["GET"]}}],"collection":[{"href":"https:\/\/www.pintro.be\/fr\/wp-json\/wp\/v2\/pages"}],"about":[{"href":"https:\/\/www.pintro.be\/fr\/wp-json\/wp\/v2\/types\/page"}],"author":[{"embeddable":true,"href":"https:\/\/www.pintro.be\/fr\/wp-json\/wp\/v2\/users\/1"}],"replies":[{"embeddable":true,"href":"https:\/\/www.pintro.be\/fr\/wp-json\/wp\/v2\/comments?post=37"}],"version-history":[{"count":15,"href":"https:\/\/www.pintro.be\/fr\/wp-json\/wp\/v2\/pages\/37\/revisions"}],"predecessor-version":[{"id":9382,"href":"https:\/\/www.pintro.be\/fr\/wp-json\/wp\/v2\/pages\/37\/revisions\/9382"}],"wp:featuredmedia":[{"embeddable":true,"href":"https:\/\/www.pintro.be\/fr\/wp-json\/wp\/v2\/media\/136"}],"wp:attachment":[{"href":"https:\/\/www.pintro.be\/fr\/wp-json\/wp\/v2\/media?parent=37"}],"curies":[{"name":"wp","href":"https:\/\/api.w.org\/{rel}","templated":true}]}}