{"id":314,"date":"2020-01-17T10:56:15","date_gmt":"2020-01-17T10:56:15","guid":{"rendered":"https:\/\/www.pintro.be\/fr\/?page_id=314"},"modified":"2023-01-19T11:46:14","modified_gmt":"2023-01-19T09:46:14","slug":"demo-chez-le-client","status":"publish","type":"page","link":"https:\/\/www.pintro.be\/fr\/demo\/demo-chez-le-client\/","title":{"rendered":"D\u00e9mo chez vous"},"content":{"rendered":"<div class=\"wpb-content-wrapper\"><p>[vc_row full_width=&#8221;stretch_row&#8221; css=&#8221;.vc_custom_1581000763923{margin-top: -100px !important;}&#8221;][vc_column css=&#8221;.vc_custom_1581683469763{padding-top: 50px !important;padding-right: 0px !important;padding-left: 0px !important;}&#8221;][vc_row_inner css=&#8221;.vc_custom_1539084645308{padding-top: 100px !important;padding-bottom: 73px !important;}&#8221;][vc_column_inner width=&#8221;1\/12&#8243; css=&#8221;.vc_custom_1515166784808{padding-top: 50px !important;}&#8221;][\/vc_column_inner][vc_column_inner width=&#8221;4\/12&#8243;]<header class=\"kd-section-title col-lg-12 text-left  kd-animated fadeIn  \" data-animation-delay=200><h2 class=\"separator_off\" style=\"color: #0a0a0a;\">Nous pouvons vous pr\u00e9senter les machines suivantes chez vous.<\/h2><\/header>[vc_column_text]<\/p>\n<ul>\n<li><a href=\"https:\/\/www.pintro.be\/fr\/machines-a-brochettes\/machine-a-brochettes-manuelles\/pintro-p480\/\">P480<\/a><\/li>\n<li><a href=\"https:\/\/www.pintro.be\/fr\/machines-a-brochettes\/machine-a-brochettes-manuelles\/pintro-p720\/\">P720<\/a><\/li>\n<li><a href=\"https:\/\/www.pintro.be\/fr\/machines-a-boulettes\/\">Machines \u00e0 boulettes MBF 50 (-C)<\/a><\/li>\n<\/ul>\n<p>D\u00e9sirez-vous tester d\u2019autres machines PINTRO\u00a0? Ou pr\u00e9f\u00e9rez-vous nous rendre visite \u00e0 Eeklo\u00a0? Introduisez une demande de d\u00e9monstration sur <a href=\"https:\/\/www.pintro.be\/fr\/demo\/salle-dexpositions-et-de-demonstrations-a-eeklo\/\">cette page<\/a>.[\/vc_column_text][vc_empty_space height=&#8221;50px&#8221;][vc_gallery interval=&#8221;3&#8243; images=&#8221;7621&#8243; img_size=&#8221;full&#8221; onclick=&#8221;&#8221;][\/vc_column_inner][vc_column_inner width=&#8221;1\/12&#8243;][\/vc_column_inner][vc_column_inner width=&#8221;5\/12&#8243;]<div class=\"kd-contact-form full-width-cf white-input-bg\" >\n<div class=\"wpcf7 no-js\" id=\"wpcf7-f313-o1\" lang=\"nl-BE\" dir=\"ltr\" data-wpcf7-id=\"313\">\n<div class=\"screen-reader-response\"><p role=\"status\" aria-live=\"polite\" aria-atomic=\"true\"><\/p> <ul><\/ul><\/div>\n<form action=\"\/fr\/wp-json\/wp\/v2\/pages\/314#wpcf7-f313-o1\" method=\"post\" class=\"wpcf7-form init\" aria-label=\"Contactformulier\" novalidate=\"novalidate\" data-status=\"init\">\n<fieldset class=\"hidden-fields-container\"><input type=\"hidden\" name=\"_wpcf7\" value=\"313\" \/><input type=\"hidden\" name=\"_wpcf7_version\" value=\"6.1.5\" \/><input type=\"hidden\" name=\"_wpcf7_locale\" value=\"nl_BE\" \/><input type=\"hidden\" name=\"_wpcf7_unit_tag\" value=\"wpcf7-f313-o1\" \/><input type=\"hidden\" name=\"_wpcf7_container_post\" value=\"0\" \/><input type=\"hidden\" name=\"_wpcf7_posted_data_hash\" value=\"\" \/><input type=\"hidden\" name=\"_wpcf7_recaptcha_response\" value=\"\" \/>\n<\/fieldset>\n<p>Salutation (obligatoire)<br \/>\n<span class=\"wpcf7-form-control-wrap\" data-name=\"aanspreking\"><select class=\"wpcf7-form-control wpcf7-select\" aria-invalid=\"false\" name=\"aanspreking\"><option value=\"M.\">M.<\/option><option value=\"Mme.\">Mme.<\/option><\/select><\/span>\n<\/p>\n<p>Pr\u00e9nom (obligatoire)<br \/>\n<span class=\"wpcf7-form-control-wrap\" data-name=\"voornaam\"><input size=\"40\" maxlength=\"400\" class=\"wpcf7-form-control wpcf7-text wpcf7-validates-as-required\" aria-required=\"true\" aria-invalid=\"false\" value=\"\" type=\"text\" name=\"voornaam\" \/><\/span>\n<\/p>\n<p>Nom (obligatoire)<br \/>\n<span class=\"wpcf7-form-control-wrap\" data-name=\"achternaam\"><input size=\"40\" maxlength=\"400\" class=\"wpcf7-form-control wpcf7-text wpcf7-validates-as-required\" aria-required=\"true\" aria-invalid=\"false\" value=\"\" type=\"text\" name=\"achternaam\" \/><\/span>\n<\/p>\n<p>E-mail (obligatoire)<br \/>\n<span class=\"wpcf7-form-control-wrap\" data-name=\"your-email\"><input size=\"40\" maxlength=\"400\" class=\"wpcf7-form-control wpcf7-email wpcf7-validates-as-required wpcf7-text wpcf7-validates-as-email\" aria-required=\"true\" aria-invalid=\"false\" value=\"\" type=\"email\" name=\"your-email\" \/><\/span>\n<\/p>\n<p>T\u00e9l\u00e9phone<br \/>\n<span class=\"wpcf7-form-control-wrap\" data-name=\"telefoon\"><input size=\"40\" maxlength=\"400\" class=\"wpcf7-form-control wpcf7-text\" aria-invalid=\"false\" value=\"\" type=\"text\" name=\"telefoon\" \/><\/span>\n<\/p>\n<p>Entreprise (obligatoire)<br \/>\n<span class=\"wpcf7-form-control-wrap\" data-name=\"bedrijf\"><input size=\"40\" maxlength=\"400\" class=\"wpcf7-form-control wpcf7-text wpcf7-validates-as-required\" aria-required=\"true\" aria-invalid=\"false\" value=\"\" type=\"text\" name=\"bedrijf\" \/><\/span>\n<\/p>\n<p>Rue + num\u00e9ro (obligatoire)<br \/>\n<span class=\"wpcf7-form-control-wrap\" data-name=\"straat\"><input size=\"40\" maxlength=\"400\" class=\"wpcf7-form-control wpcf7-text wpcf7-validates-as-required\" aria-required=\"true\" aria-invalid=\"false\" value=\"\" type=\"text\" name=\"straat\" \/><\/span>\n<\/p>\n<p>Ville (obligatoire)<br \/>\n<span class=\"wpcf7-form-control-wrap\" data-name=\"stad\"><input size=\"40\" maxlength=\"400\" class=\"wpcf7-form-control wpcf7-text wpcf7-validates-as-required\" aria-required=\"true\" aria-invalid=\"false\" value=\"\" type=\"text\" name=\"stad\" \/><\/span>\n<\/p>\n<p>Pays (obligatoire)<br \/>\n<span class=\"wpcf7-form-control-wrap\" data-name=\"country\"><input size=\"40\" maxlength=\"400\" class=\"wpcf7-form-control wpcf7-text wpcf7-validates-as-required\" aria-required=\"true\" aria-invalid=\"false\" value=\"\" type=\"text\" name=\"country\" \/><\/span>\n<\/p>\n<p>Je veux une d\u00e9mo de (obligatoire) <span class=\"wpcf7-form-control-wrap\" data-name=\"machineselectie\"><span class=\"wpcf7-form-control wpcf7-checkbox wpcf7-validates-as-required\"><span class=\"wpcf7-list-item first\"><label><input type=\"checkbox\" name=\"machineselectie[]\" value=\"Machine \u00e0 brochette\" \/><span class=\"wpcf7-list-item-label\">Machine \u00e0 brochette<\/span><\/label><\/span><span class=\"wpcf7-list-item last\"><label><input type=\"checkbox\" name=\"machineselectie[]\" value=\"Machine \u00e0 boulettes\" \/><span class=\"wpcf7-list-item-label\">Machine \u00e0 boulettes<\/span><\/label><\/span><\/span><\/span>\n<\/p>\n<input class=\"wpcf7-form-control wpcf7-hidden\" value=\"FRANCAIS\" type=\"hidden\" name=\"taal\" \/>\n<input class=\"wpcf7-form-control wpcf7-hidden\" value=\"Yes, at the customer\" type=\"hidden\" name=\"demo\" \/>\n<p><input class=\"wpcf7-form-control wpcf7-submit has-spinner\" type=\"submit\" value=\"Envoyer\" \/>\n<\/p><input type='hidden' class='wpcf7-pum' value='{\"closepopup\":false,\"closedelay\":0,\"openpopup\":false,\"openpopup_id\":0}' \/><div class=\"wpcf7-response-output\" aria-hidden=\"true\"><\/div>\n<\/form>\n<\/div>\n<\/div>[\/vc_column_inner][vc_column_inner width=&#8221;1\/12&#8243;][\/vc_column_inner][\/vc_row_inner][\/vc_column][\/vc_row]<\/p>\n<\/div>","protected":false},"excerpt":{"rendered":"<p>[vc_row full_width=&#8221;stretch_row&#8221; css=&#8221;.vc_custom_1581000763923{margin-top: -100px !important;}&#8221;][vc_column css=&#8221;.vc_custom_1581683469763{padding-top: 50px !important;padding-right: 0px !important;padding-left: 0px !important;}&#8221;][vc_row_inner css=&#8221;.vc_custom_1539084645308{padding-top: 100px !important;padding-bottom: 73px !important;}&#8221;][vc_column_inner width=&#8221;1\/12&#8243; css=&#8221;.vc_custom_1515166784808{padding-top: 50px [&hellip;]<\/p>\n","protected":false},"author":1,"featured_media":7875,"parent":14,"menu_order":0,"comment_status":"closed","ping_status":"closed","template":"","meta":{"inline_featured_image":false,"footnotes":""},"class_list":["post-314","page","type-page","status-publish","has-post-thumbnail","hentry"],"_links":{"self":[{"href":"https:\/\/www.pintro.be\/fr\/wp-json\/wp\/v2\/pages\/314","targetHints":{"allow":["GET"]}}],"collection":[{"href":"https:\/\/www.pintro.be\/fr\/wp-json\/wp\/v2\/pages"}],"about":[{"href":"https:\/\/www.pintro.be\/fr\/wp-json\/wp\/v2\/types\/page"}],"author":[{"embeddable":true,"href":"https:\/\/www.pintro.be\/fr\/wp-json\/wp\/v2\/users\/1"}],"replies":[{"embeddable":true,"href":"https:\/\/www.pintro.be\/fr\/wp-json\/wp\/v2\/comments?post=314"}],"version-history":[{"count":26,"href":"https:\/\/www.pintro.be\/fr\/wp-json\/wp\/v2\/pages\/314\/revisions"}],"predecessor-version":[{"id":11428,"href":"https:\/\/www.pintro.be\/fr\/wp-json\/wp\/v2\/pages\/314\/revisions\/11428"}],"up":[{"embeddable":true,"href":"https:\/\/www.pintro.be\/fr\/wp-json\/wp\/v2\/pages\/14"}],"wp:featuredmedia":[{"embeddable":true,"href":"https:\/\/www.pintro.be\/fr\/wp-json\/wp\/v2\/media\/7875"}],"wp:attachment":[{"href":"https:\/\/www.pintro.be\/fr\/wp-json\/wp\/v2\/media?parent=314"}],"curies":[{"name":"wp","href":"https:\/\/api.w.org\/{rel}","templated":true}]}}