{"id":31,"date":"2020-01-13T09:53:42","date_gmt":"2020-01-13T09:53:42","guid":{"rendered":"https:\/\/www.pintro.be\/fr\/?page_id=31"},"modified":"2026-03-25T14:45:29","modified_gmt":"2026-03-25T12:45:29","slug":"formeuse-a-steak","status":"publish","type":"page","link":"https:\/\/www.pintro.be\/fr\/formeuse-a-steak\/","title":{"rendered":"Formeuse \u00e0 Steak"},"content":{"rendered":"<div class=\"wpb-content-wrapper\"><p>[vc_row full_width=&#8221;stretch_row&#8221; kd_image_overlay_color=&#8221;rgba(0,0,0,0.5)&#8221; kd_image_overlay=&#8221;true&#8221; css=&#8221;.vc_custom_1582803806118{background-image: url(https:\/\/www.pintro.be\/fr\/wp-content\/uploads\/sites\/3\/2020\/02\/PINTRO-hamburger-vormer-machine.png?id=7924) !important;background-position: center !important;background-repeat: no-repeat !important;background-size: cover !important;}&#8221;][vc_column css=&#8221;.vc_custom_1513003956648{padding-top: 0px !important;}&#8221;]\n\t\t\t\t<p class=\"rs-p-wp-fix\"><\/p>\n\t\t\t\t<sr7-module data-alias=\"pintro-brochettemachines-1\" data-id=\"10\" id=\"SR7_10_1\" class=\"rs-ov-hidden\" data-version=\"6.7.51\">\n\t\t\t\t\t<sr7-adjuster><\/sr7-adjuster>\n\t\t\t\t\t<sr7-content>\n\t\t\t\t\t\t<sr7-slide id=\"SR7_10_1-4\" data-key=\"4\">\n\t\t\t\t\t\t\t<h3 id=\"SR7_10_1-4-2\" class=\"sr7-layer\">PINTRO<br\/>\nFormeuses \u00e0 steaks<\/h3>\n\t\t\t\t\t\t<\/sr7-slide>\n\t\t\t\t\t\t<sr7-slide id=\"SR7_10_1-22\" data-key=\"22\">\n\t\t\t\t\t\t<\/sr7-slide>\n\t\t\t\t\t<\/sr7-content>\n\t\t\t\t<\/sr7-module>\n\t\t\t\t<script>\n\t\t\t\t\twindow.SR7 ??={};SR7.PMH ??={}; SR7.PMH[\"SR7_10_1\"] = {cn:100,state:false,fn: function() { if (window._tpt!==undefined && window._tpt.prepareModuleHeight !== undefined) {  _tpt.prepareModuleHeight({id:\"SR7_10_1\",el:[600,600,600,600,400],type:'standard',shdw:'0',gh:[600,600,600,600,400],gw:[1240,1240,1240,1240,480],vpt:['-200px&#039;,&#039;-200px&#039;,&#039;-200px&#039;,&#039;-200px&#039;,&#039;-200px'],size:{fullWidth:true, fullHeight:false},mh:'0',onh:0,onw:0,bg:{color:'{\"type\":\"solid\",\"orig\":\"#1f1d24\",\"string\":\"rgba(31, 29, 36, 1)\"}'},plType:'-1',plColor:'#FFFFFF'});   SR7.PMH[\"SR7_10_1\"].state=true;} else if(SR7.PMH[\"SR7_10_1\"].cn-->0)\tsetTimeout( SR7.PMH[\"SR7_10_1\"].fn,19);}};SR7.PMH[\"SR7_10_1\" ].fn();\n\t\t\t\t<\/script>\n[\/vc_column][\/vc_row][vc_row full_width=&#8221;stretch_row&#8221; css=&#8221;.vc_custom_1582708783497{background-image: url(https:\/\/www.pintro.be\/fr\/wp-content\/uploads\/sites\/3\/2020\/01\/Belevingsachtergrond-VLQ.png?id=7571) !important;background-position: center !important;background-repeat: no-repeat !important;background-size: cover !important;}&#8221;][vc_column][vc_column_text css=&#8221;.vc_custom_1582708724723{padding-bottom: 10px !important;}&#8221;][\/vc_column_text][\/vc_column][\/vc_row][vc_row full_width=&#8221;stretch_row&#8221; parallax=&#8221;content-moving&#8221; parallax_image=&#8221;6535&#8243; css=&#8221;.vc_custom_1774442724899{padding-top: 80px !important;padding-bottom: 50px !important;background-position: 0 0;background-repeat: no-repeat !important;}&#8221; el_id=&#8221;machine&#8221; top_section_title=&#8221;&#8221; bottom_section_title=&#8221;&#8221;][vc_column][vc_row_inner css=&#8221;.vc_custom_1540375922073{margin-bottom: 0px !important;}&#8221;][vc_column_inner css=&#8221;.vc_custom_1581067956456{margin-top: 0px !important;margin-left: 0px !important;padding-left: 0px !important;}&#8221; offset=&#8221;vc_col-lg-5&#8243;]<header class=\"kd-section-title col-lg-12 text-left  kd-animated fadeIn   vc_custom_1582903327161\" data-animation-delay=200><h1 class=\"separator_off\" style=\"font-size: 42px;\">Formeuse \u00e0 steak<\/h1><\/header>[vc_column_text]Une seule personne peut produire jusqu\u2019\u00e0 700 burgers par heure avec la Formeuse \u00e0 Steak PINTRO. Nous proposons diff\u00e9rentes formes, dimensions et poids tout en gardant un aspect artisanal. U grand confort d\u2019utilisation et un nettoyage simple vous facilitent la production de vos steaks.<\/p>\n<p>La Formeuse \u00e0 Steak a \u00e9t\u00e9 con\u00e7ue pour:<\/p>\n<ul>\n<li>Petites et grandes boucheries artisanales<\/li>\n<li>Services traiteur et fournisseurs de banquets<\/li>\n<li>Cuisines industrielles<\/li>\n<li>Restaurants (burgers)<\/li>\n<\/ul>\n<p>Produire des steaks XL?<\/p>\n<p>Il existe une version XL de la Formeuse \u00e0 Steak PINTRO. Elle vous permet de former des burgers ayant un diam\u00e8tre de 150mm et un poids de 180gr![\/vc_column_text][\/vc_column_inner][vc_column_inner css=&#8221;.vc_custom_1541510512851{padding-right: 50px !important;padding-left: 50px !important;}&#8221; offset=&#8221;vc_col-lg-2 vc_hidden-sm vc_hidden-xs&#8221;][\/vc_column_inner][vc_column_inner offset=&#8221;vc_col-lg-5&#8243; css=&#8221;.vc_custom_1581067972966{margin-top: 0px !important;}&#8221;][vc_single_image image=&#8221;7566&#8243; img_size=&#8221;large&#8221;][vc_empty_space]<a  href=\"#\"  target=\"_self\"  title=\"\" class=\"tt_button tt_primary_button btn_primary_color  button-center button-action-link   panel-trigger-btn\" ><span class=\"prim_text\">Demande un prix indicatif<\/span><\/a>[\/vc_column_inner][\/vc_row_inner][\/vc_column][\/vc_row][vc_row full_width=&#8221;stretch_row&#8221; parallax=&#8221;content-moving&#8221; kd_image_overlay_color=&#8221;rgba(0,0,0,0.1)&#8221; kd_image_overlay=&#8221;true&#8221; css=&#8221;.vc_custom_1582104909328{padding-top: 20px !important;padding-bottom: 25px !important;background: #f7f7f7 url(https:\/\/www.pintro.be\/fr\/wp-content\/uploads\/sites\/3\/2020\/01\/Belevingsachtergrond-VLQ.png?id=7571);}&#8221;][vc_column][vc_row_inner css=&#8221;.vc_custom_1581089248541{margin-top: 25px !important;border-top-width: 1px !important;padding-top: 55px !important;border-top-color: rgba(132,132,132,0.15) !important;border-top-style: none !important;}&#8221;][vc_column_inner width=&#8221;1\/3&#8243;]<div class=\"key-icon-box icon-default icon-left cont-left ib-no-effect  kd-animated fadeInUp\" style=\"background-color: transparent;\" data-animation-delay=200><i class=\"iconsmind-Coins\" style=\" color: #ffffff;\"><\/i> <h6 class=\"service-heading\" style=\"color: #ffffff;\">Grande productivit\u00e9<\/h6><p style=\"color: #ffffff;\">Avec la Formeuse \u00e0 Steak vous produisez jusqu\u2019\u00e0 <strong>dix fois plus<\/strong> de burgers par heure que si vous le faites \u00e0 la main.<\/p><\/div>[\/vc_column_inner][vc_column_inner width=&#8221;1\/3&#8243;]<div class=\"key-icon-box icon-default icon-left cont-left ib-no-effect  kd-animated fadeInUp\" style=\"background-color: transparent;\" data-animation-delay=200><i class=\"iconsmind-Arrow-Refresh iconsmind-Arrows\" style=\" color: #ffffff;\"><\/i> <h6 class=\"service-heading\" style=\"color: #ffffff;\">Diff\u00e9rents formats<\/h6><p style=\"color: #ffffff;\">Nous proposons diff\u00e9rentes formes, dimensions et poids. D\u00e9couvrez les possibilit\u00e9s disponibles ci-dessous ou contactez-nous pour des solutions sur mesure.<\/p><\/div>[\/vc_column_inner][vc_column_inner width=&#8221;1\/3&#8243;]<div class=\"key-icon-box icon-default icon-left cont-left ib-no-effect  kd-animated fadeInUp\" style=\"background-color: transparent;\" data-animation-delay=200><i class=\"iconsmind-Check-2\" style=\" color: #ffffff;\"><\/i> <h6 class=\"service-heading\" style=\"color: #ffffff;\">Ce branche sur chaque type de bourreuse \/ poussoir \u00e0 saucisses<\/h6><p style=\"color: #ffffff;\">La bride qui accompagne la machine permet de la brancher sur quasi chaque type de bourreuse \/ poussoir \u00e0 saucisses \u00e0 piston ou sous vide. Vous ne disposez pas encore de bourreuse \/ poussoir\u00a0? Contactez-nous sans obligation.<\/p><\/div>[\/vc_column_inner][\/vc_row_inner][vc_row_inner css=&#8221;.vc_custom_1584097291824{margin-top: 20px !important;border-top-width: 1px !important;padding-top: 20px !important;border-top-color: rgba(132,132,132,0.01) !important;border-top-style: solid !important;}&#8221;][vc_column_inner width=&#8221;1\/3&#8243;]<div class=\"key-icon-box icon-default icon-left cont-left ib-no-effect  kd-animated fadeInUp\" style=\"background-color: transparent;\" data-animation-delay=200><i class=\"iconsmind-Arrow-Circle\" style=\" color: #ffffff;\"><\/i> <h6 class=\"service-heading\" style=\"color: #ffffff;\">Qualit\u00e9 constante et aspect \u00e9gale<\/h6><p style=\"color: #ffffff;\">Production de burgers rapide \u00e0 qualit\u00e9 \u00e9gale, forme et poids r\u00e9guliers et ceci durant chaque cycle de production.<\/p><\/div>[\/vc_column_inner][vc_column_inner width=&#8221;1\/3&#8243;]<div class=\"key-icon-box icon-default icon-left cont-left ib-no-effect  kd-animated fadeInUp\" style=\"background-color: transparent;\" data-animation-delay=200><i class=\"iconsmind-Conference\" style=\" color: #ffffff;\"><\/i> <h6 class=\"service-heading\" style=\"color: #ffffff;\">Pour les PME et l\u2019industrie agroalimentaire<\/h6><p style=\"color: #ffffff;\">La Formeuse \u00e0 Steak PINTRO est de loin la meilleure solution pour les petites et grandes boucheries artisanales, les chaines de restaurants, les fournisseurs de snacks, les services traiteurs et les cuisines industrielles\u2026<\/p><\/div>[\/vc_column_inner][vc_column_inner width=&#8221;1\/3&#8243;]<div class=\"key-icon-box icon-default icon-left cont-left ib-no-effect  kd-animated fadeInUp\" style=\"background-color: transparent;\" data-animation-delay=200><i class=\"iconsmind-Switch\" style=\" color: #ffffff;\"><\/i> <h6 class=\"service-heading\" style=\"color: #ffffff;\">Changement de forme rapide<\/h6><p style=\"color: #ffffff;\">Le simple changement de disque vous offre la possibilit\u00e9 d\u2019adapter la forme, le poids et la dimension du burger.<\/p><\/div>[\/vc_column_inner][\/vc_row_inner][\/vc_column][\/vc_row][vc_row full_width=&#8221;stretch_row&#8221; css=&#8221;.vc_custom_1653994551093{padding-top: 120px !important;padding-bottom: 100px !important;}&#8221; el_class=&#8221;hide-bg-on-mobile&#8221;][vc_column css=&#8221;.vc_custom_1513003956648{padding-top: 0px !important;}&#8221;][vc_custom_heading text=&#8221;Une vraie panoplie de formes&#8221; font_container=&#8221;tag:h2|text_align:center&#8221; use_theme_fonts=&#8221;yes&#8221; css=&#8221;.vc_custom_1582903977108{margin-bottom: 75px !important;}&#8221;][vc_tta_tabs][vc_tta_section title=&#8221;Rond&#8221; tab_id=&#8221;1653989060066-33c09ebe-7c32&#8243;][vc_row_inner][vc_column_inner width=&#8221;1\/2&#8243;][vc_single_image image=&#8221;169&#8243; img_size=&#8221;large&#8221;][\/vc_column_inner][vc_column_inner width=&#8221;1\/2&#8243;][vc_empty_space][vc_column_text]<\/p>\n<ul>\n<li>poids \u00b1 55gr\u00a0 \u00a0 \u00a0| \u00d8 85mm\u00a0 \u00a0 \u00a0 | \u00e9paisseur\u00a010mm<\/li>\n<li>poids \u00b1 80gr\u00a0 \u00a0 | \u00d8 107mm\u00a0 \u00a0 | \u00e9paisseur 09mm<\/li>\n<li>poids \u00b1 110gr\u00a0 \u00a0| \u00d8 90mm\u00a0 \u00a0 \u00a0 | \u00e9paisseur\u00a017mm<\/li>\n<li>poids \u00b1 115gr\u00a0 \u00a0 | \u00d8 127mm\u00a0 \u00a0 | \u00e9paisseur 09mm<\/li>\n<li>poids \u00b1 115gr\u00a0 \u00a0 | \u00d8 102mm\u00a0 \u00a0 | \u00e9paisseur 14mm<\/li>\n<li>poids \u00b1 130gr\u00a0 \u00a0| \u00d8 100mm\u00a0 \u00a0 | \u00e9paisseur\u00a017mm<\/li>\n<li>poids \u00b1 140gr\u00a0 \u00a0| \u00d8 118,9mm | \u00e9paisseur\u00a012,7mm<\/li>\n<li>poids \u00b1 150gr\u00a0 \u00a0| \u00d8 122,9mm | \u00e9paisseur\u00a012,7mm<\/li>\n<li>poids \u00b1 160gr\u00a0 \u00a0| \u00d8 110mm\u00a0 \u00a0 | \u00e9paisseur 17mm<\/li>\n<li>poids \u00b1 160gr\u00a0 \u00a0| \u00d8 90mm\u00a0 \u00a0 \u00a0 | \u00e9paisseur\u00a025mm<\/li>\n<li>poids \u00b1 170gr\u00a0 \u00a0| \u00d8 130,6mm | \u00e9paisseur\u00a012,7mm<\/li>\n<li>poids \u00b1 180gr* | \u00d8 150mm\u00a0 \u00a0 | \u00e9paisseur 10mm<br \/>\n*<em>(Que compatible avec PINTRO HBF XL)<\/em><\/li>\n<\/ul>\n<p>[\/vc_column_text][\/vc_column_inner][\/vc_row_inner][\/vc_tta_section][vc_tta_section title=&#8221;Carr\u00e9&#8221; tab_id=&#8221;1653989060096-2afa4bc6-3cee&#8221;][vc_row_inner][vc_column_inner width=&#8221;1\/2&#8243;][vc_single_image image=&#8221;171&#8243; img_size=&#8221;large&#8221;][\/vc_column_inner][vc_column_inner width=&#8221;1\/2&#8243;][vc_empty_space][vc_column_text]<\/p>\n<ul>\n<li>poids +-150gr | c\u00f4t\u00e9 95mm | \u00e9paisseur 17mm<\/li>\n<li>poids +-160gr | c\u00f4t\u00e9 85mm | \u00e9paisseur 25mm<\/li>\n<\/ul>\n<p>[\/vc_column_text][\/vc_column_inner][\/vc_row_inner][\/vc_tta_section][vc_tta_section title=&#8221;Ovale&#8221; tab_id=&#8221;1653991180743-3cf08a31-6e82&#8243;][vc_row_inner][vc_column_inner width=&#8221;1\/2&#8243;][vc_single_image image=&#8221;173&#8243; img_size=&#8221;large&#8221;][\/vc_column_inner][vc_column_inner width=&#8221;1\/2&#8243;][vc_empty_space][vc_column_text]<\/p>\n<ul>\n<li>poids +-100gr | \u00e9paisseur 17mm<\/li>\n<li>poids +-150gr | \u00e9paisseur 25mm<\/li>\n<\/ul>\n<p>[\/vc_column_text][\/vc_column_inner][\/vc_row_inner][\/vc_tta_section][vc_tta_section title=&#8221;C\u00f4te d&#8217;agneau&#8221; tab_id=&#8221;1653993708742-a5b6a3bc-082f&#8221;][vc_row_inner][vc_column_inner width=&#8221;1\/2&#8243;][vc_single_image image=&#8221;175&#8243; img_size=&#8221;large&#8221;][\/vc_column_inner][vc_column_inner width=&#8221;1\/2&#8243;][vc_empty_space][vc_column_text]<\/p>\n<ul>\n<li>poids +-100gr | \u00e9paisseur 17mm<\/li>\n<\/ul>\n<p>[\/vc_column_text][\/vc_column_inner][\/vc_row_inner][\/vc_tta_section][vc_tta_section title=&#8221;Sur mesure&#8221; tab_id=&#8221;1653993840650-c3783d6d-0d79&#8243;][vc_row_inner][vc_column_inner width=&#8221;1\/2&#8243;][vc_single_image image=&#8221;7591&#8243; img_size=&#8221;large&#8221;][\/vc_column_inner][vc_column_inner width=&#8221;1\/2&#8243;][vc_empty_space][vc_column_text]<\/p>\n<ul>\n<li>Vous ne trouvez pas ce que vous cherchez parmi nos formes standard\u00a0?\u00a0<a href=\"https:\/\/www.pintro.be\/fr\/contact\/\">Contactez-nous<\/a>\u00a0pour un disque sur mesure.<\/li>\n<\/ul>\n<p>[\/vc_column_text][\/vc_column_inner][\/vc_row_inner][\/vc_tta_section][\/vc_tta_tabs][\/vc_column][\/vc_row][vc_row full_width=&#8221;stretch_row&#8221; kd_image_overlay_color=&#8221;rgba(10,10,10,0.06)&#8221; kd_image_overlay=&#8221;true&#8221; css=&#8221;.vc_custom_1580826484059{background: #000000 url(https:\/\/www.pintro.be\/fr\/wp-content\/uploads\/sites\/3\/2020\/01\/Belevingsachtergrond-VLQ.png?id=7571) !important;background-position: center !important;background-repeat: no-repeat !important;background-size: cover !important;}&#8221;][vc_column][vc_row_inner css=&#8221;.vc_custom_1581080544154{padding-top: 80px !important;padding-bottom: 100px !important;}&#8221;][vc_column_inner css=&#8221;.vc_custom_1581080650027{padding-top: 20px !important;padding-right: 45px !important;padding-bottom: 30px !important;padding-left: 0px !important;}&#8221; offset=&#8221;vc_col-lg-offset-0 vc_col-lg-6 vc_col-md-offset-1 vc_col-sm-offset-1&#8243;]<header class=\"kd-section-title col-lg-12 text-left  kd-animated fadeIn   vc_custom_1582903907217\" data-animation-delay=200><h2 class=\"separator_off\" style=\"color: #ffffff;\">Montage rapide et entretien restreint<\/h2><h6 class=\"subtitle \" style=\"color: #ffffff;\">Le montage, d\u00e9montage et changement de forme se fait facilement. La machine est principalement compos\u00e9e de HDPE1000 et d\u2019INOX. Elle r\u00e9siste au lavage \u00e0 la machine (sauf la plaque en plexi). Hors mis le nettoyage, la machine ne n\u00e9cessite aucun entretien.<\/h6><\/header>[vc_empty_space height=&#8221;15px&#8221;][\/vc_column_inner][vc_column_inner css=&#8221;.vc_custom_1541419008394{padding-right: 0px !important;}&#8221; offset=&#8221;vc_col-lg-6&#8243;]<div class=\"video-container play-button-center\" ><img loading=\"lazy\" decoding=\"async\" width=\"1280\" height=\"720\" src=\"https:\/\/www.pintro.be\/fr\/wp-content\/uploads\/sites\/3\/2020\/08\/Foto-voor-video-volledig.png\" class=\"attachment-full\" alt=\"PINTRO formeuse \u00e0 steaks machine\" title=\"PINTRO formeuse \u00e0 steaks machine\" srcset=\"https:\/\/www.pintro.be\/fr\/wp-content\/uploads\/sites\/3\/2020\/08\/Foto-voor-video-volledig.png 1280w, https:\/\/www.pintro.be\/fr\/wp-content\/uploads\/sites\/3\/2020\/08\/Foto-voor-video-volledig-300x169.png 300w, https:\/\/www.pintro.be\/fr\/wp-content\/uploads\/sites\/3\/2020\/08\/Foto-voor-video-volledig-1024x576.png 1024w, https:\/\/www.pintro.be\/fr\/wp-content\/uploads\/sites\/3\/2020\/08\/Foto-voor-video-volledig-768x432.png 768w\" sizes=\"auto, (max-width: 1280px) 100vw, 1280px\" \/><a data-toggle=\"modal\" data-target=\"#video-modal-kd-video-modal-69e8aa0284d1f\" data-src=\"https:\/\/www.youtube.com\/embed\/HX2IlAg7h_c\" data-backdrop=\"true\" class=\"\"><span class=\"play-video\"><span class=\"fas fa-play\"><\/span><\/span><\/a><\/div><div class=\"modal fade video-modal\" id=\"video-modal-kd-video-modal-69e8aa0284d1f\" role=\"dialog\">\n                            <div class=\"modal-content\">\n                            <button type=\"button\" class=\"close\" data-dismiss=\"modal\">\u00d7<\/button>\n                            <div class=\"row\"><iframe width=\"1024\" height=\"576\" webkitallowfullscreen mozallowfullscreen allowfullscreen><\/iframe><\/div>\n                            <\/div>\n                        <\/div>[\/vc_column_inner][\/vc_row_inner][\/vc_column][\/vc_row][vc_row full_width=&#8221;stretch_row&#8221; css=&#8221;.vc_custom_1539081547247{background-color: #f5f5f5 !important;}&#8221;][vc_column css=&#8221;.vc_custom_1516094926734{padding-right: 0px !important;padding-left: 0px !important;}&#8221;][vc_row_inner css=&#8221;.vc_custom_1511348683940{padding-top: 100px !important;padding-bottom: 100px !important;}&#8221;][vc_column_inner width=&#8221;1\/2&#8243; offset=&#8221;vc_col-lg-6 vc_col-md-12&#8243;][vc_custom_heading text=&#8221;Recevoir une brochure gratuite.&#8221; font_container=&#8221;tag:h3|text_align:left|line_height:50px&#8221; use_theme_fonts=&#8221;yes&#8221; css_animation=&#8221;fadeIn&#8221; css=&#8221;.vc_custom_1582903919155{margin-bottom: 0px !important;}&#8221;][\/vc_column_inner][vc_column_inner width=&#8221;1\/2&#8243; offset=&#8221;vc_col-lg-6 vc_col-md-12&#8243;]<div class=\"kd-contact-form inline-cf white-input-bg\" >\n<div class=\"wpcf7 no-js\" id=\"wpcf7-f4151-o1\" lang=\"en-US\" dir=\"ltr\" data-wpcf7-id=\"4151\">\n<div class=\"screen-reader-response\"><p role=\"status\" aria-live=\"polite\" aria-atomic=\"true\"><\/p> <ul><\/ul><\/div>\n<form action=\"\/fr\/wp-json\/wp\/v2\/pages\/31#wpcf7-f4151-o1\" method=\"post\" class=\"wpcf7-form init\" aria-label=\"Contact form\" novalidate=\"novalidate\" data-status=\"init\">\n<fieldset class=\"hidden-fields-container\"><input type=\"hidden\" name=\"_wpcf7\" value=\"4151\" \/><input type=\"hidden\" name=\"_wpcf7_version\" value=\"6.1.5\" \/><input type=\"hidden\" name=\"_wpcf7_locale\" value=\"en_US\" \/><input type=\"hidden\" name=\"_wpcf7_unit_tag\" value=\"wpcf7-f4151-o1\" \/><input type=\"hidden\" name=\"_wpcf7_container_post\" value=\"0\" \/><input type=\"hidden\" name=\"_wpcf7_posted_data_hash\" value=\"\" \/><input type=\"hidden\" name=\"_wpcf7_recaptcha_response\" value=\"\" \/>\n<\/fieldset>\n<input class=\"wpcf7-form-control wpcf7-hidden\" value=\"Entreprise\" type=\"hidden\" name=\"bedrijf\" \/>\n<input class=\"wpcf7-form-control wpcf7-hidden\" value=\"Madame, Monsieur\" type=\"hidden\" name=\"voornaam\" \/>\n<input class=\"wpcf7-form-control wpcf7-hidden\" value=\"Madame, Monsieur\" type=\"hidden\" name=\"achternaam\" \/>\n<input class=\"wpcf7-form-control wpcf7-hidden\" value=\"FRANCAIS\" type=\"hidden\" name=\"taal\" \/>\n<p><span class=\"wpcf7-form-control-wrap\" data-name=\"email-subscribe\"><input size=\"40\" maxlength=\"400\" class=\"wpcf7-form-control wpcf7-email wpcf7-validates-as-required wpcf7-text wpcf7-validates-as-email\" aria-required=\"true\" aria-invalid=\"false\" placeholder=\"Entrez votre adresse e-mail\" value=\"\" type=\"email\" name=\"email-subscribe\" \/><\/span><br \/>\n<input class=\"wpcf7-form-control wpcf7-submit has-spinner\" type=\"submit\" value=\"Recevoir la brochure\" \/>\n<\/p><input type='hidden' class='wpcf7-pum' value='{\"closepopup\":false,\"closedelay\":0,\"openpopup\":false,\"openpopup_id\":0}' \/><div class=\"wpcf7-response-output\" aria-hidden=\"true\"><\/div>\n<\/form>\n<\/div>\n<\/div>[\/vc_column_inner][\/vc_row_inner][\/vc_column][\/vc_row]<\/p>\n<\/div>","protected":false},"excerpt":{"rendered":"<p>[vc_row full_width=&#8221;stretch_row&#8221; kd_image_overlay_color=&#8221;rgba(0,0,0,0.5)&#8221; kd_image_overlay=&#8221;true&#8221; css=&#8221;.vc_custom_1582803806118{background-image: url(https:\/\/www.pintro.be\/fr\/wp-content\/uploads\/sites\/3\/2020\/02\/PINTRO-hamburger-vormer-machine.png?id=7924) !important;background-position: center !important;background-repeat: no-repeat !important;background-size: cover !important;}&#8221;][vc_column css=&#8221;.vc_custom_1513003956648{padding-top: 0px !important;}&#8221;][\/vc_column][\/vc_row][vc_row full_width=&#8221;stretch_row&#8221; css=&#8221;.vc_custom_1582708783497{background-image: url(https:\/\/www.pintro.be\/fr\/wp-content\/uploads\/sites\/3\/2020\/01\/Belevingsachtergrond-VLQ.png?id=7571) !important;background-position: [&hellip;]<\/p>\n","protected":false},"author":1,"featured_media":425,"parent":0,"menu_order":0,"comment_status":"closed","ping_status":"closed","template":"","meta":{"inline_featured_image":false,"footnotes":""},"class_list":["post-31","page","type-page","status-publish","has-post-thumbnail","hentry"],"_links":{"self":[{"href":"https:\/\/www.pintro.be\/fr\/wp-json\/wp\/v2\/pages\/31","targetHints":{"allow":["GET"]}}],"collection":[{"href":"https:\/\/www.pintro.be\/fr\/wp-json\/wp\/v2\/pages"}],"about":[{"href":"https:\/\/www.pintro.be\/fr\/wp-json\/wp\/v2\/types\/page"}],"author":[{"embeddable":true,"href":"https:\/\/www.pintro.be\/fr\/wp-json\/wp\/v2\/users\/1"}],"replies":[{"embeddable":true,"href":"https:\/\/www.pintro.be\/fr\/wp-json\/wp\/v2\/comments?post=31"}],"version-history":[{"count":107,"href":"https:\/\/www.pintro.be\/fr\/wp-json\/wp\/v2\/pages\/31\/revisions"}],"predecessor-version":[{"id":12580,"href":"https:\/\/www.pintro.be\/fr\/wp-json\/wp\/v2\/pages\/31\/revisions\/12580"}],"wp:featuredmedia":[{"embeddable":true,"href":"https:\/\/www.pintro.be\/fr\/wp-json\/wp\/v2\/media\/425"}],"wp:attachment":[{"href":"https:\/\/www.pintro.be\/fr\/wp-json\/wp\/v2\/media?parent=31"}],"curies":[{"name":"wp","href":"https:\/\/api.w.org\/{rel}","templated":true}]}}