{"id":20,"date":"2020-01-13T09:48:56","date_gmt":"2020-01-13T09:48:56","guid":{"rendered":"https:\/\/www.pintro.be\/fr\/?page_id=20"},"modified":"2020-03-13T15:37:30","modified_gmt":"2020-03-13T15:37:30","slug":"machines-a-brochettes","status":"publish","type":"page","link":"https:\/\/www.pintro.be\/fr\/machines-a-brochettes\/","title":{"rendered":"Machines \u00e0 brochettes"},"content":{"rendered":"<div class=\"wpb-content-wrapper\"><p>[vc_row full_width=&#8221;stretch_row&#8221; kd_image_overlay_color=&#8221;rgba(0,0,0,0.38)&#8221; kd_image_overlay=&#8221;true&#8221;][vc_column]\n\t\t\t\t<p class=\"rs-p-wp-fix\"><\/p>\n\t\t\t\t<sr7-module data-alias=\"automatische-brochettemachines-1\" data-id=\"9\" id=\"SR7_9_1\" class=\"rs-ov-hidden\" data-version=\"6.7.54\">\n\t\t\t\t\t<sr7-adjuster><\/sr7-adjuster>\n\t\t\t\t\t<sr7-content>\n\t\t\t\t\t\t<sr7-slide id=\"SR7_9_1-3\" data-key=\"3\">\n\t\t\t\t\t\t\t<h1 id=\"SR7_9_1-3-2\" class=\"sr7-layer\">PINTRO<br\/>\nMachines \u00e0 brochettes<\/h1>\n\t\t\t\t\t\t<\/sr7-slide>\n\t\t\t\t\t\t<sr7-slide id=\"SR7_9_1-21\" data-key=\"21\">\n\t\t\t\t\t\t<\/sr7-slide>\n\t\t\t\t\t<\/sr7-content>\n\t\t\t\t<\/sr7-module>\n\t\t\t\t<script>\n\t\t\t\t\twindow.SR7 ??={};SR7.PMH ??={}; SR7.PMH[\"SR7_9_1\"] = {cn:100,state:false,fn: function() { if (window._tpt!==undefined && window._tpt.prepareModuleHeight !== undefined) {  _tpt.prepareModuleHeight({id:\"SR7_9_1\",el:[600,600,600,600,400],type:'standard',shdw:'0',gh:[600,600,600,600,400],gw:[1240,1240,1240,1240,480],vpt:['-200px&#039;,&#039;-200px&#039;,&#039;-200px&#039;,&#039;-200px&#039;,&#039;-200px'],size:{fullWidth:true, fullHeight:false},mh:'0',onh:0,onw:0,bg:{color:'{\"type\":\"solid\",\"orig\":\"#1f1d24\",\"string\":\"rgba(31, 29, 36, 1)\"}'},plType:'-1',plColor:'#FFFFFF'});   SR7.PMH[\"SR7_9_1\"].state=true;} else if(SR7.PMH[\"SR7_9_1\"].cn-->0)\tsetTimeout( SR7.PMH[\"SR7_9_1\"].fn,19);}};SR7.PMH[\"SR7_9_1\" ].fn();\n\t\t\t\t<\/script>\n[\/vc_column][\/vc_row][vc_row full_width=&#8221;stretch_row&#8221; kd_image_overlay_color=&#8221;rgba(255,255,255,0.87)&#8221; kd_image_overlay=&#8221;true&#8221; css=&#8221;.vc_custom_1580467962949{padding-top: 75px !important;padding-bottom: 75px !important;background-color: #f7f7f7 !important;}&#8221;][vc_column][vc_row_inner][vc_column_inner width=&#8221;1\/2&#8243; css=&#8221;.vc_custom_1580475510160{background-color: #ffffff !important;}&#8221;]<header class=\"kd-section-title col-lg-12 text-center    \" ><h2 class=\"separator_off\" >Machines \u00e0 brochettes manuelles<\/h2><\/header><div class=\"kd-photobox  \" ><div class=\"photobox-img\"><a href=\"https:\/\/www.pintro.be\/fr\/machines-a-brochettes\/machine-a-brochettes-manuelles\/\"  title=\"Manuele brochettemachine\"><img loading=\"lazy\" decoding=\"async\" width=\"2321\" height=\"1510\" src=\"https:\/\/www.pintro.be\/fr\/wp-content\/uploads\/sites\/3\/2020\/01\/Foto-PINTRO-P160-manuele-sat\u00e9machine.jpg\" class=\"attachment-full\" alt=\"PINTRO P160 manuele sat\u00e9machine\" title=\"PINTRO P160 manuele sat\u00e9machine\" srcset=\"https:\/\/www.pintro.be\/fr\/wp-content\/uploads\/sites\/3\/2020\/01\/Foto-PINTRO-P160-manuele-sat\u00e9machine.jpg 2321w, https:\/\/www.pintro.be\/fr\/wp-content\/uploads\/sites\/3\/2020\/01\/Foto-PINTRO-P160-manuele-sat\u00e9machine-300x195.jpg 300w, https:\/\/www.pintro.be\/fr\/wp-content\/uploads\/sites\/3\/2020\/01\/Foto-PINTRO-P160-manuele-sat\u00e9machine-1024x666.jpg 1024w, https:\/\/www.pintro.be\/fr\/wp-content\/uploads\/sites\/3\/2020\/01\/Foto-PINTRO-P160-manuele-sat\u00e9machine-768x500.jpg 768w, https:\/\/www.pintro.be\/fr\/wp-content\/uploads\/sites\/3\/2020\/01\/Foto-PINTRO-P160-manuele-sat\u00e9machine-1536x999.jpg 1536w, https:\/\/www.pintro.be\/fr\/wp-content\/uploads\/sites\/3\/2020\/01\/Foto-PINTRO-P160-manuele-sat\u00e9machine-2048x1332.jpg 2048w, https:\/\/www.pintro.be\/fr\/wp-content\/uploads\/sites\/3\/2020\/01\/Foto-PINTRO-P160-manuele-sat\u00e9machine-800x520.jpg 800w\" sizes=\"auto, (max-width: 2321px) 100vw, 2321px\" \/><\/a><\/div><div class=\"phb-content text-center \" >\n                  <h5 ><\/h5>\n                  <p >Avec PINTRO, vous embrochez des produits sur un b\u00e2ton de fa\u00e7on simple, rapide et hygi\u00e9nique, sans perdre l\u2019aspect artisanal de la brochette ou du chachlyk.<\/p><div class=\"phb-btncontainer\">\n                        <a href=\"https:\/\/www.pintro.be\/fr\/machines-a-brochettes\/machine-a-brochettes-manuelles\/\"  title=\"Manuele brochettemachine\" class=\"tt_button tt_secondary_button  btn_primary_color\" >Voir les machines manuelles<\/a>\n                    <\/div><\/div><\/div>[\/vc_column_inner][vc_column_inner width=&#8221;1\/2&#8243;]<header class=\"kd-section-title col-lg-12 text-center    \" ><h2 class=\"separator_off\" >Machines \u00e0 brochettes automatiques<\/h2><\/header><div class=\"kd-photobox  \" ><div class=\"photobox-img\"><a href=\"https:\/\/www.pintro.be\/fr\/machines-a-brochettes\/machine-a-brochette-automatique\/\"  title=\"Machine \u00e0 brochette automatique\"><img loading=\"lazy\" decoding=\"async\" width=\"2560\" height=\"1707\" src=\"https:\/\/www.pintro.be\/fr\/wp-content\/uploads\/sites\/3\/2020\/03\/Nieuwe-brochettenmachine-met-robotvlees-scaled.jpg\" class=\"attachment-full\" alt=\"PINTRO machine \u00e0 brochette automatique Pick &amp; Skewer\" title=\"PINTRO machine \u00e0 brochette automatique Pick &amp; Skewer\" srcset=\"https:\/\/www.pintro.be\/fr\/wp-content\/uploads\/sites\/3\/2020\/03\/Nieuwe-brochettenmachine-met-robotvlees-scaled.jpg 2560w, https:\/\/www.pintro.be\/fr\/wp-content\/uploads\/sites\/3\/2020\/03\/Nieuwe-brochettenmachine-met-robotvlees-300x200.jpg 300w, https:\/\/www.pintro.be\/fr\/wp-content\/uploads\/sites\/3\/2020\/03\/Nieuwe-brochettenmachine-met-robotvlees-1024x683.jpg 1024w, https:\/\/www.pintro.be\/fr\/wp-content\/uploads\/sites\/3\/2020\/03\/Nieuwe-brochettenmachine-met-robotvlees-768x512.jpg 768w, https:\/\/www.pintro.be\/fr\/wp-content\/uploads\/sites\/3\/2020\/03\/Nieuwe-brochettenmachine-met-robotvlees-1536x1024.jpg 1536w, https:\/\/www.pintro.be\/fr\/wp-content\/uploads\/sites\/3\/2020\/03\/Nieuwe-brochettenmachine-met-robotvlees-2048x1366.jpg 2048w\" sizes=\"auto, (max-width: 2560px) 100vw, 2560px\" \/><\/a><\/div><div class=\"phb-content text-center \" >\n                  <h5 ><\/h5>\n                  <p >Les machines \u00e0 brochettes automatiques de PINTRO permettent aux grandes entreprises agroalimentaires de produire de mani\u00e8re tr\u00e8s efficace de grandes quantit\u00e9s de brochettes artisanales.<\/p><div class=\"phb-btncontainer\">\n                        <a href=\"https:\/\/www.pintro.be\/fr\/machines-a-brochettes\/machine-a-brochette-automatique\/\"  title=\"Machine \u00e0 brochette automatique\" class=\"tt_button tt_secondary_button  btn_primary_color\" >Voir les machines automatiques<\/a>\n                    <\/div><\/div><\/div>[\/vc_column_inner][\/vc_row_inner][\/vc_column][\/vc_row][vc_row][vc_column][\/vc_column][\/vc_row]<\/p>\n<\/div>","protected":false},"excerpt":{"rendered":"<p>[vc_row full_width=&#8221;stretch_row&#8221; kd_image_overlay_color=&#8221;rgba(0,0,0,0.38)&#8221; kd_image_overlay=&#8221;true&#8221;][vc_column][\/vc_column][\/vc_row][vc_row full_width=&#8221;stretch_row&#8221; kd_image_overlay_color=&#8221;rgba(255,255,255,0.87)&#8221; kd_image_overlay=&#8221;true&#8221; css=&#8221;.vc_custom_1580467962949{padding-top: 75px !important;padding-bottom: 75px !important;background-color: #f7f7f7 !important;}&#8221;][vc_column][vc_row_inner][vc_column_inner width=&#8221;1\/2&#8243; css=&#8221;.vc_custom_1580475510160{background-color: #ffffff !important;}&#8221;][\/vc_column_inner][vc_column_inner width=&#8221;1\/2&#8243;][\/vc_column_inner][\/vc_row_inner][\/vc_column][\/vc_row][vc_row][vc_column][\/vc_column][\/vc_row]<\/p>\n","protected":false},"author":1,"featured_media":7842,"parent":0,"menu_order":0,"comment_status":"closed","ping_status":"closed","template":"","meta":{"inline_featured_image":false,"footnotes":""},"class_list":["post-20","page","type-page","status-publish","has-post-thumbnail","hentry"],"_links":{"self":[{"href":"https:\/\/www.pintro.be\/fr\/wp-json\/wp\/v2\/pages\/20","targetHints":{"allow":["GET"]}}],"collection":[{"href":"https:\/\/www.pintro.be\/fr\/wp-json\/wp\/v2\/pages"}],"about":[{"href":"https:\/\/www.pintro.be\/fr\/wp-json\/wp\/v2\/types\/page"}],"author":[{"embeddable":true,"href":"https:\/\/www.pintro.be\/fr\/wp-json\/wp\/v2\/users\/1"}],"replies":[{"embeddable":true,"href":"https:\/\/www.pintro.be\/fr\/wp-json\/wp\/v2\/comments?post=20"}],"version-history":[{"count":92,"href":"https:\/\/www.pintro.be\/fr\/wp-json\/wp\/v2\/pages\/20\/revisions"}],"predecessor-version":[{"id":9518,"href":"https:\/\/www.pintro.be\/fr\/wp-json\/wp\/v2\/pages\/20\/revisions\/9518"}],"wp:featuredmedia":[{"embeddable":true,"href":"https:\/\/www.pintro.be\/fr\/wp-json\/wp\/v2\/media\/7842"}],"wp:attachment":[{"href":"https:\/\/www.pintro.be\/fr\/wp-json\/wp\/v2\/media?parent=20"}],"curies":[{"name":"wp","href":"https:\/\/api.w.org\/{rel}","templated":true}]}}