{"id":14,"date":"2020-01-13T09:47:31","date_gmt":"2020-01-13T09:47:31","guid":{"rendered":"https:\/\/www.pintro.be\/fr\/?page_id=14"},"modified":"2020-04-27T12:22:26","modified_gmt":"2020-04-27T12:22:26","slug":"demo","status":"publish","type":"page","link":"https:\/\/www.pintro.be\/fr\/demo\/","title":{"rendered":"Demo"},"content":{"rendered":"<div class=\"wpb-content-wrapper\"><p>[vc_row full_width=&#8221;stretch_row&#8221; css=&#8221;.vc_custom_1581682238509{padding-top: 100px !important;background-position: center !important;background-repeat: no-repeat !important;background-size: cover !important;}&#8221;][vc_column css=&#8221;.vc_custom_1515686761275{padding-right: 0px !important;padding-left: 0px !important;}&#8221;][vc_row_inner][vc_column_inner]<header class=\"kd-section-title vc_col-lg-6 vc_col-sm-8 text-center  kd-animated fadeIn   vc_custom_1583067690582\" data-animation-delay=200><h2 class=\"separator_off\" style=\"color: #000000;\">Introduisez une demande de d\u00e9mo PINTRO<\/h2><h6 class=\"subtitle \" style=\"color: #3d3d3d;\">Pintro vous offre la possibilit\u00e9 de tester toutes les machines PINTRO pour que vous puissiez d\u00e9couvrir tous les avantages avant de passer \u00e0 un \u00e9ventuel achat. Nous vous proposons 2 solutions pour tester les produits, soit dans vos locaux, soit dans notre laboratoire PINTRO \u00e0 Eeklo en Belgique.<\/h6><\/header>[\/vc_column_inner][\/vc_row_inner][vc_row_inner css=&#8221;.vc_custom_1581682214775{padding-bottom: 50px !important;}&#8221;][vc_column_inner width=&#8221;1\/2&#8243; css=&#8221;.vc_custom_1515686674776{padding-right: 15px !important;}&#8221;]\r\n                <div class=\"photobox-carousel pbc-parent black-navigation kd-pbc-69e3f5cbc0dba nav-arrows-dots demoboeking\">\r\n                    <div class=\"pbc-content\"><div class=\"kd-photobox kd-animated fadeInUp popmake-demo-ter-plaatse\" data-animation-delay=200><div class=\"photobox-img\"><a href=\"https:\/\/www.pintro.be\/fr\/demo\/demo-chez-le-client\/\"  title=\"D\u00e9mo chez le client\"><img loading=\"lazy\" decoding=\"async\" width=\"2560\" height=\"1707\" src=\"https:\/\/www.pintro.be\/fr\/wp-content\/uploads\/sites\/3\/2020\/02\/P1000-demo-6-scaled.jpg\" class=\"attachment-full\" alt=\"PINTRO Demo chez le client\" title=\"PINTRO Demo chez le client\" srcset=\"https:\/\/www.pintro.be\/fr\/wp-content\/uploads\/sites\/3\/2020\/02\/P1000-demo-6-scaled.jpg 2560w, https:\/\/www.pintro.be\/fr\/wp-content\/uploads\/sites\/3\/2020\/02\/P1000-demo-6-300x200.jpg 300w, https:\/\/www.pintro.be\/fr\/wp-content\/uploads\/sites\/3\/2020\/02\/P1000-demo-6-1024x683.jpg 1024w, https:\/\/www.pintro.be\/fr\/wp-content\/uploads\/sites\/3\/2020\/02\/P1000-demo-6-768x512.jpg 768w, https:\/\/www.pintro.be\/fr\/wp-content\/uploads\/sites\/3\/2020\/02\/P1000-demo-6-1536x1024.jpg 1536w, https:\/\/www.pintro.be\/fr\/wp-content\/uploads\/sites\/3\/2020\/02\/P1000-demo-6-2048x1365.jpg 2048w, https:\/\/www.pintro.be\/fr\/wp-content\/uploads\/sites\/3\/2020\/02\/P1000-demo-6-800x533.jpg 800w\" sizes=\"auto, (max-width: 2560px) 100vw, 2560px\" \/><\/a><\/div><div class=\"phb-content text-left \" >\r\n                <h5 style=\"color: #000000;\">Introduise une demande de d\u00e9mo dans vos installations<\/h5>\r\n                <p style=\"color: #000000;\">Notre repr\u00e9sentant PINTRO se rendra volontiers chez vous pour vous faire d\u00e9couvrir les machines et leurs avantages.<\/p><div class=\"phb-btncontainer\">\r\n                      <a href=\"https:\/\/www.pintro.be\/fr\/demo\/demo-chez-le-client\/\"  title=\"D\u00e9mo chez le client\" class=\"tt_button tt_primary_button btn_primary_color\">Introduise une demande de d\u00e9mo dans vos installations<\/a>\r\n                  <\/div><\/div><\/div><\/div>\r\n                <\/div><script type=\"text\/javascript\">\r\n          \t\t\t\tjQuery(document).ready(function($){\r\n                    if ($(\".photobox-carousel.kd-pbc-69e3f5cbc0dba .pbc-content\").length) {\r\n                      $(\".photobox-carousel.kd-pbc-69e3f5cbc0dba .pbc-content\").owlCarousel({\r\n                          stageClass: \"owl-wrapper\",\r\n                          stageOuterClass: \"owl-wrapper-outer\",\r\n                          loadedClass: \"owl-carousel\",\r\n                          responsive:{\r\n                              0:{\r\n                                  items:1,\r\n                                  dots: false,\r\n                                  nav: true,\r\n                                  navSpeed: 500,\r\n                              },\r\n                              768:{\r\n                                  items:2,\r\n                              },\r\n                              1199:{\r\n                                  items:1,\r\n                              },\r\n                              1366:{\r\n                                  items:1,\ndots: true,\r\n                                    dotsEach: true,\r\n                                    dotsSpeed: 500,\r\n                                    nav: true,\r\n                                    navSpeed: 500,}\r\n                          },\r\n                          rewind: true,\nautoplay: false,\nautoplayHoverPause: false,addClassActive: true,\r\n                      });\r\n                    }\r\n          \t\t\t\t});\r\n          \t\t\t<\/script>[\/vc_column_inner][vc_column_inner width=&#8221;1\/2&#8243;]\r\n                <div class=\"photobox-carousel pbc-parent black-navigation kd-pbc-69e3f5cbc1476 nav-arrows\">\r\n                    <div class=\"pbc-content\"><div class=\"kd-photobox kd-animated fadeInUp popmake-boek-demoruimte\" ><div class=\"photobox-img\"><a href=\"https:\/\/www.pintro.be\/fr\/demo\/salle-dexpositions-et-de-demonstrations-a-eeklo\/\"  title=\"Demoruimte Eeklo\"><img loading=\"lazy\" decoding=\"async\" width=\"705\" height=\"470\" src=\"https:\/\/www.pintro.be\/fr\/wp-content\/uploads\/sites\/3\/2020\/01\/Pintro-demoruimte-280319-MVA-8-van-13-705x470-1.jpg\" class=\"attachment-full\" alt=\"\" title=\"Pintro-demoruimte-280319-MVA-8-van-13-705x470 (1)\" srcset=\"https:\/\/www.pintro.be\/fr\/wp-content\/uploads\/sites\/3\/2020\/01\/Pintro-demoruimte-280319-MVA-8-van-13-705x470-1.jpg 705w, https:\/\/www.pintro.be\/fr\/wp-content\/uploads\/sites\/3\/2020\/01\/Pintro-demoruimte-280319-MVA-8-van-13-705x470-1-300x200.jpg 300w\" sizes=\"auto, (max-width: 705px) 100vw, 705px\" \/><\/a><\/div><div class=\"phb-content text-left \" >\r\n                <h5 style=\"color: #0a0a0a;\">R\u00e9servez une d\u00e9monstration dans notre salle d\u2019expositions et de d\u00e9monstrations \u00e0 Eeklo<\/h5>\r\n                <p style=\"color: #000000;\">Nous vous invitons \u00e0 d\u00e9couvrir notre gamme de machines et de les tester avec vos propres ingr\u00e9dients dans notre laboratoire \u00e0 Eeklo. Pendant ces temps de Coronavirus, nous proposons \u00e9galement des d\u00e9monstrations en ligne.<\/p><div class=\"phb-btncontainer\">\r\n                      <a href=\"https:\/\/www.pintro.be\/fr\/demo\/salle-dexpositions-et-de-demonstrations-a-eeklo\/\"  title=\"Demoruimte Eeklo\" class=\"tt_button tt_primary_button btn_primary_color\">Introduire une demande de d\u00e9monstration \u00e0 Eeklo<\/a>\r\n                  <\/div><\/div><\/div><\/div>\r\n                <\/div><script type=\"text\/javascript\">\r\n          \t\t\t\tjQuery(document).ready(function($){\r\n                    if ($(\".photobox-carousel.kd-pbc-69e3f5cbc1476 .pbc-content\").length) {\r\n                      $(\".photobox-carousel.kd-pbc-69e3f5cbc1476 .pbc-content\").owlCarousel({\r\n                          stageClass: \"owl-wrapper\",\r\n                          stageOuterClass: \"owl-wrapper-outer\",\r\n                          loadedClass: \"owl-carousel\",\r\n                          responsive:{\r\n                              0:{\r\n                                  items:1,\r\n                                  dots: false,\r\n                                  nav: true,\r\n                                  navSpeed: 500,\r\n                              },\r\n                              768:{\r\n                                  items:2,\r\n                              },\r\n                              1199:{\r\n                                  items:1,\r\n                              },\r\n                              1366:{\r\n                                  items:1,\nnav: true,\r\n                                    navSpeed: 500,\r\n                                    dots: false,}\r\n                          },\r\n                          rewind: true,\nautoplay: false,\nautoplayHoverPause: false,addClassActive: true,\r\n                      });\r\n                    }\r\n          \t\t\t\t});\r\n          \t\t\t<\/script>[\/vc_column_inner][\/vc_row_inner][\/vc_column][\/vc_row]<\/p>\n<\/div>","protected":false},"excerpt":{"rendered":"<p>[vc_row full_width=&#8221;stretch_row&#8221; css=&#8221;.vc_custom_1581682238509{padding-top: 100px !important;background-position: center !important;background-repeat: no-repeat !important;background-size: cover !important;}&#8221;][vc_column css=&#8221;.vc_custom_1515686761275{padding-right: 0px !important;padding-left: 0px !important;}&#8221;][vc_row_inner][vc_column_inner][\/vc_column_inner][\/vc_row_inner][vc_row_inner css=&#8221;.vc_custom_1581682214775{padding-bottom: 50px !important;}&#8221;][vc_column_inner width=&#8221;1\/2&#8243; [&hellip;]<\/p>\n","protected":false},"author":1,"featured_media":7874,"parent":0,"menu_order":0,"comment_status":"closed","ping_status":"closed","template":"","meta":{"inline_featured_image":false,"footnotes":""},"class_list":["post-14","page","type-page","status-publish","has-post-thumbnail","hentry"],"_links":{"self":[{"href":"https:\/\/www.pintro.be\/fr\/wp-json\/wp\/v2\/pages\/14","targetHints":{"allow":["GET"]}}],"collection":[{"href":"https:\/\/www.pintro.be\/fr\/wp-json\/wp\/v2\/pages"}],"about":[{"href":"https:\/\/www.pintro.be\/fr\/wp-json\/wp\/v2\/types\/page"}],"author":[{"embeddable":true,"href":"https:\/\/www.pintro.be\/fr\/wp-json\/wp\/v2\/users\/1"}],"replies":[{"embeddable":true,"href":"https:\/\/www.pintro.be\/fr\/wp-json\/wp\/v2\/comments?post=14"}],"version-history":[{"count":25,"href":"https:\/\/www.pintro.be\/fr\/wp-json\/wp\/v2\/pages\/14\/revisions"}],"predecessor-version":[{"id":9666,"href":"https:\/\/www.pintro.be\/fr\/wp-json\/wp\/v2\/pages\/14\/revisions\/9666"}],"wp:featuredmedia":[{"embeddable":true,"href":"https:\/\/www.pintro.be\/fr\/wp-json\/wp\/v2\/media\/7874"}],"wp:attachment":[{"href":"https:\/\/www.pintro.be\/fr\/wp-json\/wp\/v2\/media?parent=14"}],"curies":[{"name":"wp","href":"https:\/\/api.w.org\/{rel}","templated":true}]}}