{"id":8376,"date":"2020-02-19T14:37:07","date_gmt":"2020-02-19T14:37:07","guid":{"rendered":"https:\/\/www.pintro.be\/de\/?page_id=8376"},"modified":"2024-04-26T11:17:11","modified_gmt":"2024-04-26T09:17:11","slug":"hackballchenmaschine-mbf-50","status":"publish","type":"page","link":"https:\/\/www.pintro.be\/de\/hackballchenmaschine\/hackballchenmaschine-mbf-50\/","title":{"rendered":"Hackb\u00e4llchenmaschine MBF 50"},"content":{"rendered":"<div class=\"wpb-content-wrapper\"><p>[vc_row][vc_column][vc_tta_tabs active_section=&#8221;1&#8243;][vc_tta_section i_icon_fontawesome=&#8221;fa fa-star-o&#8221; add_icon=&#8221;true&#8221; title=&#8221;MBF 50&#8243; tab_id=&#8221;1582123288888-f79378a9-d85d&#8221;][vc_row_inner css=&#8221;.vc_custom_1582126902919{padding-top: 20px !important;}&#8221;][vc_column_inner width=&#8221;1\/2&#8243;][vc_single_image image=&#8221;191&#8243; img_size=&#8221;full&#8221; css=&#8221;.vc_custom_1610122370728{margin-top: -50px !important;}&#8221;]<a  href=\"#\"  target=\"_self\"  title=\"\" class=\"tt_button tt_primary_button btn_primary_color  pull-left button-action-link   popmake-9931\" ><span class=\"prim_text\">Buchen Sie Ihre Vorf\u00fchrung<\/span><\/a>[vc_empty_space]<a  href=\"#\"  target=\"_self\"  title=\"\" class=\"tt_button tt_primary_button btn_primary_color  pull-left button-action-link   panel-trigger-btn\" ><span class=\"prim_text\">Richtpreise erhalten<\/span><\/a>[\/vc_column_inner][vc_column_inner width=&#8221;1\/2&#8243; css=&#8221;.vc_custom_1582124766729{padding-top: 20px !important;}&#8221;]<header class=\"kd-section-title col-lg-12 text-left    \" ><h2 class=\"separator_off\" >Hackb\u00e4llchenmaschine MBF 50<\/h2><h6 class=\"subtitle \" >Die PINTRO Hackb\u00e4llchenmaschine ist die Maschine der Wahl, wenn Sie gro\u00dfe Mengen an Hackb\u00e4llchen (in verschiedenen Gr\u00f6\u00dfen und Gewichten) herstellen m\u00f6chten. Sie haben die Wahl zwischen kleinen B\u00e4llchen als Suppeneinlage, mittelgro\u00dfen oder auch gro\u00dfen B\u00e4llchen f\u00fcr Partys und Fondue. Der Wechsel des Kalibers geht sehr schnell.<\/h6><\/header>[vc_column_text]<\/p>\n<ul>\n<li>Hohe Kapazit\u00e4t<\/li>\n<li>Konstantes Gewicht<\/li>\n<li>Traditionelles Aussehen<\/li>\n<li>Verschiedene Gewichte m\u00f6glich<\/li>\n<li>Hygienisch<\/li>\n<li>Kompatibel mit den meisten Kolben- und Vakuum-F\u00fcllmaschinen<\/li>\n<\/ul>\n<p>[\/vc_column_text][\/vc_column_inner][\/vc_row_inner][\/vc_tta_section][vc_tta_section i_icon_fontawesome=&#8221;fa fa-list&#8221; add_icon=&#8221;true&#8221; title=&#8221;Eigenschaften&#8221; tab_id=&#8221;1582123288902-38b54fbf-6ff5&#8243;][vc_row_inner css=&#8221;.vc_custom_1582125126312{padding-top: 20px !important;}&#8221;][vc_column_inner width=&#8221;1\/2&#8243;]<header class=\"kd-section-title col-lg-12 text-left    \" ><h2 class=\"separator_off\" >Eigenschaften<\/h2><\/header>[vc_column_text]<\/p>\n<ul>\n<li><strong>Empfohlen f\u00fcr:<\/strong>\u00a0KMUs<\/li>\n<li><strong>B\u00e4llchengewicht: <\/strong>2gr &#8211; 45 g<\/li>\n<li><strong>Kapazit\u00e4t (abh\u00e4ngig von der Gr\u00f6\u00dfe des Balls): <\/strong>\n<ul>\n<li>200 &#8211; 650kg\/S (abh\u00e4ngig von der Gr\u00f6\u00dfe des Balls)<\/li>\n<li>270 \u2013 800 Portionen \/ Minute<\/li>\n<\/ul>\n<\/li>\n<li><strong>Lebensmitteltauglich:<\/strong> haupts\u00e4chlich aus Edelstahl 304 und HDPE 1000<\/li>\n<li><strong>Reinigung<\/strong>: Der Hackb\u00e4llchenformer ist sehr einfach zu handhaben und leicht zu pflegen. Die meisten Teile sind sp\u00fclmaschinenfest (bis 80\u00b0C).<\/li>\n<li><strong>Technische Angaben:<\/strong>\n<ul>\n<li>Spannung: ~230 V<\/li>\n<li>Frequenz: 50 Hz<\/li>\n<\/ul>\n<\/li>\n<li><strong>\u00dcberhitzungsschutz:<\/strong> Thermische Sicherung 1A<\/li>\n<\/ul>\n<p>[\/vc_column_text][\/vc_column_inner][vc_column_inner width=&#8221;1\/2&#8243;][vc_single_image image=&#8221;7911&#8243; img_size=&#8221;full&#8221; css=&#8221;.vc_custom_1610122399724{margin-top: -50px !important;}&#8221;]<a  href=\"#\"  target=\"_self\"  title=\"\" class=\"tt_button tt_primary_button btn_primary_color  button-center button-action-link   popmake-9931\" ><span class=\"prim_text\">Buchen Sie Ihre Vorf\u00fchrung<\/span><\/a>[vc_empty_space]<a  href=\"#\"  target=\"_self\"  title=\"\" class=\"tt_button tt_primary_button btn_primary_color  button-center button-action-link   panel-trigger-btn\" ><span class=\"prim_text\">Richtpreise erhalten<\/span><\/a>[\/vc_column_inner][\/vc_row_inner][\/vc_tta_section][vc_tta_section i_icon_fontawesome=&#8221;fa fa-video-camera&#8221; add_icon=&#8221;true&#8221; title=&#8221;Video&#8221; tab_id=&#8221;1582123312455-7d4b48fe-76f3&#8243;][vc_row_inner css=&#8221;.vc_custom_1582126329270{padding-top: 20px !important;}&#8221;][vc_column_inner width=&#8221;1\/6&#8243;][\/vc_column_inner][vc_column_inner width=&#8221;2\/3&#8243;]<header class=\"kd-section-title col-lg-12 text-center    \" ><h2 class=\"separator_off\" >Schnell und sicher arbeiten<\/h2><\/header>[vc_column_text]<\/p>\n<h5 class=\"Standaard1\" style=\"text-align: center;\"><span style=\"color: #999999;\"><span lang=\"DE\">Die Maschine wird mit dem mitgelieferten Standardflansch an eine vorhandene F\u00fcllmaschine angeschlossen. Das kann eine Kolben- oder eine Vakuum-F\u00fcllmaschine sein. <\/span><span lang=\"DE\">Sie haben noch keine F\u00fcllmaschine? <a style=\"color: #999999;\" href=\"https:\/\/www.pintro.be\/de\/kontakt\/\"><span style=\"text-decoration: underline;\">Kontaktieren<\/span><\/a> Sie uns unverbindlich.<\/span><\/span><\/h5>\n<p>[\/vc_column_text][\/vc_column_inner][vc_column_inner width=&#8221;1\/6&#8243;][\/vc_column_inner][\/vc_row_inner][vc_row_inner css=&#8221;.vc_custom_1582125803888{padding-top: 20px !important;}&#8221;][vc_column_inner width=&#8221;1\/2&#8243;]<header class=\"kd-section-title col-lg-12 text-center    \" ><h6 class=\"subtitle \" >Funktionsweise<\/h6><\/header>[vc_video link=&#8221;https:\/\/youtu.be\/Y1c3oPQX57U&#8221;][\/vc_column_inner][vc_column_inner width=&#8221;1\/2&#8243;]<header class=\"kd-section-title col-lg-12 text-center    \" ><h6 class=\"subtitle \" >Montage<\/h6><\/header>[vc_video link=&#8221;https:\/\/youtu.be\/VIHv5dJj9fQ&#8221;][\/vc_column_inner][\/vc_row_inner][\/vc_tta_section][vc_tta_section i_icon_fontawesome=&#8221;fa fa-circle-thin&#8221; add_icon=&#8221;true&#8221; title=&#8221;Fertige Produkte&#8221; tab_id=&#8221;1582123408094-160bd039-a962&#8243;][vc_row_inner css=&#8221;.vc_custom_1582126966336{padding-top: 100px !important;}&#8221;][vc_column_inner width=&#8221;1\/2&#8243;][vc_images_carousel images=&#8221;8419,8417,8415,8413,8420,8414,8416,8418&#8243; img_size=&#8221;full&#8221;][\/vc_column_inner][vc_column_inner width=&#8221;1\/2&#8243;]<header class=\"kd-section-title col-lg-12 text-left    \" ><h2 class=\"separator_off\" >Fertige Produkte<\/h2><h6 class=\"subtitle \" >Alle hackb\u00e4llchen sind glatt, haben ein konstantes Gewicht und eine<br \/>\ntraditionelle Ansicht.<\/h6><\/header>[vc_column_text]<\/p>\n<ul>\n<li><strong>Anwendungen:<\/strong> Fleisch, Fisch, Gefl\u00fcgel, Falafel, Kartoffelb\u00e4llchen, Krabbenb\u00e4llchen, K\u00e4seb\u00e4llchen, Tiernahrung, usw.<\/li>\n<\/ul>\n<p>[\/vc_column_text][vc_empty_space height=&#8221;40px&#8221;]<a  href=\"#\"  target=\"_self\"  title=\"\" class=\"tt_button tt_primary_button btn_primary_color  pull-left button-action-link   popmake-9931\" ><span class=\"prim_text\">Buchen Sie Ihre Vorf\u00fchrung<\/span><\/a>[vc_empty_space height=&#8221;35px&#8221;]<a  href=\"#\"  target=\"_self\"  title=\"\" class=\"tt_button tt_primary_button btn_primary_color  pull-left button-action-link   panel-trigger-btn\" ><span class=\"prim_text\">Richtpreise erhalten<\/span><\/a>[\/vc_column_inner][\/vc_row_inner][\/vc_tta_section][vc_tta_section i_icon_fontawesome=&#8221;fa fa-plus&#8221; add_icon=&#8221;true&#8221; title=&#8221;Zubeh\u00f6r&#8221; tab_id=&#8221;1598942065522-4a835c0f-210c&#8221;][vc_row_inner css=&#8221;.vc_custom_1598942752098{margin-top: 20px !important;}&#8221;][vc_column_inner css=&#8221;.vc_custom_1598942710473{margin-top: 50px !important;}&#8221;]<div class=\"features-tabs kd-tabswrapper-3972069e31281ec0e6 tabs-image-left tab-img-contained\" >\r\n\t\t\t\t<div id=\"kd-extab-2919569e31281ec7f3\">\r\n\t\t\t\t<div class=\"tab-image-container\"><img loading=\"lazy\" decoding=\"async\" width=\"2560\" height=\"1810\" src=\"https:\/\/www.pintro.be\/de\/wp-content\/uploads\/sites\/4\/2020\/08\/schematische-voorstelling-zwanenhals-juiste-afmetingen-LQ-scaled.jpg\" class=\"attachment-full\" alt=\"PINTRO H\u00e4ckballchenmaschine former Schwanehals\" title=\"PINTRO H\u00e4ckballchenmaschine former Schwanehals\" srcset=\"https:\/\/www.pintro.be\/de\/wp-content\/uploads\/sites\/4\/2020\/08\/schematische-voorstelling-zwanenhals-juiste-afmetingen-LQ-scaled.jpg 2560w, https:\/\/www.pintro.be\/de\/wp-content\/uploads\/sites\/4\/2020\/08\/schematische-voorstelling-zwanenhals-juiste-afmetingen-LQ-300x212.jpg 300w, https:\/\/www.pintro.be\/de\/wp-content\/uploads\/sites\/4\/2020\/08\/schematische-voorstelling-zwanenhals-juiste-afmetingen-LQ-1024x724.jpg 1024w, https:\/\/www.pintro.be\/de\/wp-content\/uploads\/sites\/4\/2020\/08\/schematische-voorstelling-zwanenhals-juiste-afmetingen-LQ-768x543.jpg 768w, https:\/\/www.pintro.be\/de\/wp-content\/uploads\/sites\/4\/2020\/08\/schematische-voorstelling-zwanenhals-juiste-afmetingen-LQ-1536x1086.jpg 1536w, https:\/\/www.pintro.be\/de\/wp-content\/uploads\/sites\/4\/2020\/08\/schematische-voorstelling-zwanenhals-juiste-afmetingen-LQ-2048x1448.jpg 2048w\" sizes=\"auto, (max-width: 2560px) 100vw, 2560px\" \/><\/div>\r\n\t\t\t\t<div class=\"tab-text-container\">\r\n\t\t\t\t\t<h2 class=\"tab-title\">Schwanenhals<\/h2><p class=\"tab-content\">Erh\u00f6ht die Ausgabe des Formers um 35 cm.<\/p><\/div>\r\n\t\t\t\t<\/div>\r\n\t\t\t\t<li class=\"tab-control-item\">\r\n\t\t\t\t\t<a href=\"#kd-extab-2919569e31281ec7f3\"> Schwanenhals<\/a>\r\n\t\t\t\t<\/li>\r\n\t\t\t\t<ul class=\"tab-controls\"><\/ul>\r\n\t\t\t<\/div><script type=\"text\/javascript\">\r\n\t\t\t\tjQuery(document).ready(function($){\r\n\t\t\t\t\t$(\".features-tabs.kd-tabswrapper-3972069e31281ec0e6\").each( function () {\r\n\t\t\t\t\t\t$( \"li.tab-control-item\" , this ).appendTo( $( \".tab-controls\" , this ) );\r\n\t\t\t\t\t});\r\n\t\t\t\t});<\/script>[\/vc_column_inner][\/vc_row_inner][\/vc_tta_section][\/vc_tta_tabs][\/vc_column][\/vc_row][vc_row full_width=&#8221;stretch_row&#8221; kd_image_overlay_color=&#8221;#ffffff&#8221; kd_image_overlay=&#8221;true&#8221; css=&#8221;.vc_custom_1582712551512{padding-top: 100px !important;padding-bottom: 100px !important;background-color: #ffffff !important;background-position: center !important;background-repeat: no-repeat !important;background-size: cover !important;}&#8221;][vc_column css=&#8221;.vc_custom_1582712518718{background-color: #ffffff !important;}&#8221;][vc_custom_heading text=&#8221;Verwenden Sie eine Vielzahl von Kalibern&#8221; use_theme_fonts=&#8221;yes&#8221;]<div class=\"features-tabs kd-tabswrapper-1216869e31281ec810 tabs-image-left tab-img-contained\" >\r\n\t\t\t\t<div id=\"kd-extab-9790469e31281ed74f\">\r\n\t\t\t\t<div class=\"tab-image-container\"><img loading=\"lazy\" decoding=\"async\" width=\"1030\" height=\"687\" src=\"https:\/\/www.pintro.be\/de\/wp-content\/uploads\/sites\/4\/2020\/01\/Caliber-diameter-18mm-1.jpg\" class=\"attachment-full\" alt=\"PINTRO hackb\u00e4llchen maschine Kaliber\" title=\"PINTRO hackb\u00e4llchen maschine Kaliber\" srcset=\"https:\/\/www.pintro.be\/de\/wp-content\/uploads\/sites\/4\/2020\/01\/Caliber-diameter-18mm-1.jpg 1030w, https:\/\/www.pintro.be\/de\/wp-content\/uploads\/sites\/4\/2020\/01\/Caliber-diameter-18mm-1-300x200.jpg 300w, https:\/\/www.pintro.be\/de\/wp-content\/uploads\/sites\/4\/2020\/01\/Caliber-diameter-18mm-1-1024x683.jpg 1024w, https:\/\/www.pintro.be\/de\/wp-content\/uploads\/sites\/4\/2020\/01\/Caliber-diameter-18mm-1-768x512.jpg 768w, https:\/\/www.pintro.be\/de\/wp-content\/uploads\/sites\/4\/2020\/01\/Caliber-diameter-18mm-1-800x534.jpg 800w\" sizes=\"auto, (max-width: 1030px) 100vw, 1030px\" \/><\/div>\r\n\t\t\t\t<div class=\"tab-text-container\">\r\n\t\t\t\t\t<h2 class=\"tab-title\">\u00d818 mm<\/h2><p class=\"tab-content\">Mit dem Kaliber <strong>\u00d8\u00a018\u00a0mm<\/strong> produzieren Sie B\u00e4llchen mit einem Gewicht von <strong>\u00b14\u00a0g<\/strong> und verarbeiten bis zu <strong>\u00b1195\u00a0kg\/Std<\/strong>.<\/p><\/div>\r\n\t\t\t\t<\/div>\r\n\t\t\t\t<li class=\"tab-control-item\">\r\n\t\t\t\t\t<a href=\"#kd-extab-9790469e31281ed74f\"> \u00d818 mm<\/a>\r\n\t\t\t\t<\/li><div id=\"kd-extab-9014869e31281edab6\">\r\n\t\t\t\t<div class=\"tab-image-container\"><img loading=\"lazy\" decoding=\"async\" width=\"1030\" height=\"687\" src=\"https:\/\/www.pintro.be\/de\/wp-content\/uploads\/sites\/4\/2020\/01\/Caliber-diameter-25mm.jpg\" class=\"attachment-full\" alt=\"PINTRO hackb\u00e4llchen maschine Kaliber\" title=\"PINTRO hackb\u00e4llchen maschine Kaliber\" srcset=\"https:\/\/www.pintro.be\/de\/wp-content\/uploads\/sites\/4\/2020\/01\/Caliber-diameter-25mm.jpg 1030w, https:\/\/www.pintro.be\/de\/wp-content\/uploads\/sites\/4\/2020\/01\/Caliber-diameter-25mm-300x200.jpg 300w, https:\/\/www.pintro.be\/de\/wp-content\/uploads\/sites\/4\/2020\/01\/Caliber-diameter-25mm-1024x683.jpg 1024w, https:\/\/www.pintro.be\/de\/wp-content\/uploads\/sites\/4\/2020\/01\/Caliber-diameter-25mm-768x512.jpg 768w, https:\/\/www.pintro.be\/de\/wp-content\/uploads\/sites\/4\/2020\/01\/Caliber-diameter-25mm-800x534.jpg 800w\" sizes=\"auto, (max-width: 1030px) 100vw, 1030px\" \/><\/div>\r\n\t\t\t\t<div class=\"tab-text-container\">\r\n\t\t\t\t\t<h2 class=\"tab-title\">\u00d825 mm<\/h2><p class=\"tab-content\">Mit dem Kaliber <strong>\u00d8 25 mm<\/strong> produzieren Sie B\u00e4llchen mit einem Gewicht von <strong>\u00b112 g<\/strong> und verarbeiten bis zu <strong>\u00b1250 kg\/Std<\/strong>.<\/p><\/div>\r\n\t\t\t\t<\/div>\r\n\t\t\t\t<li class=\"tab-control-item\">\r\n\t\t\t\t\t<a href=\"#kd-extab-9014869e31281edab6\"> \u00d825 mm<\/a>\r\n\t\t\t\t<\/li><div id=\"kd-extab-7677869e31281ede08\">\r\n\t\t\t\t<div class=\"tab-image-container\"><img loading=\"lazy\" decoding=\"async\" width=\"1030\" height=\"687\" src=\"https:\/\/www.pintro.be\/de\/wp-content\/uploads\/sites\/4\/2020\/01\/Caliber-diameter-25mm-1.jpg\" class=\"attachment-full\" alt=\"PINTRO hackb\u00e4llchen maschine Kaliber\" title=\"PINTRO hackb\u00e4llchen maschine Kaliber\" srcset=\"https:\/\/www.pintro.be\/de\/wp-content\/uploads\/sites\/4\/2020\/01\/Caliber-diameter-25mm-1.jpg 1030w, https:\/\/www.pintro.be\/de\/wp-content\/uploads\/sites\/4\/2020\/01\/Caliber-diameter-25mm-1-300x200.jpg 300w, https:\/\/www.pintro.be\/de\/wp-content\/uploads\/sites\/4\/2020\/01\/Caliber-diameter-25mm-1-1024x683.jpg 1024w, https:\/\/www.pintro.be\/de\/wp-content\/uploads\/sites\/4\/2020\/01\/Caliber-diameter-25mm-1-768x512.jpg 768w, https:\/\/www.pintro.be\/de\/wp-content\/uploads\/sites\/4\/2020\/01\/Caliber-diameter-25mm-1-800x534.jpg 800w\" sizes=\"auto, (max-width: 1030px) 100vw, 1030px\" \/><\/div>\r\n\t\t\t\t<div class=\"tab-text-container\">\r\n\t\t\t\t\t<h2 class=\"tab-title\">\u00d830 mm<\/h2><p class=\"tab-content\">Mit dem Kaliber <strong>\u00d8 30 mm<\/strong> produzieren Sie B\u00e4llchen mit einem Gewicht von<strong> \u00b120 g<\/strong> und verarbeiten bis zu <strong>\u00b1320 kg\/Std<\/strong>.<\/p><\/div>\r\n\t\t\t\t<\/div>\r\n\t\t\t\t<li class=\"tab-control-item\">\r\n\t\t\t\t\t<a href=\"#kd-extab-7677869e31281ede08\"> \u00d830 mm<\/a>\r\n\t\t\t\t<\/li><div id=\"kd-extab-5253869e31281ee048\">\r\n\t\t\t\t<div class=\"tab-image-container\"><img loading=\"lazy\" decoding=\"async\" width=\"1030\" height=\"687\" src=\"https:\/\/www.pintro.be\/de\/wp-content\/uploads\/sites\/4\/2020\/01\/Caliber-diameter-37mm.jpg\" class=\"attachment-full\" alt=\"PINTRO hackb\u00e4llchen maschine Kaliber\" title=\"PINTRO hackb\u00e4llchen maschine Kaliber\" srcset=\"https:\/\/www.pintro.be\/de\/wp-content\/uploads\/sites\/4\/2020\/01\/Caliber-diameter-37mm.jpg 1030w, https:\/\/www.pintro.be\/de\/wp-content\/uploads\/sites\/4\/2020\/01\/Caliber-diameter-37mm-300x200.jpg 300w, https:\/\/www.pintro.be\/de\/wp-content\/uploads\/sites\/4\/2020\/01\/Caliber-diameter-37mm-1024x683.jpg 1024w, https:\/\/www.pintro.be\/de\/wp-content\/uploads\/sites\/4\/2020\/01\/Caliber-diameter-37mm-768x512.jpg 768w, https:\/\/www.pintro.be\/de\/wp-content\/uploads\/sites\/4\/2020\/01\/Caliber-diameter-37mm-800x534.jpg 800w\" sizes=\"auto, (max-width: 1030px) 100vw, 1030px\" \/><\/div>\r\n\t\t\t\t<div class=\"tab-text-container\">\r\n\t\t\t\t\t<h2 class=\"tab-title\">\u00d837 mm<\/h2><p class=\"tab-content\">Mit dem Kaliber <strong>\u00d8 37 mm<\/strong> produzieren Sie B\u00e4llchen mit einem Gewicht von<strong> \u00b130 g<\/strong> und verarbeiten bis zu <strong>\u00b1480 kg\/Std<\/strong>.<\/p><\/div>\r\n\t\t\t\t<\/div>\r\n\t\t\t\t<li class=\"tab-control-item\">\r\n\t\t\t\t\t<a href=\"#kd-extab-5253869e31281ee048\"> \u00d837 mm<\/a>\r\n\t\t\t\t<\/li><div id=\"kd-extab-7982969e31281ee262\">\r\n\t\t\t\t<div class=\"tab-image-container\"><img loading=\"lazy\" decoding=\"async\" width=\"1030\" height=\"687\" src=\"https:\/\/www.pintro.be\/de\/wp-content\/uploads\/sites\/4\/2020\/01\/Caliber-diameter-42mm.jpg\" class=\"attachment-full\" alt=\"PINTRO hackb\u00e4llchen maschine Kaliber\" title=\"PINTRO hackb\u00e4llchen maschine Kaliber\" srcset=\"https:\/\/www.pintro.be\/de\/wp-content\/uploads\/sites\/4\/2020\/01\/Caliber-diameter-42mm.jpg 1030w, https:\/\/www.pintro.be\/de\/wp-content\/uploads\/sites\/4\/2020\/01\/Caliber-diameter-42mm-300x200.jpg 300w, https:\/\/www.pintro.be\/de\/wp-content\/uploads\/sites\/4\/2020\/01\/Caliber-diameter-42mm-1024x683.jpg 1024w, https:\/\/www.pintro.be\/de\/wp-content\/uploads\/sites\/4\/2020\/01\/Caliber-diameter-42mm-768x512.jpg 768w, https:\/\/www.pintro.be\/de\/wp-content\/uploads\/sites\/4\/2020\/01\/Caliber-diameter-42mm-800x534.jpg 800w\" sizes=\"auto, (max-width: 1030px) 100vw, 1030px\" \/><\/div>\r\n\t\t\t\t<div class=\"tab-text-container\">\r\n\t\t\t\t\t<h2 class=\"tab-title\">\u00d842 mm<\/h2><p class=\"tab-content\">Mit dem Kaliber <strong>\u00d8 42 mm<\/strong> produzieren Sie B\u00e4llchen mit einem Gewicht von<strong> \u00b140 g<\/strong> und verarbeiten bis zu <strong>\u00b1650 kg\/Std<\/strong>.<\/p><\/div>\r\n\t\t\t\t<\/div>\r\n\t\t\t\t<li class=\"tab-control-item\">\r\n\t\t\t\t\t<a href=\"#kd-extab-7982969e31281ee262\"> \u00d842 mm<\/a>\r\n\t\t\t\t<\/li>\r\n\t\t\t\t<ul class=\"tab-controls\"><\/ul>\r\n\t\t\t<\/div><script type=\"text\/javascript\">\r\n\t\t\t\tjQuery(document).ready(function($){\r\n\t\t\t\t\t$(\".features-tabs.kd-tabswrapper-1216869e31281ec810\").each( function () {\r\n\t\t\t\t\t\t$( \"li.tab-control-item\" , this ).appendTo( $( \".tab-controls\" , this ) );\r\n\t\t\t\t\t});\r\n\t\t\t\t});<\/script>[\/vc_column][\/vc_row][vc_row][vc_column][vc_row_inner][vc_column_inner][vc_column_text css=&#8221;.vc_custom_1583939512489{padding-bottom: 30px !important;}&#8221;]<\/p>\n<h4 style=\"text-align: center;\">Sehen Sie sich auch unsere industrielle Hackb\u00e4llchenmaschine, die <a href=\"https:\/\/www.pintro.be\/de\/hackballchenmaschine\/hackballchenmaschine-mbf-50-c\/\">MBF 50-C<\/a>, an.<\/h4>\n<p>[\/vc_column_text][\/vc_column_inner][\/vc_row_inner][\/vc_column][\/vc_row][vc_row full_width=&#8221;stretch_row&#8221; css=&#8221;.vc_custom_1582710057120{background-color: #f5f5f5 !important;}&#8221;][vc_column css=&#8221;.vc_custom_1516094926734{padding-right: 0px !important;padding-left: 0px !important;}&#8221;][vc_row_inner css=&#8221;.vc_custom_1511348683940{padding-top: 100px !important;padding-bottom: 100px !important;}&#8221;][vc_column_inner width=&#8221;1\/2&#8243; offset=&#8221;vc_col-lg-6 vc_col-md-12&#8243;][vc_custom_heading text=&#8221;Erhalten Sie eine Brosch\u00fcre.&#8221; font_container=&#8221;tag:h3|text_align:left|line_height:50px&#8221; use_theme_fonts=&#8221;yes&#8221; css_animation=&#8221;fadeIn&#8221; css=&#8221;.vc_custom_1583409868101{margin-bottom: 0px !important;}&#8221;][\/vc_column_inner][vc_column_inner width=&#8221;1\/2&#8243; offset=&#8221;vc_col-lg-6 vc_col-md-12&#8243;]<div class=\"kd-contact-form inline-cf white-input-bg\" >\n<div class=\"wpcf7 no-js\" id=\"wpcf7-f4151-o1\" lang=\"en-US\" dir=\"ltr\" data-wpcf7-id=\"4151\">\n<div class=\"screen-reader-response\"><p role=\"status\" aria-live=\"polite\" aria-atomic=\"true\"><\/p> <ul><\/ul><\/div>\n<form action=\"\/de\/wp-json\/wp\/v2\/pages\/8376#wpcf7-f4151-o1\" method=\"post\" class=\"wpcf7-form init\" aria-label=\"Contact form\" novalidate=\"novalidate\" data-status=\"init\">\n<fieldset class=\"hidden-fields-container\"><input type=\"hidden\" name=\"_wpcf7\" value=\"4151\" \/><input type=\"hidden\" name=\"_wpcf7_version\" value=\"6.1.5\" \/><input type=\"hidden\" name=\"_wpcf7_locale\" value=\"en_US\" \/><input type=\"hidden\" name=\"_wpcf7_unit_tag\" value=\"wpcf7-f4151-o1\" \/><input type=\"hidden\" name=\"_wpcf7_container_post\" value=\"0\" \/><input type=\"hidden\" name=\"_wpcf7_posted_data_hash\" value=\"\" \/><input type=\"hidden\" name=\"_wpcf7_recaptcha_response\" value=\"\" \/>\n<\/fieldset>\n<input class=\"wpcf7-form-control wpcf7-hidden\" value=\"Betrieb\" type=\"hidden\" name=\"bedrijf\" \/>\n<input class=\"wpcf7-form-control wpcf7-hidden\" value=\"Damen und Herren\" type=\"hidden\" name=\"voornaam\" \/>\n<input class=\"wpcf7-form-control wpcf7-hidden\" value=\"Damen und Herren\" type=\"hidden\" name=\"achternaam\" \/>\n<input class=\"wpcf7-form-control wpcf7-hidden\" value=\"DEUTSCH\" type=\"hidden\" name=\"taal\" \/>\n<p><span class=\"wpcf7-form-control-wrap\" data-name=\"email-subscribe\"><input size=\"40\" maxlength=\"400\" class=\"wpcf7-form-control wpcf7-email wpcf7-validates-as-required wpcf7-text wpcf7-validates-as-email\" aria-required=\"true\" aria-invalid=\"false\" placeholder=\"Geben Sie Ihre E-Mail-Adresse ein\" value=\"\" type=\"email\" name=\"email-subscribe\" \/><\/span><br \/>\n<input class=\"wpcf7-form-control wpcf7-submit has-spinner\" type=\"submit\" value=\"Brosch\u00fcre erhalten\" \/>\n<\/p><input type='hidden' class='wpcf7-pum' value='{\"closepopup\":false,\"closedelay\":0,\"openpopup\":false,\"openpopup_id\":0}' \/><div class=\"wpcf7-response-output\" aria-hidden=\"true\"><\/div>\n<\/form>\n<\/div>\n<\/div>[\/vc_column_inner][\/vc_row_inner][\/vc_column][\/vc_row]<\/p>\n<\/div>","protected":false},"excerpt":{"rendered":"<p>[vc_row][vc_column][vc_tta_tabs active_section=&#8221;1&#8243;][vc_tta_section i_icon_fontawesome=&#8221;fa fa-star-o&#8221; add_icon=&#8221;true&#8221; title=&#8221;MBF 50&#8243; tab_id=&#8221;1582123288888-f79378a9-d85d&#8221;][vc_row_inner css=&#8221;.vc_custom_1582126902919{padding-top: 20px !important;}&#8221;][vc_column_inner width=&#8221;1\/2&#8243;][vc_single_image image=&#8221;191&#8243; img_size=&#8221;full&#8221; css=&#8221;.vc_custom_1610122370728{margin-top: -50px !important;}&#8221;][vc_empty_space][\/vc_column_inner][vc_column_inner width=&#8221;1\/2&#8243; css=&#8221;.vc_custom_1582124766729{padding-top: 20px [&hellip;]<\/p>\n","protected":false},"author":2,"featured_media":7757,"parent":63,"menu_order":0,"comment_status":"closed","ping_status":"closed","template":"","meta":{"inline_featured_image":false,"footnotes":""},"class_list":["post-8376","page","type-page","status-publish","has-post-thumbnail","hentry"],"_links":{"self":[{"href":"https:\/\/www.pintro.be\/de\/wp-json\/wp\/v2\/pages\/8376","targetHints":{"allow":["GET"]}}],"collection":[{"href":"https:\/\/www.pintro.be\/de\/wp-json\/wp\/v2\/pages"}],"about":[{"href":"https:\/\/www.pintro.be\/de\/wp-json\/wp\/v2\/types\/page"}],"author":[{"embeddable":true,"href":"https:\/\/www.pintro.be\/de\/wp-json\/wp\/v2\/users\/2"}],"replies":[{"embeddable":true,"href":"https:\/\/www.pintro.be\/de\/wp-json\/wp\/v2\/comments?post=8376"}],"version-history":[{"count":107,"href":"https:\/\/www.pintro.be\/de\/wp-json\/wp\/v2\/pages\/8376\/revisions"}],"predecessor-version":[{"id":10660,"href":"https:\/\/www.pintro.be\/de\/wp-json\/wp\/v2\/pages\/8376\/revisions\/10660"}],"up":[{"embeddable":true,"href":"https:\/\/www.pintro.be\/de\/wp-json\/wp\/v2\/pages\/63"}],"wp:featuredmedia":[{"embeddable":true,"href":"https:\/\/www.pintro.be\/de\/wp-json\/wp\/v2\/media\/7757"}],"wp:attachment":[{"href":"https:\/\/www.pintro.be\/de\/wp-json\/wp\/v2\/media?parent=8376"}],"curies":[{"name":"wp","href":"https:\/\/api.w.org\/{rel}","templated":true}]}}