{"id":31,"date":"2020-01-13T09:53:42","date_gmt":"2020-01-13T09:53:42","guid":{"rendered":"https:\/\/www.pintro.be\/de\/?page_id=31"},"modified":"2024-03-27T14:25:33","modified_gmt":"2024-03-27T12:25:33","slug":"hamburger-patty-former","status":"publish","type":"page","link":"https:\/\/www.pintro.be\/de\/hamburger-patty-former\/","title":{"rendered":"Hamburger Patty Former"},"content":{"rendered":"<div class=\"wpb-content-wrapper\"><p>[vc_row full_width=&#8221;stretch_row&#8221; kd_image_overlay_color=&#8221;rgba(0,0,0,0.5)&#8221; kd_image_overlay=&#8221;true&#8221; css=&#8221;.vc_custom_1582803806118{background-image: url(https:\/\/www.pintro.be\/de\/wp-content\/uploads\/sites\/4\/2020\/02\/PINTRO-hamburger-vormer-machine.png?id=7924) !important;background-position: center !important;background-repeat: no-repeat !important;background-size: cover !important;}&#8221;][vc_column css=&#8221;.vc_custom_1513003956648{padding-top: 0px !important;}&#8221;]\n\t\t\t\t<p class=\"rs-p-wp-fix\"><\/p>\n\t\t\t\t<sr7-module data-alias=\"pintro-brochettemachines-1\" data-id=\"10\" id=\"SR7_10_1\" data-version=\"6.7.51\">\n\t\t\t\t\t<sr7-adjuster><\/sr7-adjuster>\n\t\t\t\t\t<sr7-content>\n\t\t\t\t\t\t<sr7-slide id=\"SR7_10_1-4\" data-key=\"4\">\n\t\t\t\t\t\t\t<h3 id=\"SR7_10_1-4-2\" class=\"sr7-layer\">PINTRO<br\/>\nBurger Patty Formen<\/h3>\n\t\t\t\t\t\t<\/sr7-slide>\n\t\t\t\t\t\t<sr7-slide id=\"SR7_10_1-22\" data-key=\"22\">\n\t\t\t\t\t\t<\/sr7-slide>\n\t\t\t\t\t<\/sr7-content>\n\t\t\t\t<\/sr7-module>\n\t\t\t\t<script>\n\t\t\t\t\twindow.SR7 ??={};SR7.PMH ??={}; SR7.PMH[\"SR7_10_1\"] = {cn:100,state:false,fn: function() { if (window._tpt!==undefined && window._tpt.prepareModuleHeight !== undefined) {  _tpt.prepareModuleHeight({id:\"SR7_10_1\",el:[600,600,600,400],type:'standard',shdw:'0',gh:[600,600,600,400],gw:[1240,1240,1240,480],vpt:['-200px'],size:{fullWidth:true, fullHeight:false},mh:'0',onh:0,onw:0,bg:{color:'#1f1d24'},plType:'-1',plColor:'#FFFFFF'});   SR7.PMH[\"SR7_10_1\"].state=true;} else if(SR7.PMH[\"SR7_10_1\"].cn-->0)\tsetTimeout( SR7.PMH[\"SR7_10_1\"].fn,19);}};SR7.PMH[\"SR7_10_1\" ].fn();\n\t\t\t\t<\/script>\n[\/vc_column][\/vc_row][vc_row full_width=&#8221;stretch_row&#8221; css=&#8221;.vc_custom_1582708783497{background-image: url(https:\/\/www.pintro.be\/de\/wp-content\/uploads\/sites\/4\/2020\/01\/Belevingsachtergrond-VLQ.png?id=7571) !important;background-position: center !important;background-repeat: no-repeat !important;background-size: cover !important;}&#8221;][vc_column][vc_column_text css=&#8221;.vc_custom_1582708724723{padding-bottom: 10px !important;}&#8221;][\/vc_column_text][\/vc_column][\/vc_row][vc_row full_width=&#8221;stretch_row&#8221; parallax=&#8221;content-moving&#8221; parallax_image=&#8221;6535&#8243; css=&#8221;.vc_custom_1582105145346{padding-top: 80px !important;padding-bottom: 50px !important;background-position: 0 0;background-repeat: no-repeat !important;}&#8221;][vc_column][vc_row_inner css=&#8221;.vc_custom_1540375922073{margin-bottom: 0px !important;}&#8221;][vc_column_inner css=&#8221;.vc_custom_1581067956456{margin-top: 0px !important;margin-left: 0px !important;padding-left: 0px !important;}&#8221; offset=&#8221;vc_col-lg-5&#8243;]<header class=\"kd-section-title col-lg-12 text-left  kd-animated fadeIn   vc_custom_1583415617533\" data-animation-delay=200><h1 class=\"separator_off\" style=\"font-size: 42px;\">PINTRO Burger Patty Former<\/h1><\/header>[vc_column_text]<\/p>\n<p class=\"Standaard1\"><span lang=\"DE\">Mit dem PINTRO Hamburger Patty Former kann eine Person alleine problemlos bis zu 700 Patties fertigen. In verschiedenen Gr\u00f6\u00dfen und Gewichten und bei Erhaltung des traditionellen Aussehens. Sehr einfach zu bedienen und zu warten.<\/span><\/p>\n<p class=\"Standaard1\"><span lang=\"DE\">Der Burger-Patty-Former eignet sich f\u00fcr:<\/span><\/p>\n<ul>\n<li class=\"Standaard1\"><span lang=\"DE\">kleine und gro\u00dfe Metzgereien<\/span><\/li>\n<li class=\"Standaard1\"><span lang=\"DE\">Cateringunternehmen und Partyservices<\/span><\/li>\n<li class=\"Standaard1\"><span lang=\"DE\">Gro\u00dfk\u00fcchen<\/span><\/li>\n<li class=\"Standaard1\"><span lang=\"DE\">(Hamburger-)Restaurants<\/span><\/li>\n<\/ul>\n<p class=\"Standaard1\"><span lang=\"DE\">XL-Patties herstellen?<\/span><\/p>\n<p class=\"Standaard1\"><span lang=\"DE\">Es gibt eine XL-Version des Burger-Patty-Formers von PINTRO. Damit k\u00f6nnen Sie Standard-Patties mit einem Durchmesser von 150\u00a0mm und einem Gewicht von \u00b1180\u00a0g herstellen!<\/span><\/p>\n<p>[\/vc_column_text][\/vc_column_inner][vc_column_inner css=&#8221;.vc_custom_1541510512851{padding-right: 50px !important;padding-left: 50px !important;}&#8221; offset=&#8221;vc_col-lg-2 vc_hidden-sm vc_hidden-xs&#8221;][\/vc_column_inner][vc_column_inner offset=&#8221;vc_col-lg-5&#8243; css=&#8221;.vc_custom_1581067972966{margin-top: 0px !important;}&#8221;][vc_single_image image=&#8221;7566&#8243; img_size=&#8221;large&#8221;][vc_empty_space]<a  href=\"#\"  target=\"_self\"  title=\"\" class=\"tt_button tt_primary_button btn_primary_color  button-center button-action-link   panel-trigger-btn\" ><span class=\"prim_text\">Richtpreise erhalten<\/span><\/a>[\/vc_column_inner][\/vc_row_inner][\/vc_column][\/vc_row][vc_row full_width=&#8221;stretch_row&#8221; parallax=&#8221;content-moving&#8221; kd_image_overlay_color=&#8221;rgba(0,0,0,0.1)&#8221; kd_image_overlay=&#8221;true&#8221; css=&#8221;.vc_custom_1582104909328{padding-top: 20px !important;padding-bottom: 25px !important;background: #f7f7f7 url(https:\/\/www.pintro.be\/de\/wp-content\/uploads\/sites\/4\/2020\/01\/Belevingsachtergrond-VLQ.png?id=7571);}&#8221;][vc_column][vc_row_inner css=&#8221;.vc_custom_1581089248541{margin-top: 25px !important;border-top-width: 1px !important;padding-top: 55px !important;border-top-color: rgba(132,132,132,0.15) !important;border-top-style: none !important;}&#8221;][vc_column_inner width=&#8221;1\/3&#8243;]<div class=\"key-icon-box icon-default icon-left cont-left ib-no-effect  kd-animated fadeInUp\" style=\"background-color: transparent;\" data-animation-delay=200><i class=\"iconsmind-Coins\" style=\" color: #ffffff;\"><\/i> <h6 class=\"service-heading\" style=\"color: #ffffff;\">Hohe Produktivit\u00e4t<\/h6><p style=\"color: #ffffff;\"><\/p>\n<p class=\"Standaard1\"><span lang=\"DE\" style=\"color: #ffffff;\">Mit dem Burger-Patty-Former k\u00f6nnen Sie sehr schnell produzieren. Sie sind damit mindestens zehnmal so schnell, wie bei manueller Produktion der Patties.<\/span><\/p>\n<p><\/p><\/div>[\/vc_column_inner][vc_column_inner width=&#8221;1\/3&#8243;]<div class=\"key-icon-box icon-default icon-left cont-left ib-no-effect  kd-animated fadeInUp\" style=\"background-color: transparent;\" data-animation-delay=200><i class=\"iconsmind-Arrow-Refresh\" style=\" color: #ffffff;\"><\/i> <h6 class=\"service-heading\" style=\"color: #ffffff;\">Verschiedene Gr\u00f6\u00dfen<\/h6><p style=\"color: #ffffff;\"><\/p>\n<p class=\"Standaard1\"><span lang=\"DE\" style=\"color: #ffffff;\">Es gibt ein Sortiment aus verschiedenen Gr\u00f6\u00dfen, Formen und Gewichten. Unten finden Sie die verf\u00fcgbaren Optionen, oder Sie <a style=\"color: #ffffff;\" href=\"https:\/\/www.pintro.be\/de\/kontakt\/\">kontaktieren<\/a> uns f\u00fcr eine ma\u00dfgefertigte Form.<\/span><\/p>\n<p><\/p><\/div>[\/vc_column_inner][vc_column_inner width=&#8221;1\/3&#8243;]<div class=\"key-icon-box icon-default icon-left cont-left ib-no-effect  kd-animated fadeInUp\" style=\"background-color: transparent;\" data-animation-delay=200><i class=\"iconsmind-Check-2\" style=\" color: #ffffff;\"><\/i> <h6 class=\"service-heading\" style=\"color: #ffffff;\">Kann an jede F\u00fcllmaschinentyp montiert werden<\/h6><p style=\"color: #ffffff;\"><\/p>\n<p class=\"Standaard1\"><span lang=\"DE\" style=\"color: #ffffff;\">Der Burger-Patty-Former von PINTRO kann mit dem mitgelieferten Flansch an jeden F\u00fcllmaschinentyp verschiedener Marken montiert werden (Kolben oder Vakuum). Sie haben noch keine F\u00fcllmaschine? F\u00fcr mehr Informationen hierzu nehmen Sie bitte Kontakt mit uns auf.<\/span><\/p>\n<p><\/p><\/div>[\/vc_column_inner][\/vc_row_inner][vc_row_inner css=&#8221;.vc_custom_1582105089343{margin-top: 45px !important;border-top-width: 1px !important;padding-top: 55px !important;border-top-color: rgba(132,132,132,0.01) !important;border-top-style: solid !important;}&#8221;][vc_column_inner width=&#8221;1\/3&#8243;]<div class=\"key-icon-box icon-default icon-left cont-left ib-no-effect  kd-animated fadeInUp\" style=\"background-color: transparent;\" data-animation-delay=200><i class=\"iconsmind-Arrow-Circle\" style=\" color: #ffffff;\"><\/i> <h6 class=\"service-heading\" style=\"color: #ffffff;\">Konstante Qualit\u00e4t und einheitliches Aussehen<\/h6><p style=\"color: #ffffff;\"><\/p>\n<p class=\"Standaard1\"><span lang=\"DE\" style=\"color: #ffffff;\">Sehr schnelle Herstellung von Burger-Patties mit gleichbleibender Qualit\u00e4t, gleichem Gewicht und einheitlicher Form \u2013 bei jedem einzelnen Produktionszyklus.<\/span><\/p>\n<p><\/p><\/div>[\/vc_column_inner][vc_column_inner width=&#8221;1\/3&#8243;]<div class=\"key-icon-box icon-default icon-left cont-left ib-no-effect  kd-animated fadeInUp\" style=\"background-color: transparent;\" data-animation-delay=200><i class=\"iconsmind-Conference\" style=\" color: #ffffff;\"><\/i> <h6 class=\"service-heading\" style=\"color: #ffffff;\">F\u00fcr KMU und Industrie<\/h6><p style=\"color: #ffffff;\"><\/p>\n<p class=\"Standaard1\"><span lang=\"DE\" style=\"color: #ffffff;\">Der Burger-Patty-Former von PINTRO ist die mit Abstand am besten geeignete L\u00f6sung f\u00fcr gro\u00dfe und kleine Metzgereien, Metzgerei- und Restaurantketten, Imbisslieferanten, Cateringunternehmen, Gro\u00dfk\u00fcchen, &#8230;<\/span><\/p>\n<p><\/p><\/div>[\/vc_column_inner][vc_column_inner width=&#8221;1\/3&#8243;]<div class=\"key-icon-box icon-default icon-left cont-left ib-no-effect  kd-animated fadeInUp\" style=\"background-color: transparent;\" data-animation-delay=200><i class=\"iconsmind-Switch\" style=\" color: #ffffff;\"><\/i> <h6 class=\"service-heading\" style=\"color: #ffffff;\">Schneller Schablonenwechsel<\/h6><p style=\"color: #ffffff;\"><\/p>\n<p class=\"Standaard1\"><span lang=\"DE\" style=\"color: #ffffff;\">Sie m\u00fcssen nur die Schablonenscheibe wechseln und erhalten schnell und einfach Pattys mit anderer Form, Gr\u00f6\u00dfe oder anderem Gewicht.<\/span><\/p>\n<p><\/p><\/div>[\/vc_column_inner][\/vc_row_inner][\/vc_column][\/vc_row][vc_row full_width=&#8221;stretch_row&#8221; css=&#8221;.vc_custom_1573575255886{padding-top: 120px !important;padding-bottom: 200px !important;}&#8221; el_class=&#8221;hide-bg-on-mobile&#8221;][vc_column css=&#8221;.vc_custom_1513003956648{padding-top: 0px !important;}&#8221;][vc_custom_heading text=&#8221;Eine Vielzahl m\u00f6glicher Formen&#8221; font_container=&#8221;tag:h2|text_align:center&#8221; use_theme_fonts=&#8221;yes&#8221; css=&#8221;.vc_custom_1583416854788{margin-bottom: 75px !important;}&#8221;][vc_tta_tabs][vc_tta_section title=&#8221;Rund&#8221; tab_id=&#8221;1654005734552-0acdd67a-9e64&#8243;][vc_row_inner][vc_column_inner width=&#8221;1\/2&#8243;][vc_single_image image=&#8221;169&#8243; img_size=&#8221;large&#8221;][\/vc_column_inner][vc_column_inner width=&#8221;1\/2&#8243;][vc_empty_space][vc_column_text]<\/p>\n<ul>\n<li>Gewicht \u00b1 55gr\u00a0 \u00a0 \u00a0| \u00d8 85mm\u00a0 \u00a0 \u00a0 | H\u00f6he 10mm<\/li>\n<li>Gewicht \u00b1 80gr\u00a0 \u00a0 | \u00d8 107mm\u00a0 \u00a0 | H\u00f6he 09mm<\/li>\n<li>Gewicht \u00b1 110gr\u00a0 \u00a0| \u00d8 90mm\u00a0 \u00a0 \u00a0 | H\u00f6he 17mm<\/li>\n<li>Gewicht \u00b1 115gr\u00a0 \u00a0 | \u00d8 127mm\u00a0 \u00a0 | H\u00f6he 09mm<\/li>\n<li>Gewicht \u00b1 115gr\u00a0 \u00a0 | \u00d8 102mm\u00a0 \u00a0 | H\u00f6he 14mm<\/li>\n<li>Gewicht \u00b1 130gr\u00a0 \u00a0| \u00d8 100mm\u00a0 \u00a0 | H\u00f6he 17mm<\/li>\n<li>Gewicht \u00b1 140gr\u00a0 \u00a0| \u00d8 118,9mm | H\u00f6he 12,7mm<\/li>\n<li>Gewicht \u00b1 150gr\u00a0 \u00a0| \u00d8 122,9mm | H\u00f6he 12,7mm<\/li>\n<li>Gewicht \u00b1 160gr\u00a0 \u00a0| \u00d8 110mm\u00a0 \u00a0 \u00a0| H\u00f6he 17mm<\/li>\n<li>Gewicht \u00b1 160gr\u00a0 \u00a0| \u00d8 90mm\u00a0 \u00a0 \u00a0 | H\u00f6he 25mm<\/li>\n<li>Gewicht \u00b1 170gr\u00a0 \u00a0| \u00d8 130,6mm | H\u00f6he 12,7mm<\/li>\n<li>Gewicht \u00b1 180gr* | \u00d8 150mm\u00a0 \u00a0 | H\u00f6he 10mm<br \/>\n*<em>(Nur kompatibel mit PINTRO HBF XL)<\/em><\/li>\n<\/ul>\n<p>[\/vc_column_text][\/vc_column_inner][\/vc_row_inner][\/vc_tta_section][vc_tta_section title=&#8221;Quadratisch&#8221; tab_id=&#8221;1654005734568-d52691b9-7bc9&#8243;][vc_row_inner][vc_column_inner width=&#8221;1\/2&#8243;][vc_single_image image=&#8221;171&#8243; img_size=&#8221;large&#8221;][\/vc_column_inner][vc_column_inner width=&#8221;1\/2&#8243;][vc_empty_space][vc_column_text]<\/p>\n<ul>\n<li>Gewicht +-150gr | Seitenl\u00e4nge 95mm | H\u00f6he 17mm<\/li>\n<li>Gewicht +-160gr | Seitenl\u00e4nge 85mm | H\u00f6he 25mm<\/li>\n<\/ul>\n<p>[\/vc_column_text][\/vc_column_inner][\/vc_row_inner][\/vc_tta_section][vc_tta_section title=&#8221;Oval&#8221; tab_id=&#8221;1654006595427-8f5f8582-c239&#8243;][vc_row_inner][vc_column_inner width=&#8221;1\/2&#8243;][vc_single_image image=&#8221;173&#8243; img_size=&#8221;large&#8221;][\/vc_column_inner][vc_column_inner width=&#8221;1\/2&#8243;][vc_empty_space][vc_column_text]<\/p>\n<ul>\n<li>Gewicht +-100gr | H\u00f6he 17mm<\/li>\n<li>Gewicht +-150gr | H\u00f6he 25mm<\/li>\n<\/ul>\n<p>[\/vc_column_text][\/vc_column_inner][\/vc_row_inner][\/vc_tta_section][vc_tta_section title=&#8221;Kotelett Form&#8221; tab_id=&#8221;1654006812588-d2b26d44-bf85&#8243;][vc_row_inner][vc_column_inner width=&#8221;1\/2&#8243;][vc_single_image image=&#8221;175&#8243; img_size=&#8221;large&#8221;][\/vc_column_inner][vc_column_inner width=&#8221;1\/2&#8243;][vc_empty_space][vc_column_text]<\/p>\n<ul>\n<li>Gewicht +-100gr | H\u00f6he 17mm<\/li>\n<\/ul>\n<p>[\/vc_column_text][\/vc_column_inner][\/vc_row_inner][\/vc_tta_section][vc_tta_section title=&#8221;Individuell angefertigt&#8221; tab_id=&#8221;1654007245775-c14e5c63-9ae3&#8243;][vc_row_inner][vc_column_inner width=&#8221;1\/2&#8243;][vc_single_image image=&#8221;7591&#8243; img_size=&#8221;large&#8221;][\/vc_column_inner][vc_column_inner width=&#8221;1\/2&#8243;][vc_empty_space][vc_column_text]<\/p>\n<ul>\n<li>Sie k\u00f6nnen Ihre gew\u00fcnschte Scheibengr\u00f6\u00dfe bei den Standardscheiben nicht finden?\u00a0<a href=\"https:\/\/www.pintro.be\/de\/kontakt\/\">Sprechen Sie uns an<\/a>, wir fertigen gerne eine Scheibe nach Ma\u00df.<\/li>\n<\/ul>\n<p>[\/vc_column_text][\/vc_column_inner][\/vc_row_inner][\/vc_tta_section][\/vc_tta_tabs][\/vc_column][\/vc_row][vc_row full_width=&#8221;stretch_row&#8221; kd_image_overlay_color=&#8221;rgba(10,10,10,0.06)&#8221; kd_image_overlay=&#8221;true&#8221; css=&#8221;.vc_custom_1580826484059{background: #000000 url(https:\/\/www.pintro.be\/de\/wp-content\/uploads\/sites\/4\/2020\/01\/Belevingsachtergrond-VLQ.png?id=7571) !important;background-position: center !important;background-repeat: no-repeat !important;background-size: cover !important;}&#8221;][vc_column][vc_row_inner css=&#8221;.vc_custom_1581080544154{padding-top: 80px !important;padding-bottom: 100px !important;}&#8221;][vc_column_inner css=&#8221;.vc_custom_1581080650027{padding-top: 20px !important;padding-right: 45px !important;padding-bottom: 30px !important;padding-left: 0px !important;}&#8221; offset=&#8221;vc_col-lg-offset-0 vc_col-lg-6 vc_col-md-offset-1 vc_col-sm-offset-1&#8243;]<header class=\"kd-section-title col-lg-12 text-left  kd-animated fadeIn   vc_custom_1583417701209\" data-animation-delay=200><h2 class=\"separator_off\" style=\"color: #ffffff;\">Schneller Aufbau, minimale Wartung<\/h2><h6 class=\"subtitle \" style=\"color: #ffffff;\">Auf- und Abbau sowie Schablonenwechsel gelingen im Handumdrehen. Die Einzelteile der Maschine bestehen haupts\u00e4chlich aus HDPE 1000 und Edelstahl und k\u00f6nnen in der Sp\u00fclmaschine gereinigt werden (au\u00dfer dem Plexiglas). Der Burger-Patty-Former bedarf \u2013 abgesehen von der Reinigung \u2013 keiner speziellen Wartung.<\/h6><\/header>[vc_empty_space height=&#8221;15px&#8221;][\/vc_column_inner][vc_column_inner css=&#8221;.vc_custom_1541419008394{padding-right: 0px !important;}&#8221; offset=&#8221;vc_col-lg-6&#8243;]<div class=\"video-container play-button-center\" ><img loading=\"lazy\" decoding=\"async\" width=\"1280\" height=\"720\" src=\"https:\/\/www.pintro.be\/de\/wp-content\/uploads\/sites\/4\/2020\/08\/Foto-voor-video-volledig.png\" class=\"attachment-full\" alt=\"PINTRO burger patty formen maschine\" title=\"PINTRO burger patty formen maschine\" srcset=\"https:\/\/www.pintro.be\/de\/wp-content\/uploads\/sites\/4\/2020\/08\/Foto-voor-video-volledig.png 1280w, https:\/\/www.pintro.be\/de\/wp-content\/uploads\/sites\/4\/2020\/08\/Foto-voor-video-volledig-300x169.png 300w, https:\/\/www.pintro.be\/de\/wp-content\/uploads\/sites\/4\/2020\/08\/Foto-voor-video-volledig-1024x576.png 1024w, https:\/\/www.pintro.be\/de\/wp-content\/uploads\/sites\/4\/2020\/08\/Foto-voor-video-volledig-768x432.png 768w\" sizes=\"auto, (max-width: 1280px) 100vw, 1280px\" \/><a data-toggle=\"modal\" data-target=\"#video-modal-kd-video-modal-69e342e32ac2e\" data-src=\"https:\/\/www.youtube.com\/embed\/HX2IlAg7h_c\" data-backdrop=\"true\" class=\"\"><span class=\"play-video\"><span class=\"fas fa-play\"><\/span><\/span><\/a><\/div><div class=\"modal fade video-modal\" id=\"video-modal-kd-video-modal-69e342e32ac2e\" role=\"dialog\">\n                            <div class=\"modal-content\">\n                            <button type=\"button\" class=\"close\" data-dismiss=\"modal\">\u00d7<\/button>\n                            <div class=\"row\"><iframe width=\"1024\" height=\"576\" webkitallowfullscreen mozallowfullscreen allowfullscreen><\/iframe><\/div>\n                            <\/div>\n                        <\/div>[\/vc_column_inner][\/vc_row_inner][\/vc_column][\/vc_row][vc_row full_width=&#8221;stretch_row&#8221; css=&#8221;.vc_custom_1539081547247{background-color: #f5f5f5 !important;}&#8221;][vc_column css=&#8221;.vc_custom_1516094926734{padding-right: 0px !important;padding-left: 0px !important;}&#8221;][vc_row_inner css=&#8221;.vc_custom_1511348683940{padding-top: 100px !important;padding-bottom: 100px !important;}&#8221;][vc_column_inner width=&#8221;1\/2&#8243; offset=&#8221;vc_col-lg-6 vc_col-md-12&#8243;][vc_custom_heading text=&#8221;Erhalten Sie eine Brosch\u00fcre.&#8221; font_container=&#8221;tag:h3|text_align:left|line_height:50px&#8221; use_theme_fonts=&#8221;yes&#8221; css_animation=&#8221;fadeIn&#8221; css=&#8221;.vc_custom_1583417720459{margin-bottom: 0px !important;}&#8221;][\/vc_column_inner][vc_column_inner width=&#8221;1\/2&#8243; offset=&#8221;vc_col-lg-6 vc_col-md-12&#8243;]<div class=\"kd-contact-form inline-cf white-input-bg\" >\n<div class=\"wpcf7 no-js\" id=\"wpcf7-f4151-o1\" lang=\"en-US\" dir=\"ltr\" data-wpcf7-id=\"4151\">\n<div class=\"screen-reader-response\"><p role=\"status\" aria-live=\"polite\" aria-atomic=\"true\"><\/p> <ul><\/ul><\/div>\n<form action=\"\/de\/wp-json\/wp\/v2\/pages\/31#wpcf7-f4151-o1\" method=\"post\" class=\"wpcf7-form init\" aria-label=\"Contact form\" novalidate=\"novalidate\" data-status=\"init\">\n<fieldset class=\"hidden-fields-container\"><input type=\"hidden\" name=\"_wpcf7\" value=\"4151\" \/><input type=\"hidden\" name=\"_wpcf7_version\" value=\"6.1.5\" \/><input type=\"hidden\" name=\"_wpcf7_locale\" value=\"en_US\" \/><input type=\"hidden\" name=\"_wpcf7_unit_tag\" value=\"wpcf7-f4151-o1\" \/><input type=\"hidden\" name=\"_wpcf7_container_post\" value=\"0\" \/><input type=\"hidden\" name=\"_wpcf7_posted_data_hash\" value=\"\" \/><input type=\"hidden\" name=\"_wpcf7_recaptcha_response\" value=\"\" \/>\n<\/fieldset>\n<input class=\"wpcf7-form-control wpcf7-hidden\" value=\"Betrieb\" type=\"hidden\" name=\"bedrijf\" \/>\n<input class=\"wpcf7-form-control wpcf7-hidden\" value=\"Damen und Herren\" type=\"hidden\" name=\"voornaam\" \/>\n<input class=\"wpcf7-form-control wpcf7-hidden\" value=\"Damen und Herren\" type=\"hidden\" name=\"achternaam\" \/>\n<input class=\"wpcf7-form-control wpcf7-hidden\" value=\"DEUTSCH\" type=\"hidden\" name=\"taal\" \/>\n<p><span class=\"wpcf7-form-control-wrap\" data-name=\"email-subscribe\"><input size=\"40\" maxlength=\"400\" class=\"wpcf7-form-control wpcf7-email wpcf7-validates-as-required wpcf7-text wpcf7-validates-as-email\" aria-required=\"true\" aria-invalid=\"false\" placeholder=\"Geben Sie Ihre E-Mail-Adresse ein\" value=\"\" type=\"email\" name=\"email-subscribe\" \/><\/span><br \/>\n<input class=\"wpcf7-form-control wpcf7-submit has-spinner\" type=\"submit\" value=\"Brosch\u00fcre erhalten\" \/>\n<\/p><input type='hidden' class='wpcf7-pum' value='{\"closepopup\":false,\"closedelay\":0,\"openpopup\":false,\"openpopup_id\":0}' \/><div class=\"wpcf7-response-output\" aria-hidden=\"true\"><\/div>\n<\/form>\n<\/div>\n<\/div>[\/vc_column_inner][\/vc_row_inner][\/vc_column][\/vc_row]<\/p>\n<\/div>","protected":false},"excerpt":{"rendered":"<p>[vc_row full_width=&#8221;stretch_row&#8221; kd_image_overlay_color=&#8221;rgba(0,0,0,0.5)&#8221; kd_image_overlay=&#8221;true&#8221; css=&#8221;.vc_custom_1582803806118{background-image: url(https:\/\/www.pintro.be\/de\/wp-content\/uploads\/sites\/4\/2020\/02\/PINTRO-hamburger-vormer-machine.png?id=7924) !important;background-position: center !important;background-repeat: no-repeat !important;background-size: cover !important;}&#8221;][vc_column css=&#8221;.vc_custom_1513003956648{padding-top: 0px !important;}&#8221;][\/vc_column][\/vc_row][vc_row full_width=&#8221;stretch_row&#8221; css=&#8221;.vc_custom_1582708783497{background-image: url(https:\/\/www.pintro.be\/de\/wp-content\/uploads\/sites\/4\/2020\/01\/Belevingsachtergrond-VLQ.png?id=7571) !important;background-position: [&hellip;]<\/p>\n","protected":false},"author":1,"featured_media":425,"parent":0,"menu_order":0,"comment_status":"closed","ping_status":"closed","template":"","meta":{"inline_featured_image":false,"footnotes":""},"class_list":["post-31","page","type-page","status-publish","has-post-thumbnail","hentry"],"_links":{"self":[{"href":"https:\/\/www.pintro.be\/de\/wp-json\/wp\/v2\/pages\/31","targetHints":{"allow":["GET"]}}],"collection":[{"href":"https:\/\/www.pintro.be\/de\/wp-json\/wp\/v2\/pages"}],"about":[{"href":"https:\/\/www.pintro.be\/de\/wp-json\/wp\/v2\/types\/page"}],"author":[{"embeddable":true,"href":"https:\/\/www.pintro.be\/de\/wp-json\/wp\/v2\/users\/1"}],"replies":[{"embeddable":true,"href":"https:\/\/www.pintro.be\/de\/wp-json\/wp\/v2\/comments?post=31"}],"version-history":[{"count":100,"href":"https:\/\/www.pintro.be\/de\/wp-json\/wp\/v2\/pages\/31\/revisions"}],"predecessor-version":[{"id":10640,"href":"https:\/\/www.pintro.be\/de\/wp-json\/wp\/v2\/pages\/31\/revisions\/10640"}],"wp:featuredmedia":[{"embeddable":true,"href":"https:\/\/www.pintro.be\/de\/wp-json\/wp\/v2\/media\/425"}],"wp:attachment":[{"href":"https:\/\/www.pintro.be\/de\/wp-json\/wp\/v2\/media?parent=31"}],"curies":[{"name":"wp","href":"https:\/\/api.w.org\/{rel}","templated":true}]}}