{"id":3,"date":"2020-01-13T09:22:52","date_gmt":"2020-01-13T09:22:52","guid":{"rendered":"https:\/\/www.pintro.be\/de\/?page_id=3"},"modified":"2020-09-01T11:12:45","modified_gmt":"2020-09-01T11:12:45","slug":"privacy-policy","status":"publish","type":"page","link":"https:\/\/www.pintro.be\/de\/privacy-policy\/","title":{"rendered":"Privacybeleid"},"content":{"rendered":"<div class=\"wpb-content-wrapper\"><p>[vc_row][vc_column][vc_column_text]<\/p>\r\n<h4 class=\"wp-block-heading\">Bei PINTRO, das \u00fcber www.pintro.be erreichbar ist, ist die Privatsph\u00e4re unserer Besucher eine unserer Hauptpriorit\u00e4ten. Dieses Datenschutzdokument enth\u00e4lt Arten von Informationen, die von PINTRO gesammelt und aufgezeichnet werden, und wie wir sie verwenden.<\/h4>\r\n<p>Wenn Sie weitere Fragen haben oder weitere Informationen zu unserer Datenschutzrichtlinie ben\u00f6tigen, z\u00f6gern Sie nicht, uns zu <a href=\"https:\/\/www.pintro.be\/de\/kontakt\/\">kontaktieren<\/a>.<\/p>\r\n<p>Diese Datenschutzrichtlinie gilt nur f\u00fcr unsere Online-Aktivit\u00e4ten und gilt f\u00fcr Besucher unserer Website in Bezug auf die Informationen, die sie in PINTRO geteilt und \/ oder gesammelt haben. Diese Richtlinie gilt nicht f\u00fcr Informationen, die offline oder \u00fcber andere Kan\u00e4le als diese Website gesammelt werden.<\/p>\r\n<p><strong>Zustimmung<\/strong><br \/>Durch die Nutzung unserer Website stimmen Sie hiermit unserer Datenschutzrichtlinie zu und stimmen deren Bedingungen zu.<\/p>\r\n<p><strong>Informationen, die wir sammeln<\/strong><br \/>Die von Ihnen angeforderten pers\u00f6nlichen Daten und die Gr\u00fcnde, warum Sie zur Angabe aufgefordert werden, werden Ihnen an dem Punkt klargestellt, an dem wir Sie auffordern, Ihre pers\u00f6nlichen Daten anzugeben.<\/p>\r\n<p>Wenn Sie uns direkt kontaktieren, erhalten wir m\u00f6glicherweise zus\u00e4tzliche Informationen \u00fcber Sie, wie z. B. Ihren Namen, Ihre E-Mail-Adresse, Ihre Telefonnummer, den Inhalt der Nachricht und \/ oder der Anh\u00e4nge, die Sie uns senden, sowie weitere Informationen, die Sie m\u00f6glicherweise angeben.<\/p>\r\n<p>Wenn Sie sich f\u00fcr ein Konto registrieren, werden Sie m\u00f6glicherweise nach Ihren Kontaktinformationen gefragt, einschlie\u00dflich Namen, Firmenname, Adresse, E-Mail-Adresse und Telefonnummer.<\/p>\r\n<p><strong>Wie wir Ihre Daten verwenden<\/strong><br \/><em>Wir verwenden die von uns gesammelten Informationen auf verschiedene Weise, unter anderem um:<\/em><\/p>\r\n<ul>\r\n<li>Bereitstellung, Betrieb und Wartung unserer Website<\/li>\r\n<li>Verbessern, personalisieren und erweitern Sie unser Webste<\/li>\r\n<li>Verstehen und analysieren Sie, wie Sie unser Webste nutzen<\/li>\r\n<li>Entwickeln Sie neue Produkte, Dienstleistungen, Features und Funktionen<\/li>\r\n<li>Kommunizieren Sie direkt oder \u00fcber einen unserer Partner mit Ihnen, auch f\u00fcr den<\/li>\r\n<li>Kundenservice, um Sie mit Updates und anderen Informationen in Bezug auf das<\/li>\r\n<li>Webste sowie f\u00fcr Marketing- und Werbezwecke zu versorgen<\/li>\r\n<li>Senden Sie Ihnen E-Mails<\/li>\r\n<li>Betrug finden und verhindern<\/li>\r\n<\/ul>\r\n<p><strong>Protokolldateien<\/strong><br \/>PINTRO folgt einem Standardverfahren zur Verwendung von Protokolldateien. Diese Dateien protokollieren Besucher, wenn sie Websites besuchen. Alle Hosting-Unternehmen tun dies und sind Teil der Analyse der Hosting-Services. Zu den von Protokolldateien gesammelten Informationen geh\u00f6ren IP-Adressen (Internet Protocol), Browsertyp, Internet Service Provider (ISP), Datums- und Zeitstempel, Verweis- \/ Beendigungsseiten und m\u00f6glicherweise die Anzahl der Klicks. Diese sind nicht mit Informationen verkn\u00fcpft, die pers\u00f6nlich identifizierbar sind. Der Zweck der Informationen besteht darin, Trends zu analysieren, die Website zu verwalten, die Bewegung der Benutzer auf der Website zu verfolgen und demografische Informationen zu sammeln. Unsere Datenschutzrichtlinie wurde mit Hilfe des Generators f\u00fcr Datenschutzrichtlinien und der Vorlage f\u00fcr Datenschutzrichtlinien erstellt.<\/p>\r\n<p><strong>Cookies und Web Beacons<\/strong><br \/>Wie jede andere Website verwendet PINTRO &#8220;Cookies&#8221;. Diese Cookies werden verwendet, um Informationen zu speichern, einschlie\u00dflich der Pr\u00e4ferenzen der Besucher und der Seiten auf der Website, auf die der Besucher zugegriffen oder die er besucht hat. Die Informationen werden verwendet, um die Benutzererfahrung zu optimieren, indem der Inhalt unserer Webseite basierend auf dem Browsertyp der Besucher und \/ oder anderen Informationen angepasst wird.<\/p>\r\n<p><strong>Datenschutzrichtlinien f\u00fcr Werbepartner<\/strong><br \/>In dieser Liste finden Sie die Datenschutzbestimmungen f\u00fcr jeden Werbepartner von PINTRO.<\/p>\r\n<p>Ad-Server oder Ad-Netzwerke von Drittanbietern verwenden Technologien wie Cookies, JavaScript oder Web Beacons, die in ihren jeweiligen Anzeigen verwendet werden, und Links, die auf PINTRO erscheinen und direkt an den Browser der Benutzer gesendet werden. In diesem Fall erhalten sie automatisch Ihre IP-Adresse. Diese Technologien werden verwendet, um die Effektivit\u00e4t ihrer Werbekampagnen zu messen und \/ oder um den Werbeinhalt zu personalisieren, den Sie auf den von Ihnen besuchten Websites sehen.<\/p>\r\n<p>Beachten Sie, dass PINTRO keinen Zugriff auf oder keine Kontrolle \u00fcber diese Cookies hat, die von Werbekunden Dritter verwendet werden.<\/p>\r\n<p><strong>Datenschutzrichtlinien von Drittanbietern<\/strong><br \/>Die Datenschutzrichtlinie von PINTRO gilt nicht f\u00fcr andere Werbetreibende oder Websites. Wir empfehlen Ihnen daher, die jeweiligen Datenschutzrichtlinien dieser Ad-Server von Drittanbietern zu konsultieren, um detailliertere Informationen zu erhalten. Es kann ihre Praktiken und Anweisungen zum Deaktivieren bestimmter Optionen enthalten. Eine vollst\u00e4ndige Liste dieser Datenschutzrichtlinien und ihrer Links finden Sie hier: Links zu Datenschutzrichtlinien.<\/p>\r\n<p>Sie k\u00f6nnen Cookies \u00fcber Ihre individuellen Browseroptionen deaktivieren. Weitere Informationen zur Cookie-Verwaltung mit bestimmten Webbrowsern finden Sie auf den jeweiligen Websites der Browser. Was sind Cookies?<\/p>\r\n<p><strong>CCPA-Datenschutzrechte (Verkaufen Sie meine pers\u00f6nlichen Daten nicht)<\/strong><br \/><em>Im Rahmen der CCPA haben kalifornische Verbraucher unter anderem das Recht:<\/em><\/p>\r\n<ul>\r\n<li>Fordern Sie ein Unternehmen auf, die personenbezogenen Daten eines Verbrauchers erfasst, die Kategorien und spezifischen personenbezogenen Daten offenzulegen, die ein Unternehmen \u00fcber Verbraucher erfasst hat.<\/li>\r\n<li>Fordern Sie ein Unternehmen auf, alle pers\u00f6nlichen Daten \u00fcber den Verbraucher zu l\u00f6schen, die ein Unternehmen gesammelt hat.<\/li>\r\n<li>Fordern Sie ein Unternehmen auf, die personenbezogenen Daten eines Verbrauchers verkauft und nicht die personenbezogenen Daten des Verbrauchers.<\/li>\r\n<\/ul>\r\n<p>Wenn Sie eine Anfrage stellen, haben wir einen Monat Zeit, um Ihnen zu antworten. Wenn Sie eines davon aus\u00fcben m\u00f6chten Rechte, bitte kontaktieren Sie uns.<\/p>\r\n<p><strong>Datenschutzrechte der DSGVO<\/strong><br \/><em>Wir m\u00f6chten sicherstellen, dass Sie alle Ihre Datenschutzrechte vollst\u00e4ndig kennen. Jeder Benutzer hat Anspruch auf Folgendes:<\/em><\/p>\r\n<ul>\r\n<li>Zugriffsrecht &#8211; Sie haben das Recht, Kopien Ihrer pers\u00f6nlichen Daten anzufordern. Wir k\u00f6nnen Ihnen eine geringe Geb\u00fchr f\u00fcr diesen Service berechnen.<\/li>\r\n<li>Das Recht auf Berichtigung &#8211; Sie haben das Recht zu verlangen, dass wir alle Informationen korrigieren, die Sie f\u00fcr ungenau halten. Sie haben auch das Recht zu verlangen, dass wir die Informationen vervollst\u00e4ndigen, die Sie f\u00fcr unvollst\u00e4ndig halten.<\/li>\r\n<li>Das Recht auf L\u00f6schung &#8211; Sie haben das Recht, unter bestimmten Bedingungen zu verlangen, dass wir Ihre pers\u00f6nlichen Daten l\u00f6schen.<\/li>\r\n<li>Das Recht, die Verarbeitung einzuschr\u00e4nken &#8211; Sie haben das Recht, zu verlangen, dass wir die Verarbeitung Ihrer pers\u00f6nlichen Daten unter bestimmten Bedingungen einschr\u00e4nken.<\/li>\r\n<li>Widerspruchsrecht &#8211; Sie haben unter bestimmten Bedingungen das Recht, der Verarbeitung Ihrer personenbezogenen Daten zu widersprechen.<\/li>\r\n<li>Das Recht auf Daten\u00fcbertragbarkeit &#8211; Sie haben das Recht zu verlangen, dass wir die von uns gesammelten Daten unter bestimmten Bedingungen an eine andere Organisation oder direkt an Sie \u00fcbertragen.<\/li>\r\n<\/ul>\r\n<p>Wenn Sie eine Anfrage stellen, haben wir einen Monat Zeit, um Ihnen zu antworten. Wenn Sie eines dieser Rechte aus\u00fcben m\u00f6chten, <a href=\"https:\/\/www.pintro.be\/de\/kontakt\/\">kontaktieren<\/a> Sie uns bitte.<\/p>\r\n<p><strong>Informationen f\u00fcr Kinder<\/strong><br \/>Ein weiterer Teil unserer Priorit\u00e4t ist der Schutz von Kindern bei der Nutzung des Internets. Wir ermutigen Eltern und Erziehungsberechtigte, ihre Online-Aktivit\u00e4ten zu beobachten, daran teilzunehmen und \/ oder zu \u00fcberwachen und zu leiten.<\/p>\r\n<p>PINTRO sammelt wissentlich keine personenbezogenen Daten von Kindern unter 13 Jahren. Wenn Sie der Meinung sind, dass Ihr Kind diese Art von Informationen auf unserer Website bereitgestellt hat, empfehlen wir Ihnen dringend, sich umgehend mit uns in Verbindung zu setzen, und wir werden uns bem\u00fchen, diese unverz\u00fcglich zu entfernen solche Informationen aus unseren Aufzeichnungen.<\/p>\r\n<p>[\/vc_column_text][\/vc_column][\/vc_row]<\/p><\/div>","protected":false},"excerpt":{"rendered":"<p>[vc_row][vc_column][vc_column_text] Bei PINTRO, das \u00fcber www.pintro.be erreichbar ist, ist die Privatsph\u00e4re unserer Besucher eine unserer Hauptpriorit\u00e4ten. Dieses Datenschutzdokument enth\u00e4lt Arten [&hellip;]<\/p>\n","protected":false},"author":1,"featured_media":0,"parent":0,"menu_order":0,"comment_status":"closed","ping_status":"open","template":"","meta":{"inline_featured_image":false,"footnotes":""},"class_list":["post-3","page","type-page","status-publish","hentry"],"_links":{"self":[{"href":"https:\/\/www.pintro.be\/de\/wp-json\/wp\/v2\/pages\/3","targetHints":{"allow":["GET"]}}],"collection":[{"href":"https:\/\/www.pintro.be\/de\/wp-json\/wp\/v2\/pages"}],"about":[{"href":"https:\/\/www.pintro.be\/de\/wp-json\/wp\/v2\/types\/page"}],"author":[{"embeddable":true,"href":"https:\/\/www.pintro.be\/de\/wp-json\/wp\/v2\/users\/1"}],"replies":[{"embeddable":true,"href":"https:\/\/www.pintro.be\/de\/wp-json\/wp\/v2\/comments?post=3"}],"version-history":[{"count":5,"href":"https:\/\/www.pintro.be\/de\/wp-json\/wp\/v2\/pages\/3\/revisions"}],"predecessor-version":[{"id":9769,"href":"https:\/\/www.pintro.be\/de\/wp-json\/wp\/v2\/pages\/3\/revisions\/9769"}],"wp:attachment":[{"href":"https:\/\/www.pintro.be\/de\/wp-json\/wp\/v2\/media?parent=3"}],"curies":[{"name":"wp","href":"https:\/\/api.w.org\/{rel}","templated":true}]}}