{"id":29,"date":"2020-01-13T09:51:05","date_gmt":"2020-01-13T09:51:05","guid":{"rendered":"https:\/\/www.pintro.be\/de\/?page_id=29"},"modified":"2025-05-05T15:01:53","modified_gmt":"2025-05-05T13:01:53","slug":"grillschneckemaschine","status":"publish","type":"page","link":"https:\/\/www.pintro.be\/de\/grillschneckemaschine\/","title":{"rendered":"Grillschneckemaschine"},"content":{"rendered":"<div class=\"wpb-content-wrapper\"><p>[vc_row][vc_column css=&#8221;.vc_custom_1582285842398{padding-top: 20px !important;}&#8221;][vc_row_inner][vc_column_inner width=&#8221;1\/6&#8243;][\/vc_column_inner][vc_column_inner width=&#8221;2\/3&#8243;]<header class=\"kd-section-title col-lg-12 text-center    \" ><h2 class=\"separator_off\" >Grillschneckemaschine<br \/>\nPick &amp; Coil<\/h2><h6 class=\"subtitle \" >Entdecken Sie den PINTRO Pick &amp; Coil: vollautomatisches Aufrollen von Grillschnecke (Chipolata) mit roboterhafter Pr\u00e4zision<\/h6><\/header>[vc_column_text css=&#8221;.vc_custom_1745313983557{margin-top: -10px !important;}&#8221;]<\/p>\n<p class=\"\" style=\"text-align: center;\" data-start=\"194\" data-end=\"745\">Der PINTRO Pick &amp; Coil ist die neueste Innovation in der industriellen Fleischverarbeitung. Diese kompakte, eigenst\u00e4ndige Einheit \u00fcbernimmt vollst\u00e4ndig das arbeitsintensive Aufrollen von Grillschnecke (Chipolatas). Mithilfe von Bildverarbeitungstechnologie erkennt die Maschine automatisch die Position jeder Wurst. Sie greift die Wurst, rollt sie zu einer perfekten Spirale und \u2013 falls gew\u00fcnscht \u2013 steckt anschlie\u00dfend ein Spie\u00dfchen hindurch. Die aufgerollten W\u00fcrste werden anschlie\u00dfend ordentlich in eine Schale gelegt, bereit zur Verpackung oder Weiterverarbeitung.<\/p>\n<p class=\"\" style=\"text-align: center;\" data-start=\"747\" data-end=\"918\">Dank dieser Automatisierung sparen Sie Zeit, Arbeitskosten und sich wiederholende manuelle T\u00e4tigkeiten \u2013 und garantieren gleichzeitig gleichbleibende Qualit\u00e4t und Hygiene.<\/p>\n<p class=\"\" style=\"text-align: center;\" data-start=\"920\" data-end=\"1060\"><strong data-start=\"920\" data-end=\"1060\" data-is-last-node=\"\">PINTRO Pick &amp; Coil: f\u00fcr alle, die Geschwindigkeit, Pr\u00e4zision und Effizienz in der industriellen Grillschnecke-Verarbeitung vereinen m\u00f6chten.<\/strong><\/p>\n<p>[\/vc_column_text][\/vc_column_inner][vc_column_inner width=&#8221;1\/6&#8243;][\/vc_column_inner][\/vc_row_inner][\/vc_column][vc_column css=&#8221;.vc_custom_1583418543787{margin-top: 10px !important;}&#8221;][vc_row_inner][vc_column_inner width=&#8221;1\/6&#8243;][\/vc_column_inner][vc_column_inner width=&#8221;1\/6&#8243;][vc_column_text]<\/p>\n<ul>\n<li style=\"text-align: left;\">Rollen<\/li>\n<li style=\"text-align: left;\">Aufspie\u00dfen (optional)<\/li>\n<li style=\"text-align: left;\">Traditionelles Aussehen<\/li>\n<li style=\"text-align: left;\">Konstante Qualit\u00e4t<\/li>\n<li style=\"text-align: left;\">Hohe Kapazit\u00e4t<\/li>\n<li style=\"text-align: left;\">Hygienisch &amp; ergonomisch<\/li>\n<\/ul>\n<p>[\/vc_column_text][\/vc_column_inner][vc_column_inner width=&#8221;1\/6&#8243;][\/vc_column_inner][vc_column_inner width=&#8221;1\/2&#8243;][vc_video link=&#8221;https:\/\/youtu.be\/-xuH2JgXqB8&#8243; css=&#8221;&#8221;][\/vc_column_inner][\/vc_row_inner][\/vc_column][\/vc_row][vc_row full_width=&#8221;stretch_row&#8221;][vc_column][vc_row_inner css=&#8221;.vc_custom_1536243977243{padding-top: 100px !important;}&#8221;][vc_column_inner width=&#8221;1\/4&#8243; offset=&#8221;vc_hidden-xs&#8221;][\/vc_column_inner][vc_column_inner width=&#8221;1\/2&#8243;]<header class=\"kd-section-title col-lg-12 text-center  kd-animated fadeIn  \" data-animation-delay=200><h2 class=\"separator_off\" >M\u00f6chten Sie, dass wir Sie \u00fcber die Entwicklung dieser Maschine auf dem Laufenden halten?<\/h2><h6 class=\"subtitle \" >Dann melden Sie sich f\u00fcr unseren Newsletter an oder kontaktieren Sie uns per Mail.<\/h6><\/header>[vc_empty_space height=&#8221;15px&#8221;][\/vc_column_inner][vc_column_inner width=&#8221;1\/4&#8243; offset=&#8221;vc_hidden-xs&#8221;][\/vc_column_inner][\/vc_row_inner][vc_row_inner css=&#8221;.vc_custom_1536243815259{padding-bottom: 100px !important;}&#8221;][vc_column_inner width=&#8221;1\/2&#8243; css=&#8221;.vc_custom_1536243836394{padding-right: 10px !important;}&#8221;]<a  href=\"#\"  target=\"_self\"  title=\"\" class=\"tt_button tt_primary_button btn_primary_color  pull-right button-action-link  kd-animated zoomIn popmake-415\" data-animation-delay=200><span class=\"prim_text\">Newsletter<\/span><\/a>[\/vc_column_inner][vc_column_inner width=&#8221;1\/2&#8243; css=&#8221;.vc_custom_1536243839546{padding-left: 10px !important;}&#8221;]<a  href=\"https:\/\/www.pintro.be\/de\/kontakt\/\"  target=\"_self\"  title=\"Contact\" class=\"tt_button tt_secondary_button btn_primary_color hover_solid_primary pull-left button-action-link  kd-animated zoomIn\" data-animation-delay=200><span class=\"prim_text\">Kontaktieren Sie uns<\/span><\/a>[\/vc_column_inner][\/vc_row_inner][\/vc_column][\/vc_row][vc_row full_width=&#8221;stretch_row&#8221; css=&#8221;.vc_custom_1539081547247{background-color: #f5f5f5 !important;}&#8221;][vc_column css=&#8221;.vc_custom_1516094926734{padding-right: 0px !important;padding-left: 0px !important;}&#8221;][vc_row_inner css=&#8221;.vc_custom_1511348683940{padding-top: 100px !important;padding-bottom: 100px !important;}&#8221;][vc_column_inner width=&#8221;1\/2&#8243; offset=&#8221;vc_col-lg-6 vc_col-md-12&#8243;][vc_custom_heading text=&#8221;Erhalten Sie eine Brosch\u00fcre.&#8221; font_container=&#8221;tag:h3|text_align:left|line_height:50px&#8221; use_theme_fonts=&#8221;yes&#8221; css_animation=&#8221;fadeIn&#8221; css=&#8221;.vc_custom_1583418356771{margin-bottom: 0px !important;}&#8221;][\/vc_column_inner][vc_column_inner width=&#8221;1\/2&#8243; offset=&#8221;vc_col-lg-6 vc_col-md-12&#8243;]<div class=\"kd-contact-form inline-cf white-input-bg\" >\n<div class=\"wpcf7 no-js\" id=\"wpcf7-f4151-o1\" lang=\"en-US\" dir=\"ltr\" data-wpcf7-id=\"4151\">\n<div class=\"screen-reader-response\"><p role=\"status\" aria-live=\"polite\" aria-atomic=\"true\"><\/p> <ul><\/ul><\/div>\n<form action=\"\/de\/wp-json\/wp\/v2\/pages\/29#wpcf7-f4151-o1\" method=\"post\" class=\"wpcf7-form init\" aria-label=\"Contact form\" novalidate=\"novalidate\" data-status=\"init\">\n<fieldset class=\"hidden-fields-container\"><input type=\"hidden\" name=\"_wpcf7\" value=\"4151\" \/><input type=\"hidden\" name=\"_wpcf7_version\" value=\"6.1.5\" \/><input type=\"hidden\" name=\"_wpcf7_locale\" value=\"en_US\" \/><input type=\"hidden\" name=\"_wpcf7_unit_tag\" value=\"wpcf7-f4151-o1\" \/><input type=\"hidden\" name=\"_wpcf7_container_post\" value=\"0\" \/><input type=\"hidden\" name=\"_wpcf7_posted_data_hash\" value=\"\" \/><input type=\"hidden\" name=\"_wpcf7_recaptcha_response\" value=\"\" \/>\n<\/fieldset>\n<input class=\"wpcf7-form-control wpcf7-hidden\" value=\"Betrieb\" type=\"hidden\" name=\"bedrijf\" \/>\n<input class=\"wpcf7-form-control wpcf7-hidden\" value=\"Damen und Herren\" type=\"hidden\" name=\"voornaam\" \/>\n<input class=\"wpcf7-form-control wpcf7-hidden\" value=\"Damen und Herren\" type=\"hidden\" name=\"achternaam\" \/>\n<input class=\"wpcf7-form-control wpcf7-hidden\" value=\"DEUTSCH\" type=\"hidden\" name=\"taal\" \/>\n<p><span class=\"wpcf7-form-control-wrap\" data-name=\"email-subscribe\"><input size=\"40\" maxlength=\"400\" class=\"wpcf7-form-control wpcf7-email wpcf7-validates-as-required wpcf7-text wpcf7-validates-as-email\" aria-required=\"true\" aria-invalid=\"false\" placeholder=\"Geben Sie Ihre E-Mail-Adresse ein\" value=\"\" type=\"email\" name=\"email-subscribe\" \/><\/span><br \/>\n<input class=\"wpcf7-form-control wpcf7-submit has-spinner\" type=\"submit\" value=\"Brosch\u00fcre erhalten\" \/>\n<\/p><input type='hidden' class='wpcf7-pum' value='{\"closepopup\":false,\"closedelay\":0,\"openpopup\":false,\"openpopup_id\":0}' \/><div class=\"wpcf7-response-output\" aria-hidden=\"true\"><\/div>\n<\/form>\n<\/div>\n<\/div>[\/vc_column_inner][\/vc_row_inner][\/vc_column][\/vc_row]<\/p>\n<\/div>","protected":false},"excerpt":{"rendered":"<p>[vc_row][vc_column css=&#8221;.vc_custom_1582285842398{padding-top: 20px !important;}&#8221;][vc_row_inner][vc_column_inner width=&#8221;1\/6&#8243;][\/vc_column_inner][vc_column_inner width=&#8221;2\/3&#8243;][vc_column_text css=&#8221;.vc_custom_1745313983557{margin-top: -10px !important;}&#8221;] Der PINTRO Pick &amp; Coil ist die neueste Innovation in der [&hellip;]<\/p>\n","protected":false},"author":1,"featured_media":10325,"parent":0,"menu_order":0,"comment_status":"closed","ping_status":"closed","template":"","meta":{"inline_featured_image":false,"footnotes":""},"class_list":["post-29","page","type-page","status-publish","has-post-thumbnail","hentry"],"_links":{"self":[{"href":"https:\/\/www.pintro.be\/de\/wp-json\/wp\/v2\/pages\/29","targetHints":{"allow":["GET"]}}],"collection":[{"href":"https:\/\/www.pintro.be\/de\/wp-json\/wp\/v2\/pages"}],"about":[{"href":"https:\/\/www.pintro.be\/de\/wp-json\/wp\/v2\/types\/page"}],"author":[{"embeddable":true,"href":"https:\/\/www.pintro.be\/de\/wp-json\/wp\/v2\/users\/1"}],"replies":[{"embeddable":true,"href":"https:\/\/www.pintro.be\/de\/wp-json\/wp\/v2\/comments?post=29"}],"version-history":[{"count":42,"href":"https:\/\/www.pintro.be\/de\/wp-json\/wp\/v2\/pages\/29\/revisions"}],"predecessor-version":[{"id":10885,"href":"https:\/\/www.pintro.be\/de\/wp-json\/wp\/v2\/pages\/29\/revisions\/10885"}],"wp:featuredmedia":[{"embeddable":true,"href":"https:\/\/www.pintro.be\/de\/wp-json\/wp\/v2\/media\/10325"}],"wp:attachment":[{"href":"https:\/\/www.pintro.be\/de\/wp-json\/wp\/v2\/media?parent=29"}],"curies":[{"name":"wp","href":"https:\/\/api.w.org\/{rel}","templated":true}]}}